{"id":8785,"date":"2019-01-31T12:11:51","date_gmt":"2019-01-31T10:11:51","guid":{"rendered":"http:\/\/www.medskvz.org\/web\/?page_id=8785"},"modified":"2026-03-21T13:25:31","modified_gmt":"2026-03-21T11:25:31","slug":"aktivnosti-skole","status":"publish","type":"page","link":"https:\/\/www.medskvz.org\/web\/aktivnosti-skole\/","title":{"rendered":"Aktivnosti RCK"},"content":{"rendered":"<p><img loading=\"lazy\" class=\" wp-image-17282 aligncenter colorbox-8785\" src=\"https:\/\/www.medskvz.org\/web\/wp-content\/uploads\/2025\/05\/RCK-300x144.jpg\" alt=\"\" width=\"825\" height=\"396\" srcset=\"https:\/\/www.medskvz.org\/web\/wp-content\/uploads\/2025\/05\/RCK-300x144.jpg 300w, https:\/\/www.medskvz.org\/web\/wp-content\/uploads\/2025\/05\/RCK-768x370.jpg 768w, https:\/\/www.medskvz.org\/web\/wp-content\/uploads\/2025\/05\/RCK.jpg 997w\" sizes=\"(max-width: 825px) 100vw, 825px\" \/><\/p>\n<h3 style=\"text-align: center;\">***<\/h3>\n<h3><span style=\"color: #33cccc;\"><strong>KONGRES &#8220;MULTIDISCIPLINARNO ZBRINJAVANJE HITNIH STANJA&#8221;<\/strong><\/span><\/h3>\n<p><img loading=\"lazy\" class=\"aligncenter wp-image-18448 size-full colorbox-8785\" src=\"https:\/\/www.medskvz.org\/web\/wp-content\/uploads\/2026\/03\/unnamed.jpg\" alt=\"\" width=\"866\" height=\"647\" srcset=\"https:\/\/www.medskvz.org\/web\/wp-content\/uploads\/2026\/03\/unnamed.jpg 866w, https:\/\/www.medskvz.org\/web\/wp-content\/uploads\/2026\/03\/unnamed-300x224.jpg 300w, https:\/\/www.medskvz.org\/web\/wp-content\/uploads\/2026\/03\/unnamed-768x574.jpg 768w\" sizes=\"(max-width: 866px) 100vw, 866px\" \/><\/p>\n<p>Kongres predstavlja stru\u010dnu i znanstvenu platforma za razmjenu znanja, iskustava i<br \/>najnovijih spoznaja iz podru\u010dja hitne medicine, s posebnim naglaskom na<br \/>multidisciplinarni pristup u zbrinjavanju hitnih stanja. U vremenu brzog razvoja<br \/>medicinskih tehnologija i suvremenih terapijskih postupaka, suradnja razli\u010ditih<br \/>specijalnosti postaje klju\u010dna za pravodobnu i u\u010dinkovitu skrb o pacijentima.<br \/>Teme kongresa:<\/p>\n<ul>\n<li>Prepoznavanje i zbrinjavanje hitnih stanja<br \/>u razli\u010ditim medicinskim specijalnostima<\/li>\n<li>Sestrinska skrb u hitnim situacijama<br \/>Multidisciplinarna suradnja i komunikacija<br \/>u hitnim stanjima<\/li>\n<li>Primjeri dobre prakse i inovacije u<br \/>zbrinjavanju hitnih stanja<\/li>\n<li>Slobodne teme povezane s hitnim<br \/>stanjima.<\/li>\n<\/ul>\n<p>Cilj kongresa je potaknuti interdisciplinarni dijalog izme\u0111u lije\u010dnika, medicinskih<br \/>sestara i tehni\u010dara, prvostupnika sestrinstva, zdravstvenih djelatnika hitnih slu\u017ebi te<br \/>svih ostalih stru\u010dnjaka uklju\u010denih u sustav hitne medicinske skrbi.<\/p>\n<h3 style=\"text-align: center;\">***<\/h3>\n<h3>\u00a0<\/h3>\n<h3><span style=\"color: #33cccc;\"><strong>CENTAR ZA MENTALNO ZDRAVLJE DJECE I MLADE\u017dI VARA\u017dDINSKE \u017dUPANIJE<\/strong><\/span><\/h3>\n<h3><img class=\"aligncenter colorbox-8785\" src=\"https:\/\/www.varazdinska-zupanija.hr\/media\/k2\/items\/cache\/34291c6bdf650fb782edbdca8ac54bea_XL.jpg\" alt=\"Otvoren Centar za mentalno zdravlje djece i mladih pri Medicinskoj \u0161koli Vara\u017edin\" \/><\/h3>\n<p>Svako dijete i mlada osoba, bez obzira gdje \u017eivi, ima pravo na pravovremenu podr\u0161ku, za\u0161titu i skrb o mentalnom zdravlju, a odgovornost odraslih je dati im tu podr\u0161ku, razumijevanje i sigurnost. Upravo iz tog razloga pri Medicinskoj \u0161koli Vara\u017edin otvoren je Centar za mentalno zdravlje djece i mladih Vara\u017edinske \u017eupanije, kao prvi takve vrste u jednoj obrazovnoj ustanovi u Hrvatskoj.<\/p>\n<p>Koncept ovog Centra zami\u0161ljen je na na\u010din da u osnovnim i srednjim \u0161kolama, kao i pred\u0161kolskim ustanovama u Vara\u017edinskoj \u017eupaniji pa i \u0161ire, kada se prepozna potreba i kada se vidi da dijete ne funkcionira na na\u010din na koje je funkcioniralo prije, da se uputi u Centar, pa da mi stru\u010dnjaci vidimo koji dio mo\u017eemo odraditi, a ono \u0161to ne\u0107emo mo\u0107i, slat \u0107emo u na\u0161e suradni\u010dke ustanove.<\/p>\n<p style=\"text-align: center;\">***<\/p>\n<h3>\u00a0<\/h3>\n<h3><span style=\"color: #33cccc;\"><strong>DEMO \u0160KOLSKA LJEKARNA\u00a0 &#8220;RECEPT ZNANJA&#8221;<\/strong><\/span><\/h3>\n<p style=\"text-align: center;\">***<\/p>\n<p><img loading=\"lazy\" class=\" wp-image-17379 aligncenter colorbox-8785\" src=\"https:\/\/www.medskvz.org\/web\/wp-content\/uploads\/2025\/05\/ljekarna-300x279.jpg\" alt=\"\" width=\"966\" height=\"898\" srcset=\"https:\/\/www.medskvz.org\/web\/wp-content\/uploads\/2025\/05\/ljekarna-300x279.jpg 300w, https:\/\/www.medskvz.org\/web\/wp-content\/uploads\/2025\/05\/ljekarna-768x714.jpg 768w, https:\/\/www.medskvz.org\/web\/wp-content\/uploads\/2025\/05\/ljekarna.jpg 772w\" sizes=\"(max-width: 966px) 100vw, 966px\" \/><\/p>\n<p><img loading=\"lazy\" class=\"size-medium wp-image-17297 aligncenter colorbox-8785\" src=\"https:\/\/www.medskvz.org\/web\/wp-content\/uploads\/2025\/05\/DEMO27-300x129.jpg\" alt=\"\" width=\"300\" height=\"129\" srcset=\"https:\/\/www.medskvz.org\/web\/wp-content\/uploads\/2025\/05\/DEMO27-300x129.jpg 300w, https:\/\/www.medskvz.org\/web\/wp-content\/uploads\/2025\/05\/DEMO27.jpg 578w\" sizes=\"(max-width: 300px) 100vw, 300px\" \/><\/p>\n<p><strong>\u201eRecept znanja\u201c \u2013 vi\u0161e od u\u010dionice i laboratorija<\/strong><\/p>\n<p>Demo \u0161kolska ljekarna \u201eRecept znanja\u201c zami\u0161ljena je kao edukacijsko-simulacijski prostor koji vjerno reproducira uvjete rada u pravoj ljekarni. Opremljena je profesionalnom recepturom za izdavanje lijekova, informati\u010dkim sustavima, policama s edukativnim farmaceutskim preparatima, prostorom za savjetovanje pacijenata te prostorom za izradu magistralnih pripravaka.<\/p>\n<p>U\u010denici, pod mentorstvom nastavnika i uz stru\u010dne smjernice farmaceuta, mo\u0107i \u0107e u ovom prostoru u\u010diti kako komunicirati s pacijentima, izdavati OTC lijekove, unositi lijekove, voditi dokumentaciju, izra\u0111ivati pripravke i prakticirati eti\u010dki kodeks zdravstvenih djelatnika.<\/p>\n<p>Nastava u demo ljekarni omogu\u0107ava u\u010denicima stjecanje samopouzdanja, odgovornosti i radnih navika koje ih pripremaju za izravan izlazak na tr\u017ei\u0161te rada.<\/p>\n<p style=\"text-align: center;\">***<\/p>\n<h3><span style=\"color: #33cccc;\"><strong>U\u010cENI\u010cKA ZADRUGA\u00a0 &#8220;RECEPT ZNANJA&#8221;<\/strong><\/span><\/h3>\n<p><img loading=\"lazy\" class=\" wp-image-17298 aligncenter colorbox-8785\" src=\"https:\/\/www.medskvz.org\/web\/wp-content\/uploads\/2025\/05\/zaRDRUGA-300x184.jpg\" alt=\"\" width=\"532\" height=\"326\" srcset=\"https:\/\/www.medskvz.org\/web\/wp-content\/uploads\/2025\/05\/zaRDRUGA-300x184.jpg 300w, https:\/\/www.medskvz.org\/web\/wp-content\/uploads\/2025\/05\/zaRDRUGA.jpg 686w\" sizes=\"(max-width: 532px) 100vw, 532px\" \/><\/p>\n<p>U\u010deni\u010dka zadruga <em>Recept znanja<\/em> osnovana je s ciljem poticanja poduzetni\u0161tva, kreativnosti i timskog rada me\u0111u u\u010denicima Medicinske \u0161kole Vara\u017edin. Program rada za\u00a0 \u0161kolsku godinu obuhva\u0107a aktivnosti usmjerene na razvoj prakti\u010dnih znanja i vje\u0161tina iz podru\u010dja medicine, zdravlja, ekologije i dru\u0161tvenog poduzetni\u0161tva.<\/p>\n<p><strong>Ciljevi zadruge<\/strong><\/p>\n<ul>\n<li>Poticanje poduzetni\u010dkog duha kod u\u010denika<\/li>\n<li>Razvijanje prakti\u010dnih znanja i vje\u0161tina u skladu s medicinskim obrazovanjem<\/li>\n<li>Promicanje zdravih stilova \u017eivota i ekolo\u0161ke osvije\u0161tenosti<\/li>\n<li>Razvijanje timskog rada i odgovornosti kroz zadrugarske aktivnosti<\/li>\n<li>Osiguravanje sredstava za unapre\u0111enje rada zadruge i podr\u0161ku humanitarnim projektima.<\/li>\n<\/ul>\n<p style=\"text-align: center;\">***<\/p>\n\n\n<div style=\"height:100px\" aria-hidden=\"true\" class=\"wp-block-spacer\"><\/div>\n\n\n\n<div style=\"height:100px\" aria-hidden=\"true\" class=\"wp-block-spacer\"><\/div>\n","protected":false},"excerpt":{"rendered":"<div class=\"slide-text-bg2\"><span>*** KONGRES &#8220;MULTIDISCIPLINARNO ZBRINJAVANJE HITNIH STANJA&#8221; Kongres predstavlja stru\u010dnu i znanstvenu platforma za razmjenu znanja, iskustava i<\/span><\/div>\n<div class=\"slide-btn-area-sm\"><a href=\"https:\/\/www.medskvz.org\/web\/aktivnosti-skole\/\" class=\"slide-btn-sm\">Pro\u010ditaj vi\u0161e<\/a><\/div>\n","protected":false},"author":11,"featured_media":0,"parent":0,"menu_order":0,"comment_status":"closed","ping_status":"closed","template":"","meta":[],"_links":{"self":[{"href":"https:\/\/www.medskvz.org\/web\/wp-json\/wp\/v2\/pages\/8785"}],"collection":[{"href":"https:\/\/www.medskvz.org\/web\/wp-json\/wp\/v2\/pages"}],"about":[{"href":"https:\/\/www.medskvz.org\/web\/wp-json\/wp\/v2\/types\/page"}],"author":[{"embeddable":true,"href":"https:\/\/www.medskvz.org\/web\/wp-json\/wp\/v2\/users\/11"}],"replies":[{"embeddable":true,"href":"https:\/\/www.medskvz.org\/web\/wp-json\/wp\/v2\/comments?post=8785"}],"version-history":[{"count":10,"href":"https:\/\/www.medskvz.org\/web\/wp-json\/wp\/v2\/pages\/8785\/revisions"}],"predecessor-version":[{"id":18449,"href":"https:\/\/www.medskvz.org\/web\/wp-json\/wp\/v2\/pages\/8785\/revisions\/18449"}],"wp:attachment":[{"href":"https:\/\/www.medskvz.org\/web\/wp-json\/wp\/v2\/media?parent=8785"}],"curies":[{"name":"wp","href":"https:\/\/api.w.org\/{rel}","templated":true}]}}