{"id":7436,"date":"2017-11-23T12:12:08","date_gmt":"2017-11-23T10:12:08","guid":{"rendered":"http:\/\/www.medskvz.org\/web\/?page_id=7436"},"modified":"2018-03-28T08:40:44","modified_gmt":"2018-03-28T06:40:44","slug":"schola-medica-2017","status":"publish","type":"page","link":"https:\/\/www.medskvz.org\/web\/schola-medica-2017\/","title":{"rendered":"Schola medica 2018"},"content":{"rendered":"<p>Na ovoj stranici mo\u017eete na\u0107i informacije o natjecanju <strong>Schola medica 2018 <\/strong>koje se na dr\u017eavnoj razini odr\u017eava u Medicinskoj \u0161koli u Vara\u017edinu od 21.\u00a0o\u017eujka do 23. o\u017eujka\u00a02018.<\/p>\n<p><a href=\"http:\/\/www.medskvz.org\/web\/2018\/03\/zavrseno-natjecanje-schola-medica-2018\/\">Izvje\u0161\u0107e o natjecanju<\/a><\/p>\n<p><strong>REZULTATI NATJECANJA<br \/>\n<\/strong><a href=\"http:\/\/www.medskvz.org\/web\/wp-content\/uploads\/2017\/11\/Zdravstveno-laboratorijski-tehni\u010dari-rezultati-natjecanja.pdf\">Zdravstveno-laboratorijski tehni\u010dari\/ke<\/a><br \/>\n<a href=\"http:\/\/www.medskvz.org\/web\/wp-content\/uploads\/2017\/11\/Fizioterapeutski-tehni\u010dari-rezultati-natjecanja.pdf\">Fizioterapeutski tehni\u010dari\/ke<\/a><\/p>\n<p>&nbsp;<\/p>\n<p><a href=\"http:\/\/www.medskvz.org\/web\/wp-content\/uploads\/2017\/11\/Schola_Medica_2018_Hodogram-natjecanja.pdf\">Hodogram natjecanja<\/a><\/p>\n<p><a href=\"http:\/\/www.medskvz.org\/web\/wp-content\/uploads\/2017\/11\/Schola_Medica_2018_Protokol_natjecanja.pdf\">Protokol natjecanja<br \/>\n<\/a><a href=\"http:\/\/www.medskvz.org\/web\/wp-content\/uploads\/2017\/11\/Schola_Medica_2018_Eticki_kodeks_natjecanja.pdf\">Eti\u010dki kodeks<\/a><\/p>\n<p><strong>Katalozi natjecanja<\/strong><br \/>\n<a href=\"http:\/\/www.medskvz.org\/web\/wp-content\/uploads\/2017\/11\/Schola_Medica_2018_Katalog_natjecanja_ZLT.pdf\">Zdravstveno-laboratorijski tehni\u010dari\/ke<\/a><br \/>\n<a href=\"http:\/\/www.medskvz.org\/web\/wp-content\/uploads\/2017\/11\/Schola_Medica_2018_Katalog_natjecanja_FT.pdf\">Fizioterapeutski tehni\u010dari\/ke<\/a><\/p>\n<p><strong>Prve upute za natjecanje<br \/>\n<\/strong><a href=\"http:\/\/www.medskvz.org\/web\/wp-content\/uploads\/2017\/11\/Schola_medica_2018_Prva_uputa_za_natjecanje_ZLT.pdf\">Zdravstveno-laboratorijski tehni\u010dari\/ke<\/a><br \/>\n<a href=\"http:\/\/www.medskvz.org\/web\/wp-content\/uploads\/2017\/11\/Schola_medica_2018_Prva_uputa_za_natjecanje_FT.pdf\">Fizioterapeutski tehni\u010dari\/ke<\/a><\/p>\n<p><strong>Rezultati \u0161kolskih natjecanja<\/strong><strong><br \/>\n<\/strong><a href=\"http:\/\/www.medskvz.org\/web\/wp-content\/uploads\/2017\/11\/Schola_Medica_2018_Rezultati_SN_ZLT.pdf\">Zdravstveno-laboratorijski tehni\u010dari\/ke<\/a><br \/>\n<a href=\"http:\/\/www.medskvz.org\/web\/wp-content\/uploads\/2017\/11\/Schola_Medica_2018_Rezultati_SN_FT.pdf\">Fizioterapeutski tehni\u010dari\/ke<\/a><\/p>\n<p><strong>Popis natjecatelja na dr\u017eavnoj razini<br \/>\n<\/strong><a href=\"http:\/\/www.medskvz.org\/web\/wp-content\/uploads\/2017\/11\/Schola_Medica_2018_Popis_sudionika_DN_ZLT.pdf\">Zdravstveno-laboratorijski tehni\u010dari\/ke<\/a><br \/>\n<a href=\"http:\/\/www.medskvz.org\/web\/wp-content\/uploads\/2017\/11\/Schola_Medica_2018_Popis_sudionika_DN_FT.pdf\">Fizioterapeutski tehni\u010dari\/ke<\/a><\/p>\n","protected":false},"excerpt":{"rendered":"<div class=\"slide-text-bg2\"><span>Na ovoj stranici mo\u017eete na\u0107i informacije o natjecanju Schola medica 2018 koje se na dr\u017eavnoj razini odr\u017eava u Medicinskoj \u0161koli u Vara\u017edinu od 21.\u00a0o<\/span><\/div>\n<div class=\"slide-btn-area-sm\"><a href=\"https:\/\/www.medskvz.org\/web\/schola-medica-2017\/\" class=\"slide-btn-sm\">Pro\u010ditaj vi\u0161e<\/a><\/div>\n","protected":false},"author":12,"featured_media":0,"parent":0,"menu_order":0,"comment_status":"closed","ping_status":"closed","template":"","meta":[],"_links":{"self":[{"href":"https:\/\/www.medskvz.org\/web\/wp-json\/wp\/v2\/pages\/7436"}],"collection":[{"href":"https:\/\/www.medskvz.org\/web\/wp-json\/wp\/v2\/pages"}],"about":[{"href":"https:\/\/www.medskvz.org\/web\/wp-json\/wp\/v2\/types\/page"}],"author":[{"embeddable":true,"href":"https:\/\/www.medskvz.org\/web\/wp-json\/wp\/v2\/users\/12"}],"replies":[{"embeddable":true,"href":"https:\/\/www.medskvz.org\/web\/wp-json\/wp\/v2\/comments?post=7436"}],"version-history":[{"count":12,"href":"https:\/\/www.medskvz.org\/web\/wp-json\/wp\/v2\/pages\/7436\/revisions"}],"predecessor-version":[{"id":7758,"href":"https:\/\/www.medskvz.org\/web\/wp-json\/wp\/v2\/pages\/7436\/revisions\/7758"}],"wp:attachment":[{"href":"https:\/\/www.medskvz.org\/web\/wp-json\/wp\/v2\/media?parent=7436"}],"curies":[{"name":"wp","href":"https:\/\/api.w.org\/{rel}","templated":true}]}}