{"id":6250,"date":"2016-07-04T13:18:42","date_gmt":"2016-07-04T11:18:42","guid":{"rendered":"http:\/\/www.medskvz.org\/web\/?page_id=6250"},"modified":"2025-07-12T14:31:20","modified_gmt":"2025-07-12T12:31:20","slug":"popis-udzbenika","status":"publish","type":"page","link":"https:\/\/www.medskvz.org\/web\/popis-udzbenika\/","title":{"rendered":"Popis ud\u017ebenika 2025.\/2026."},"content":{"rendered":"<p>Po\u0161tovani roditelji, drage u\u010denice i u\u010denici,<\/p>\n<p>popis ud\u017ebenika za 2025.\/2026. godinu mo\u017eete preuzeti s dokumenta s poveznice:<\/p>\n<h3><span style=\"color: #ff0000;\"><a style=\"color: #ff0000;\" href=\"https:\/\/www.medskvz.org\/web\/wp-content\/uploads\/2025\/07\/Popis-udzbenika-Medicinske-skole-Varazdin-za-sk.-god.-2025.-2026-1.pdf\">Popis-ud\u017ebenika-Medicinske-\u0161kole-Vara\u017edin-za-\u0161k.-god.-2025.-2026<\/a><\/span><\/h3>\n<h3><\/h3>\n","protected":false},"excerpt":{"rendered":"<div class=\"slide-text-bg2\"><span>Po\u0161tovani roditelji, drage u\u010denice i u\u010denici, popis ud\u017ebenika za 2025.\/2026. godinu mo\u017eete preuzeti s dokumenta s poveznice: Popis-ud\u017ebenika-Medicins<\/span><\/div>\n<div class=\"slide-btn-area-sm\"><a href=\"https:\/\/www.medskvz.org\/web\/popis-udzbenika\/\" class=\"slide-btn-sm\">Pro\u010ditaj vi\u0161e<\/a><\/div>\n","protected":false},"author":12,"featured_media":0,"parent":0,"menu_order":0,"comment_status":"closed","ping_status":"open","template":"","meta":[],"_links":{"self":[{"href":"https:\/\/www.medskvz.org\/web\/wp-json\/wp\/v2\/pages\/6250"}],"collection":[{"href":"https:\/\/www.medskvz.org\/web\/wp-json\/wp\/v2\/pages"}],"about":[{"href":"https:\/\/www.medskvz.org\/web\/wp-json\/wp\/v2\/types\/page"}],"author":[{"embeddable":true,"href":"https:\/\/www.medskvz.org\/web\/wp-json\/wp\/v2\/users\/12"}],"replies":[{"embeddable":true,"href":"https:\/\/www.medskvz.org\/web\/wp-json\/wp\/v2\/comments?post=6250"}],"version-history":[{"count":18,"href":"https:\/\/www.medskvz.org\/web\/wp-json\/wp\/v2\/pages\/6250\/revisions"}],"predecessor-version":[{"id":17645,"href":"https:\/\/www.medskvz.org\/web\/wp-json\/wp\/v2\/pages\/6250\/revisions\/17645"}],"wp:attachment":[{"href":"https:\/\/www.medskvz.org\/web\/wp-json\/wp\/v2\/media?parent=6250"}],"curies":[{"name":"wp","href":"https:\/\/api.w.org\/{rel}","templated":true}]}}