{"id":617,"date":"2011-09-07T13:25:39","date_gmt":"2011-09-07T11:25:39","guid":{"rendered":"http:\/\/www.medskvz.org\/web\/?page_id=617"},"modified":"2012-05-14T16:12:20","modified_gmt":"2012-05-14T14:12:20","slug":"informatika","status":"publish","type":"page","link":"https:\/\/www.medskvz.org\/web\/informatika\/","title":{"rendered":"Informatika"},"content":{"rendered":"<p><span style=\"font-family: comic sans ms,cursive;\">Dobrodo&scaron;li na stranice posve\u0107ene predmetu informatika.<\/span><\/p>\n<p><span style=\"font-family: comic sans ms,cursive;\">Ovdje mo\u017eete prona\u0107i nastavne materijale, prezentacije, doma\u0107e zada\u0107e i jo&scaron; mnogo toga &scaron;to vam mo\u017ee pomo\u0107i u nastavi informatike.<\/span><\/p>\n<p>&nbsp;<\/p>\n<p><a href=\"http:\/\/www.medskvz.org\/web\/wp-content\/uploads\/2012\/05\/2-grupa-ppt-1.doc\"><span style=\"font-size:14px;\"><span style=\"background-color:#00ff00;\">2a &#8211; ocjene iz prezenatcija<\/span><\/span><\/a><\/p>\n<p>&nbsp;<\/p>\n<p>&nbsp;<\/p>\n<p><span style=\"background-color:#ee82ee;\">1b<\/span><\/p>\n<p><a href=\"http:\/\/www.medskvz.org\/web\/wp-content\/uploads\/2012\/04\/Pretrazivanje-interneta-A.docx\">Pretra\u017eivanje interneta A<\/a><\/p>\n<p><a href=\"http:\/\/www.medskvz.org\/web\/wp-content\/uploads\/2012\/04\/Pretrazivanje-interneta-B.docx\">Pretra\u017eivanje interneta B<\/a><\/p>\n<p>&nbsp;<\/p>\n<p><span style=\"background-color: #00ff00;\">2a<\/span><\/p>\n<p><span style=\"font-size: 14px;\"><span style=\"background-color: #ffff00;\">Kao pripremu za sat svaki u\u010denik treba imati otvoren ra\u010dun na ovim alatima:<\/span><\/span><\/p>\n<h3 class=\"r\"><span style=\"font-size: 11px;\"><a class=\"l\" href=\"http:\/\/www.glogster.com\/\" onmousedown=\"return rwt(this,&#039;&#039;,&#039;&#039;,&#039;&#039;,&#039;1&#039;,&#039;AFQjCNE5RBBom2-gAsXl1iBY70Lc3MmAHg&#039;,&#039;&#039;,&#039;0CCUQFjAA&#039;)\" target=\"_blank\" rel=\"noopener\"><em><em>Glogster<\/em><\/em><\/a><\/span><\/h3>\n<h3 class=\"r\"><span style=\"font-size: 11px;\"><a class=\"l\" href=\"http:\/\/www.mindomo.com\/\" onmousedown=\"return rwt(this,&#039;&#039;,&#039;&#039;,&#039;&#039;,&#039;1&#039;,&#039;AFQjCNGY-zcoYhaXaObt-ytoc4wAnvIGTg&#039;,&#039;&#039;,&#039;0CBwQFjAA&#039;)\" target=\"_blank\" rel=\"noopener\"><em><em>Mindomo<\/em><\/em><\/a><\/span><\/h3>\n<h3 class=\"r\"><span style=\"font-size: 11px;\"><a class=\"l\" href=\"http:\/\/www.speakingimage.com\/\" onmousedown=\"return rwt(this,&#039;&#039;,&#039;&#039;,&#039;&#039;,&#039;8&#039;,&#039;AFQjCNH5HN2aQ4AxgEj4QaCbQ39OS778MA&#039;,&#039;&#039;,&#039;0CEcQFjAH&#039;)\" target=\"_blank\" rel=\"noopener\"><em><em>Speaking Image<\/em><\/em><\/a><\/span><\/h3>\n<h3 class=\"r\"><span style=\"font-size: 11px;\"><a class=\"l\" href=\"http:\/\/prezi.com\/\" onmousedown=\"return rwt(this,&#039;&#039;,&#039;&#039;,&#039;&#039;,&#039;1&#039;,&#039;AFQjCNHj_FK6hS4h5IRp8XtBnqzjrK9iIQ&#039;,&#039;&#039;,&#039;0CCUQFjAA&#039;)\" target=\"_blank\" rel=\"noopener\"><em>Prezi<\/em><\/a><\/span><\/h3>\n<h3 class=\"r\"><span style=\"font-size: 11px;\"><em><a class=\"l\" href=\"http:\/\/linoit.com\/\" onmousedown=\"return rwt(this,&#039;&#039;,&#039;&#039;,&#039;&#039;,&#039;1&#039;,&#039;AFQjCNG6S6AO3jQS7krOovohlevrx9MVeA&#039;,&#039;&#039;,&#039;0CBwQFjAA&#039;)\" target=\"_blank\" rel=\"noopener\">Lino<\/a><\/em><\/span><\/h3>\n<h3 class=\"r\"><span style=\"font-size: 11px;\"><a class=\"l\" href=\"http:\/\/www.speakingimage.org\/\" onmousedown=\"return rwt(this,&#039;&#039;,&#039;&#039;,&#039;&#039;,&#039;1&#039;,&#039;AFQjCNFHK-VeywCsew9DS5_rKH2EMusZvQ&#039;,&#039;&#039;,&#039;0CBkQFjAA&#039;)\" target=\"_blank\" rel=\"noopener\"><em><em>SpeakingImage<\/em><\/em><\/a><\/span><\/h3>\n<h3 class=\"r\"><span style=\"font-size: 11px;\"><a class=\"l\" href=\"http:\/\/www.keepsy.com\/\" onmousedown=\"return rwt(this,&#039;&#039;,&#039;&#039;,&#039;&#039;,&#039;1&#039;,&#039;AFQjCNGkiU7gXF8AwEdgOSnHglfJQNbCWA&#039;,&#039;&#039;,&#039;0CCIQFjAA&#039;)\" target=\"_blank\" rel=\"noopener\"><em><em>Keepsy<\/em><\/em><\/a><\/span><\/h3>\n<h3 class=\"r\"><span style=\"font-size: 11px;\"><a class=\"l\" href=\"http:\/\/www.blogger.com\/\" onmousedown=\"return rwt(this,&#039;&#039;,&#039;&#039;,&#039;&#039;,&#039;1&#039;,&#039;AFQjCNGb2S_ihucIn-YF2o0ZlC3KCh92Aw&#039;,&#039;&#039;,&#039;0CCIQFjAA&#039;)\" target=\"_blank\" rel=\"noopener\"><em><em>Blogger<\/em><\/em><\/a><\/span><\/h3>\n<p><a href=\"http:\/\/www.medskvz.org\/web\/wp-content\/uploads\/2011\/09\/Ispit-mre\u017ee.pdf\">Ispit mre\u017ee &#8211; raspored po grupama<\/a><\/p>\n<p>&nbsp;<\/p>\n<p>&nbsp;<\/p>\n<p>&nbsp;<\/p>\n","protected":false},"excerpt":{"rendered":"<div class=\"slide-text-bg2\"><span>Dobrodo&scaron;li na stranice posve\u0107ene predmetu informatika. Ovdje mo\u017eete prona\u0107i nastavne materijale, prezentacije, doma\u0107e zada\u0107e i jo&scaron; mnogo<\/span><\/div>\n<div class=\"slide-btn-area-sm\"><a href=\"https:\/\/www.medskvz.org\/web\/informatika\/\" class=\"slide-btn-sm\">Pro\u010ditaj vi\u0161e<\/a><\/div>\n","protected":false},"author":12,"featured_media":0,"parent":0,"menu_order":0,"comment_status":"closed","ping_status":"closed","template":"","meta":[],"_links":{"self":[{"href":"https:\/\/www.medskvz.org\/web\/wp-json\/wp\/v2\/pages\/617"}],"collection":[{"href":"https:\/\/www.medskvz.org\/web\/wp-json\/wp\/v2\/pages"}],"about":[{"href":"https:\/\/www.medskvz.org\/web\/wp-json\/wp\/v2\/types\/page"}],"author":[{"embeddable":true,"href":"https:\/\/www.medskvz.org\/web\/wp-json\/wp\/v2\/users\/12"}],"replies":[{"embeddable":true,"href":"https:\/\/www.medskvz.org\/web\/wp-json\/wp\/v2\/comments?post=617"}],"version-history":[{"count":35,"href":"https:\/\/www.medskvz.org\/web\/wp-json\/wp\/v2\/pages\/617\/revisions"}],"predecessor-version":[{"id":1971,"href":"https:\/\/www.medskvz.org\/web\/wp-json\/wp\/v2\/pages\/617\/revisions\/1971"}],"wp:attachment":[{"href":"https:\/\/www.medskvz.org\/web\/wp-json\/wp\/v2\/media?parent=617"}],"curies":[{"name":"wp","href":"https:\/\/api.w.org\/{rel}","templated":true}]}}