{"id":6008,"date":"2016-04-18T15:46:00","date_gmt":"2016-04-18T13:46:00","guid":{"rendered":"http:\/\/www.medskvz.org\/web\/?page_id=6008"},"modified":"2024-06-26T09:44:32","modified_gmt":"2024-06-26T07:44:32","slug":"kontakti","status":"publish","type":"page","link":"https:\/\/www.medskvz.org\/web\/kontakti\/","title":{"rendered":"Kontakti"},"content":{"rendered":"<p><strong><span style=\"color: #ff0000;\">Telefoni<\/span><\/strong><\/p>\n<table style=\"width: 67.439%; height: 269px;\" border=\"0\" cellspacing=\"1\" cellpadding=\"1\">\n<tbody>\n<tr style=\"height: 53px;\">\n<td style=\"width: 61.6852%; height: 53px;\">Centrala\/u\u010deni\u010dka referada (potvrde, duplikati svjedod\u017ebi)<\/td>\n<td style=\"width: 113.758%; height: 53px;\"><strong>042 492 000<\/strong><\/td>\n<\/tr>\n<tr style=\"height: 27px;\">\n<td style=\"width: 61.6852%; height: 27px;\">Tajni\u0161tvo<\/td>\n<td style=\"width: 113.758%; height: 27px;\"><strong>042 492 001<\/strong><\/td>\n<\/tr>\n<tr style=\"height: 27px;\">\n<td style=\"width: 61.6852%; height: 27px;\">Ravnateljica<\/td>\n<td style=\"width: 113.758%; height: 27px;\"><strong>042 492 002<\/strong><\/td>\n<\/tr>\n<tr style=\"height: 27px;\">\n<td style=\"width: 61.6852%; height: 27px;\">Ra\u010dunovodstvo<\/td>\n<td style=\"width: 113.758%; height: 27px;\"><strong>042 492 003<\/strong><\/td>\n<\/tr>\n<tr style=\"height: 27px;\">\n<td style=\"width: 61.6852%; height: 27px;\">Psihologinja<\/td>\n<td style=\"width: 113.758%; height: 27px;\"><strong>042 492 004<\/strong><\/td>\n<\/tr>\n<tr style=\"height: 27px;\">\n<td style=\"width: 61.6852%; height: 27px;\">Zbornica<\/td>\n<td style=\"width: 113.758%; height: 27px;\"><strong>042 492 006<\/strong><\/td>\n<\/tr>\n<tr style=\"height: 27px;\">\n<td style=\"width: 61.6852%; height: 27px;\">Pedagoginja<\/td>\n<td style=\"width: 113.758%; height: 27px;\"><strong>042 492 007<\/strong><\/td>\n<\/tr>\n<tr style=\"height: 27px;\">\n<td style=\"width: 61.6852%; height: 27px;\">Knji\u017enica<\/td>\n<td style=\"width: 113.758%; height: 27px;\"><strong>042 492 015<\/strong><\/td>\n<\/tr>\n<tr style=\"height: 27px;\">\n<td style=\"width: 61.6852%; height: 27px;\">Centar za mentalno zdravlje djece i mladih<\/td>\n<td style=\"width: 113.758%; height: 27px;\"><strong>099 259 3898<\/strong><\/td>\n<\/tr>\n<\/tbody>\n<\/table>\n<p><span style=\"color: #ff0000;\"><strong>Elektronske adrese<\/strong><\/span><\/p>\n<table style=\"width: 100%;\" border=\"0\" cellspacing=\"1\" cellpadding=\"1\">\n<tbody>\n<tr>\n<td style=\"width: 12.2619%;\">e-po\u0161ta<\/td>\n<td style=\"width: 87.1429%;\"><strong>ured@ss-medicinska-vz.skole.hr<\/strong><\/td>\n<\/tr>\n<tr>\n<td style=\"width: 12.2619%;\">web<\/td>\n<td style=\"width: 87.1429%;\"><strong>www.medskvz.org<\/strong><\/td>\n<\/tr>\n<\/tbody>\n<\/table>\n","protected":false},"excerpt":{"rendered":"<div class=\"slide-text-bg2\"><span>Telefoni Centrala\/u\u010deni\u010dka referada (potvrde, duplikati svjedod\u017ebi) 042 492 000 Tajni\u0161tvo 042 492 001 Ravnateljica 042 492 002 Ra\u010dunovodstvo 042 492 0<\/span><\/div>\n<div class=\"slide-btn-area-sm\"><a href=\"https:\/\/www.medskvz.org\/web\/kontakti\/\" class=\"slide-btn-sm\">Pro\u010ditaj vi\u0161e<\/a><\/div>\n","protected":false},"author":12,"featured_media":0,"parent":0,"menu_order":0,"comment_status":"closed","ping_status":"open","template":"","meta":[],"_links":{"self":[{"href":"https:\/\/www.medskvz.org\/web\/wp-json\/wp\/v2\/pages\/6008"}],"collection":[{"href":"https:\/\/www.medskvz.org\/web\/wp-json\/wp\/v2\/pages"}],"about":[{"href":"https:\/\/www.medskvz.org\/web\/wp-json\/wp\/v2\/types\/page"}],"author":[{"embeddable":true,"href":"https:\/\/www.medskvz.org\/web\/wp-json\/wp\/v2\/users\/12"}],"replies":[{"embeddable":true,"href":"https:\/\/www.medskvz.org\/web\/wp-json\/wp\/v2\/comments?post=6008"}],"version-history":[{"count":20,"href":"https:\/\/www.medskvz.org\/web\/wp-json\/wp\/v2\/pages\/6008\/revisions"}],"predecessor-version":[{"id":15823,"href":"https:\/\/www.medskvz.org\/web\/wp-json\/wp\/v2\/pages\/6008\/revisions\/15823"}],"wp:attachment":[{"href":"https:\/\/www.medskvz.org\/web\/wp-json\/wp\/v2\/media?parent=6008"}],"curies":[{"name":"wp","href":"https:\/\/api.w.org\/{rel}","templated":true}]}}