{"id":5911,"date":"2016-03-14T16:29:05","date_gmt":"2016-03-14T14:29:05","guid":{"rendered":"http:\/\/www.medskvz.org\/web\/?page_id=5911"},"modified":"2025-10-23T18:28:21","modified_gmt":"2025-10-23T16:28:21","slug":"zavrsni-radovi","status":"publish","type":"page","link":"https:\/\/www.medskvz.org\/web\/zavrsni-radovi\/","title":{"rendered":"Zavr\u0161ni radovi"},"content":{"rendered":"<h1 style=\"text-align: left;\"><span style=\"color: #000000;\"><b>ZAVR\u0160NI RADOVI 2025.\/2026.<\/b><\/span><\/h1>\n<h4><span style=\"background-color: #ff0000; color: #ffffff;\"><strong>TEME ZA IZRADU ZAVR\u0160NOG RADA\u00a0 \u00a0 \u00a0 \u00a0 \u00a0 \u00a0 \u00a0 \u00a0 \u00a0 \u00a0 \u00a0 \u00a0 \u00a0 \u00a0 \u00a0 \u00a0 \u00a0 \u00a0 \u00a0 \u00a0 \u00a0 \u00a0 \u00a0 \u00a0 \u00a0 \u00a0 \u00a0 \u00a0 \u00a0 \u00a0 \u00a0 \u00a0 \u00a0 \u00a0 \u00a0 \u00a0 \u00a0 \u00a0 \u00a0 \u00a0 \u00a0 \u00a0 \u00a0<\/strong><\/span><\/h4>\n<p><strong><em>Smjer:<\/em> Fizioterapeutski tehni\u010dar-tehni\u010darka \u0161kolska godina 2025.\/2026.<\/strong><\/p>\n<p><img loading=\"lazy\" class=\"wp-image-15152 alignleft colorbox-5911\" src=\"https:\/\/www.medskvz.org\/web\/wp-content\/uploads\/2023\/08\/pngtree-pdf-download-vector-icon-png-image_6514761-300x300.png\" alt=\"\" width=\"58\" height=\"58\" srcset=\"https:\/\/www.medskvz.org\/web\/wp-content\/uploads\/2023\/08\/pngtree-pdf-download-vector-icon-png-image_6514761-300x300.png 300w, https:\/\/www.medskvz.org\/web\/wp-content\/uploads\/2023\/08\/pngtree-pdf-download-vector-icon-png-image_6514761-150x150.png 150w, https:\/\/www.medskvz.org\/web\/wp-content\/uploads\/2023\/08\/pngtree-pdf-download-vector-icon-png-image_6514761.png 360w\" sizes=\"(max-width: 58px) 100vw, 58px\" \/><\/p>\n<p><strong><a href=\"https:\/\/www.medskvz.org\/web\/wp-content\/uploads\/2025\/10\/TEME-ZA-ZAVRSNI-RAD-2025.2026.pdf\">TEME ZA ZAVR\u0160NI RAD 2025.2026<\/a><\/strong><\/p>\n<p style=\"text-align: center;\">***<\/p>\n<p><strong><em>Smjer:<\/em> Zdravstveno-laboratorijski tehni\u010dar-tehni\u010darka \u0161kolska godina 2025.\/2026.<\/strong><\/p>\n<p><img loading=\"lazy\" class=\"wp-image-15152 alignleft colorbox-5911\" src=\"https:\/\/www.medskvz.org\/web\/wp-content\/uploads\/2023\/08\/pngtree-pdf-download-vector-icon-png-image_6514761-300x300.png\" alt=\"\" width=\"58\" height=\"58\" srcset=\"https:\/\/www.medskvz.org\/web\/wp-content\/uploads\/2023\/08\/pngtree-pdf-download-vector-icon-png-image_6514761-300x300.png 300w, https:\/\/www.medskvz.org\/web\/wp-content\/uploads\/2023\/08\/pngtree-pdf-download-vector-icon-png-image_6514761-150x150.png 150w, https:\/\/www.medskvz.org\/web\/wp-content\/uploads\/2023\/08\/pngtree-pdf-download-vector-icon-png-image_6514761.png 360w\" sizes=\"(max-width: 58px) 100vw, 58px\" \/><\/p>\n<p><strong><a href=\"https:\/\/www.medskvz.org\/web\/wp-content\/uploads\/2025\/10\/Teme-zdravstveno-laboratorijski-tehnicar2025_2026_medicinska-biokemija_laboratorijska-hematologija_mikrobiologija.pdf\">Teme zdravstveno-laboratorijski tehni\u010dar,2025_2026_medicinska biokemija_laboratorijska hematologija_mikrobiologija<\/a><\/strong><\/p>\n<p style=\"text-align: center;\">***<\/p>\n<p><strong><em>Smjer:<\/em> Medicinska sestra op\u0107e njege\/ medicinski tehni\u010dar op\u0107e njege 2025.\/2026.<\/strong><\/p>\n<p><img loading=\"lazy\" class=\"wp-image-15152 alignleft colorbox-5911\" src=\"https:\/\/www.medskvz.org\/web\/wp-content\/uploads\/2023\/08\/pngtree-pdf-download-vector-icon-png-image_6514761-300x300.png\" alt=\"\" width=\"58\" height=\"58\" srcset=\"https:\/\/www.medskvz.org\/web\/wp-content\/uploads\/2023\/08\/pngtree-pdf-download-vector-icon-png-image_6514761-300x300.png 300w, https:\/\/www.medskvz.org\/web\/wp-content\/uploads\/2023\/08\/pngtree-pdf-download-vector-icon-png-image_6514761-150x150.png 150w, https:\/\/www.medskvz.org\/web\/wp-content\/uploads\/2023\/08\/pngtree-pdf-download-vector-icon-png-image_6514761.png 360w\" sizes=\"(max-width: 58px) 100vw, 58px\" \/><\/p>\n<p><strong><a href=\"https:\/\/www.medskvz.org\/web\/wp-content\/uploads\/2025\/10\/TEME-ZA-IZRADBU-I-OBRANU-ZAVRSNOG-RADA_2025_2026.pdf\">TEME ZA IZRADBU I OBRANU ZAVR\u0160NOG RADA_2025_2026<\/a><\/strong><\/p>\n<p style=\"text-align: center;\">***<\/p>\n<h4><span style=\"background-color: #ff0000; color: #ffffff;\"><strong>VREMENIK IZRADBE I OBRANE ZAVR\u0160NOG RADA\u00a0 \u00a0 \u00a0 \u00a0 \u00a0 \u00a0 \u00a0 \u00a0 \u00a0 \u00a0 \u00a0 \u00a0 \u00a0 \u00a0 \u00a0 \u00a0 \u00a0 \u00a0 \u00a0 \u00a0 \u00a0 \u00a0 \u00a0 \u00a0 \u00a0 \u00a0 \u00a0 \u00a0 \u00a0 \u00a0 \u00a0 \u00a0<\/strong><\/span><\/h4>\n<p><img loading=\"lazy\" class=\"wp-image-15152 alignleft colorbox-5911\" src=\"https:\/\/www.medskvz.org\/web\/wp-content\/uploads\/2023\/08\/pngtree-pdf-download-vector-icon-png-image_6514761-300x300.png\" alt=\"\" width=\"58\" height=\"58\" srcset=\"https:\/\/www.medskvz.org\/web\/wp-content\/uploads\/2023\/08\/pngtree-pdf-download-vector-icon-png-image_6514761-300x300.png 300w, https:\/\/www.medskvz.org\/web\/wp-content\/uploads\/2023\/08\/pngtree-pdf-download-vector-icon-png-image_6514761-150x150.png 150w, https:\/\/www.medskvz.org\/web\/wp-content\/uploads\/2023\/08\/pngtree-pdf-download-vector-icon-png-image_6514761.png 360w\" sizes=\"(max-width: 58px) 100vw, 58px\" \/><\/p>\n<p>\u00a0<\/p>\n<p style=\"text-align: center;\">***<\/p>\n<h4><span style=\"background-color: #ff0000; color: #ffffff;\"><strong>PREDLO\u0160CI I UPUTE\u00a0 \u00a0 \u00a0 \u00a0 \u00a0 \u00a0 \u00a0 \u00a0 \u00a0 \u00a0 \u00a0 \u00a0 \u00a0 \u00a0 \u00a0 \u00a0 \u00a0 \u00a0 \u00a0 \u00a0 \u00a0 \u00a0 \u00a0 \u00a0 \u00a0 \u00a0 \u00a0 \u00a0 \u00a0 \u00a0 \u00a0 \u00a0 \u00a0 \u00a0 \u00a0 \u00a0 \u00a0 \u00a0 \u00a0 \u00a0 \u00a0 \u00a0 \u00a0 \u00a0 \u00a0 \u00a0 \u00a0 \u00a0 \u00a0 \u00a0 \u00a0 \u00a0 \u00a0 \u00a0 \u00a0 \u00a0\u00a0<\/strong><\/span><\/h4>\n<p>Na poveznici ispod mo\u017eete preuzeti slu\u017ebeni Predlo\u017eak za pisanje zavr\u0161nih radova Medicinske \u0161kole Vara\u017edin.Predlo\u017eak je pripremljen u Word dokumentu koji po preuzimanju mo\u017eete odmah ure\u0111ivati.<\/p>\n<p><strong><a href=\"https:\/\/www.medskvz.org\/web\/wp-content\/uploads\/2025\/10\/Predlozak-za-pisanje-zavrsnog-rada-Medicinska-skola-Varazdin-1.docx\">Predlozak-za-pisanje-zavrsnog-rada-Medicinska-skola-Varazdin-2025\/2026<\/a><\/strong><\/p>\n<p>Upute i smjernice za izradbu zavr\u0161nog rada mo\u017eete preuzeti u dokumentu ispod.<\/p>\n<p><strong><a href=\"https:\/\/www.medskvz.org\/web\/wp-content\/uploads\/2025\/10\/Upute-za-izradbu-i-obranu-zavrsnog-rada_2025.-2026.pdf\">Upute-za-izradbu-i-obranu-zavrsnog-rada_2025.-2026<\/a><\/strong><\/p>\n<p style=\"text-align: center;\">\u00a0<\/p>\n\n","protected":false},"excerpt":{"rendered":"<div class=\"slide-text-bg2\"><span>ZAVR\u0160NI RADOVI 2025.\/2026. TEME ZA IZRADU ZAVR\u0160NOG RADA\u00a0 \u00a0 \u00a0 \u00a0 \u00a0 \u00a0 \u00a0 \u00a0 \u00a0 \u00a0 \u00a0 \u00a0 \u00a0 \u00a0 \u00a0 \u00a0 \u00a0 \u00a0 \u00a0 \u00a0 \u00a0 \u00a0 \u00a0 \u00a0 \u00a0 \u00a0 \u00a0 \u00a0 \u00a0 \u00a0 \u00a0 \u00a0 \u00a0<\/span><\/div>\n<div class=\"slide-btn-area-sm\"><a href=\"https:\/\/www.medskvz.org\/web\/zavrsni-radovi\/\" class=\"slide-btn-sm\">Pro\u010ditaj vi\u0161e<\/a><\/div>\n","protected":false},"author":12,"featured_media":0,"parent":0,"menu_order":0,"comment_status":"closed","ping_status":"open","template":"","meta":[],"_links":{"self":[{"href":"https:\/\/www.medskvz.org\/web\/wp-json\/wp\/v2\/pages\/5911"}],"collection":[{"href":"https:\/\/www.medskvz.org\/web\/wp-json\/wp\/v2\/pages"}],"about":[{"href":"https:\/\/www.medskvz.org\/web\/wp-json\/wp\/v2\/types\/page"}],"author":[{"embeddable":true,"href":"https:\/\/www.medskvz.org\/web\/wp-json\/wp\/v2\/users\/12"}],"replies":[{"embeddable":true,"href":"https:\/\/www.medskvz.org\/web\/wp-json\/wp\/v2\/comments?post=5911"}],"version-history":[{"count":110,"href":"https:\/\/www.medskvz.org\/web\/wp-json\/wp\/v2\/pages\/5911\/revisions"}],"predecessor-version":[{"id":17934,"href":"https:\/\/www.medskvz.org\/web\/wp-json\/wp\/v2\/pages\/5911\/revisions\/17934"}],"wp:attachment":[{"href":"https:\/\/www.medskvz.org\/web\/wp-json\/wp\/v2\/media?parent=5911"}],"curies":[{"name":"wp","href":"https:\/\/api.w.org\/{rel}","templated":true}]}}