{"id":400,"date":"2011-06-08T12:24:37","date_gmt":"2011-06-08T10:24:37","guid":{"rendered":"http:\/\/www.medskvz.org\/web\/?page_id=400"},"modified":"2025-11-05T18:21:38","modified_gmt":"2025-11-05T16:21:38","slug":"osnovni-podaci","status":"publish","type":"page","link":"https:\/\/www.medskvz.org\/web\/osnovni-podaci\/","title":{"rendered":"Osnovni podaci"},"content":{"rendered":"<p>\u00a0<\/p>\n<p style=\"text-align: left;\"><strong><span style=\"color: #008000;\"><span style=\"font-size: 16px;\"><span style=\"font-family: arial,helvetica,sans-serif;\">\u0160kolska knji\u017enica<\/span><\/span><\/span><\/strong><\/p>\n<div>\u00a0<\/div>\n<table style=\"width: 100%; height: 208px;\" border=\"0\" width=\"435\" cellspacing=\"0\" cellpadding=\"0\" align=\"left\">\n<tbody>\n<tr style=\"height: 46px;\">\n<td style=\"text-align: center; width: 55.4762%; height: 46px;\">Knji\u017eni\u010darka<\/td>\n<td style=\"width: 44.2857%; height: 46px;\">\n<p><b>Kornelija Klari\u0107, mag. bibl. <\/b><\/p>\n<p><b>Jadranka Te\u017ea\u010dki, dipl. bibl.<\/b><\/p>\n<\/td>\n<\/tr>\n<tr style=\"height: 116px;\">\n<td style=\"text-align: center; width: 55.4762%; height: 116px;\">Radno vrijeme knji\u017enice<\/td>\n<td style=\"width: 44.2857%; height: 116px;\"><strong><strong>Pon:<\/strong>7,20 \u2013 15,00 h<\/strong>\n<p><strong>Ut: 11,00 \u2013 13,00 h<\/strong><\/p>\n<p><strong>Sri: 9.30 \u2013 18.20 h<\/strong><\/p>\n<p><strong>\u010cet: 11,00 \u2013 13,00 h i 14,10 \u2013 16,45 h<\/strong><\/p>\n<p><strong>Pet: 9,00 \u2013 11,00 h<\/strong><\/p>\n<\/td>\n<\/tr>\n<tr style=\"height: 23px;\">\n<td style=\"text-align: center; width: 55.4762%; height: 23px;\">Telefon<\/td>\n<td style=\"width: 44.2857%; height: 23px;\"><strong>042 492 015<\/strong><\/td>\n<\/tr>\n<tr style=\"height: 23px;\">\n<td style=\"text-align: center; width: 55.4762%; height: 23px;\">E-mail:<\/td>\n<td style=\"width: 44.2857%; height: 23px;\">knjiznica@ss-medicinska-vz.skole.hr<\/td>\n<\/tr>\n<\/tbody>\n<\/table>\n<div><span style=\"color: #333333; font-family: Google Sans, Roboto, RobotoDraft, Helvetica, Arial, sans-serif;\">Posjetite\u00a0<a href=\"https:\/\/www.google.com\/url?q=https%3A%2F%2Fsites.google.com%2Fview%2Fvirtualna-knjiznica-medskvz%2Fhome%3Ffbclid%3DIwAR3UFzCX5TyH4H-ZoxwsfQ4gu8nenwJWfu2AZqTdw8zTLDHTC8Oo_A8L5HU&amp;sa=D&amp;sntz=1&amp;usg=AOvVaw0X9JP_nXK7Ck5tdVku0ttS\" target=\"_blank\" rel=\"noopener noreferrer\" data-saferedirecturl=\"https:\/\/www.google.com\/url?hl=hr&amp;q=https:\/\/www.google.com\/url?q%3Dhttps%253A%252F%252Fsites.google.com%252Fview%252Fvirtualna-knjiznica-medskvz%252Fhome%253Ffbclid%253DIwAR3UFzCX5TyH4H-ZoxwsfQ4gu8nenwJWfu2AZqTdw8zTLDHTC8Oo_A8L5HU%26sa%3DD%26sntz%3D1%26usg%3DAOvVaw0X9JP_nXK7Ck5tdVku0ttS&amp;source=gmail&amp;ust=1665849858104000&amp;usg=AOvVaw2ppdd6zG3pyKPefIFIsbOj\">Virtualnu \u0161kolsku knji\u017enicu Medicinske \u0161kole Vara\u017edin<\/a>, a zapratiti nas mo\u017eete i na\u00a0<\/span>dru\u0161tvenim mre\u017eama gdje svakodnevno objavljujemo aktivnosti iz na\u0161e knji\u017enice te saznajte \u0161to #medicinaripreporu\u010duju!<\/div>\n<div>\u00a0<\/div>\n<div><img class=\"colorbox-400\"  loading=\"lazy\" src=\"https:\/\/mail.google.com\/mail\/u\/0\/h\/ryocu4jeou2u\/?view=att&amp;th=183d731451c66a8b&amp;attid=0.2&amp;disp=emb&amp;realattid=ii_l98nw37a2&amp;zw&amp;atsh=1\" alt=\"image.png\" width=\"74\" height=\"74\" \/><a href=\"https:\/\/www.google.com\/url?q=https%3A%2F%2Fwww.facebook.com%2Fknjiznicamedskvz%2F&amp;sa=D&amp;sntz=1&amp;usg=AOvVaw2O6qfpUdwu9uw-pTZsaYEl\" target=\"_blank\" rel=\"noopener noreferrer\" data-saferedirecturl=\"https:\/\/www.google.com\/url?hl=hr&amp;q=https:\/\/www.google.com\/url?q%3Dhttps%253A%252F%252Fwww.facebook.com%252Fknjiznicamedskvz%252F%26sa%3DD%26sntz%3D1%26usg%3DAOvVaw2O6qfpUdwu9uw-pTZsaYEl&amp;source=gmail&amp;ust=1665849858104000&amp;usg=AOvVaw1Oi1gILHonZQpnL1y_1Hcb\">Facebook stranica Knji\u017enice<\/a><\/div>\n<div>\u00a0<\/div>\n<div><img class=\"colorbox-400\"  loading=\"lazy\" src=\"https:\/\/mail.google.com\/mail\/u\/0\/h\/ryocu4jeou2u\/?view=att&amp;th=183d731451c66a8b&amp;attid=0.3&amp;disp=emb&amp;realattid=ii_l98nyqgn3&amp;zw&amp;atsh=1\" alt=\"image.png\" width=\"76\" height=\"76\" \/><a href=\"https:\/\/www.google.com\/url?q=https%3A%2F%2Fwww.instagram.com%2Fexplore%2Flocations%2F502058735%2Fmedicinska-skola-varazdin&amp;sa=D&amp;sntz=1&amp;usg=AOvVaw0c5R7cvuzp7AyiVtr7Shb4\" target=\"_blank\" rel=\"noopener noreferrer\" data-saferedirecturl=\"https:\/\/www.google.com\/url?hl=hr&amp;q=https:\/\/www.google.com\/url?q%3Dhttps%253A%252F%252Fwww.instagram.com%252Fexplore%252Flocations%252F502058735%252Fmedicinska-skola-varazdin%26sa%3DD%26sntz%3D1%26usg%3DAOvVaw0c5R7cvuzp7AyiVtr7Shb4&amp;source=gmail&amp;ust=1665849858104000&amp;usg=AOvVaw3J3GY81FQq-bOvV9vYPxQ-\">Instagram stranica Knji\u017enice<\/a><\/div>\n<div>\u00a0<\/div>\n<div>\u00a0<\/div>\n<div><strong><a href=\"https:\/\/www.medskvz.org\/web\/wp-content\/uploads\/2024\/01\/Pravilnik-o-radu-skolske-knjiznice.pdf\">Pravilnik o radu \u0161kolske knji\u017enice<\/a><\/strong><\/div>\n<hr \/>\n\n","protected":false},"excerpt":{"rendered":"<div class=\"slide-text-bg2\"><span>\u00a0 \u0160kolska knji\u017enica \u00a0 Knji\u017eni\u010darka Kornelija Klari\u0107, mag. bibl. Jadranka Te\u017ea\u010dki, dipl. bibl. Radno vrijeme knji\u017enice Pon:7,20 \u2013 15,00 h Ut: 11<\/span><\/div>\n<div class=\"slide-btn-area-sm\"><a href=\"https:\/\/www.medskvz.org\/web\/osnovni-podaci\/\" class=\"slide-btn-sm\">Pro\u010ditaj vi\u0161e<\/a><\/div>\n","protected":false},"author":12,"featured_media":0,"parent":0,"menu_order":0,"comment_status":"closed","ping_status":"closed","template":"","meta":[],"_links":{"self":[{"href":"https:\/\/www.medskvz.org\/web\/wp-json\/wp\/v2\/pages\/400"}],"collection":[{"href":"https:\/\/www.medskvz.org\/web\/wp-json\/wp\/v2\/pages"}],"about":[{"href":"https:\/\/www.medskvz.org\/web\/wp-json\/wp\/v2\/types\/page"}],"author":[{"embeddable":true,"href":"https:\/\/www.medskvz.org\/web\/wp-json\/wp\/v2\/users\/12"}],"replies":[{"embeddable":true,"href":"https:\/\/www.medskvz.org\/web\/wp-json\/wp\/v2\/comments?post=400"}],"version-history":[{"count":44,"href":"https:\/\/www.medskvz.org\/web\/wp-json\/wp\/v2\/pages\/400\/revisions"}],"predecessor-version":[{"id":18015,"href":"https:\/\/www.medskvz.org\/web\/wp-json\/wp\/v2\/pages\/400\/revisions\/18015"}],"wp:attachment":[{"href":"https:\/\/www.medskvz.org\/web\/wp-json\/wp\/v2\/media?parent=400"}],"curies":[{"name":"wp","href":"https:\/\/api.w.org\/{rel}","templated":true}]}}