{"id":354,"date":"2011-06-08T12:13:41","date_gmt":"2011-06-08T10:13:41","guid":{"rendered":"http:\/\/www.medskvz.org\/web\/?page_id=354"},"modified":"2022-11-25T11:56:03","modified_gmt":"2022-11-25T09:56:03","slug":"eticki-kodeks","status":"publish","type":"page","link":"https:\/\/www.medskvz.org\/web\/dokumenti-2\/eticki-kodeks\/","title":{"rendered":"Eti\u010dki kodeks"},"content":{"rendered":"<div>\u00a0<\/div>\n<h3><span style=\"color: #ff0000;\"><a style=\"color: #ff0000;\" href=\"https:\/\/www.medskvz.org\/web\/wp-content\/uploads\/2022\/02\/Eticki-kodeks-radnika-Medicinske-skole-Varazdin-2008.doc\">Eti\u010dki kodeks radnika Medicinske \u0161kole Vara\u017edin 2008<\/a><\/span><\/h3>\n<h3><a href=\"http:\/\/www.medskvz.org\/web\/wp-content\/uploads\/2011\/06\/Eti\u010dki-kodeks-Medicinske-\u0161kole-Vara\u017edin-26.03.2015-1.doc\"><span style=\"color: #ff0000;\">Eti\u010dki kodeks neposrednih nositelja odgojno-obrazovne djelatnosti u Medicinskoj \u0161koli Vara\u017edin<\/span><\/a><\/h3>\n<h3 style=\"color: #000000; font-family: Calibri; font-size: 16px; line-height: normal;\">\u00a0<\/h3>\n<p>\u00a0<\/p>\n<h3>\u00a0<\/h3>\n\n","protected":false},"excerpt":{"rendered":"<div class=\"slide-text-bg2\"><span>\u00a0 Eti\u010dki kodeks radnika Medicinske \u0161kole Vara\u017edin 2008 Eti\u010dki kodeks neposrednih nositelja odgojno-obrazovne djelatnosti u Medicinskoj \u0161koli Vara\u017edi<\/span><\/div>\n<div class=\"slide-btn-area-sm\"><a href=\"https:\/\/www.medskvz.org\/web\/dokumenti-2\/eticki-kodeks\/\" class=\"slide-btn-sm\">Pro\u010ditaj vi\u0161e<\/a><\/div>\n","protected":false},"author":12,"featured_media":0,"parent":348,"menu_order":0,"comment_status":"closed","ping_status":"closed","template":"","meta":[],"_links":{"self":[{"href":"https:\/\/www.medskvz.org\/web\/wp-json\/wp\/v2\/pages\/354"}],"collection":[{"href":"https:\/\/www.medskvz.org\/web\/wp-json\/wp\/v2\/pages"}],"about":[{"href":"https:\/\/www.medskvz.org\/web\/wp-json\/wp\/v2\/types\/page"}],"author":[{"embeddable":true,"href":"https:\/\/www.medskvz.org\/web\/wp-json\/wp\/v2\/users\/12"}],"replies":[{"embeddable":true,"href":"https:\/\/www.medskvz.org\/web\/wp-json\/wp\/v2\/comments?post=354"}],"version-history":[{"count":13,"href":"https:\/\/www.medskvz.org\/web\/wp-json\/wp\/v2\/pages\/354\/revisions"}],"predecessor-version":[{"id":13190,"href":"https:\/\/www.medskvz.org\/web\/wp-json\/wp\/v2\/pages\/354\/revisions\/13190"}],"up":[{"embeddable":true,"href":"https:\/\/www.medskvz.org\/web\/wp-json\/wp\/v2\/pages\/348"}],"wp:attachment":[{"href":"https:\/\/www.medskvz.org\/web\/wp-json\/wp\/v2\/media?parent=354"}],"curies":[{"name":"wp","href":"https:\/\/api.w.org\/{rel}","templated":true}]}}