{"id":348,"date":"2011-06-08T12:12:33","date_gmt":"2011-06-08T10:12:33","guid":{"rendered":"http:\/\/www.medskvz.org\/web\/?page_id=348"},"modified":"2025-09-16T10:01:22","modified_gmt":"2025-09-16T08:01:22","slug":"dokumenti-2","status":"publish","type":"page","link":"https:\/\/www.medskvz.org\/web\/dokumenti-2\/","title":{"rendered":"Dokumenti"},"content":{"rendered":"<p><a href=\"http:\/\/www.medskvz.org\/web\/dokumenti-2\/pravilnici\/\">ZAKONSKA REGULATIVA<\/a><\/p>\n<p><a href=\"https:\/\/www.medskvz.org\/web\/opci-akti\/\">OP\u0106I AKTI<\/a><\/p>\n<p><a href=\"http:\/\/www.medskvz.org\/web\/dokumenti-2\/kurikulum\/\">GODI\u0160NJI PLANOVI I KURIKULUMI<\/a><\/p>\n<p><a href=\"http:\/\/www.medskvz.org\/web\/dokumenti-2\/eticki-kodeks\/\">ETI\u010cKI KODEKS<\/a><\/p>\n<p><a href=\"http:\/\/www.medskvz.org\/web\/dokumenti-2\/ostali_natjecaji\/\">NATJE\u010cAJI<\/a><\/p>\n","protected":false},"excerpt":{"rendered":"<div class=\"slide-text-bg2\"><span>ZAKONSKA REGULATIVA OP\u0106I AKTI GODI\u0160NJI PLANOVI I KURIKULUMI ETI\u010cKI KODEKS NATJE\u010cAJI<\/span><\/div>\n","protected":false},"author":12,"featured_media":0,"parent":0,"menu_order":0,"comment_status":"closed","ping_status":"closed","template":"","meta":[],"_links":{"self":[{"href":"https:\/\/www.medskvz.org\/web\/wp-json\/wp\/v2\/pages\/348"}],"collection":[{"href":"https:\/\/www.medskvz.org\/web\/wp-json\/wp\/v2\/pages"}],"about":[{"href":"https:\/\/www.medskvz.org\/web\/wp-json\/wp\/v2\/types\/page"}],"author":[{"embeddable":true,"href":"https:\/\/www.medskvz.org\/web\/wp-json\/wp\/v2\/users\/12"}],"replies":[{"embeddable":true,"href":"https:\/\/www.medskvz.org\/web\/wp-json\/wp\/v2\/comments?post=348"}],"version-history":[{"count":12,"href":"https:\/\/www.medskvz.org\/web\/wp-json\/wp\/v2\/pages\/348\/revisions"}],"predecessor-version":[{"id":17716,"href":"https:\/\/www.medskvz.org\/web\/wp-json\/wp\/v2\/pages\/348\/revisions\/17716"}],"wp:attachment":[{"href":"https:\/\/www.medskvz.org\/web\/wp-json\/wp\/v2\/media?parent=348"}],"curies":[{"name":"wp","href":"https:\/\/api.w.org\/{rel}","templated":true}]}}