{"id":317,"date":"2011-06-08T12:05:01","date_gmt":"2011-06-08T10:05:01","guid":{"rendered":"http:\/\/www.medskvz.org\/web\/?page_id=317"},"modified":"2011-07-28T10:51:54","modified_gmt":"2011-07-28T08:51:54","slug":"kako-do-skole","status":"publish","type":"page","link":"https:\/\/www.medskvz.org\/web\/o-skoli-4\/kako-do-skole\/","title":{"rendered":"Kako do \u0161kole"},"content":{"rendered":"<p style=\"text-align: center;\"><strong><span style=\"color:#800000;\"><span style=\"font-size: 14px;\">Medicinska &scaron;kola Vara\u017edin<\/span><\/span><\/strong><\/p>\n<p style=\"text-align: center;\">Vinka Me\u0111erala 11<\/p>\n<p style=\"text-align: center;\">42 000 Vara\u017edin<\/p>\n<p style=\"text-align: center;\">&nbsp;<\/p>\n<p style=\"text-align: center;\"><a href=\"http:\/\/maps.google.hr\/maps?q=Vinka+Me%C4%91erela+11,+Vara%C5%BEdin&amp;hl=hr&amp;ie=UTF8&amp;ll=46.30025,16.32843&amp;spn=0.007101,0.021136&amp;sll=46.300235,16.328838&amp;sspn=0.007101,0.021136&amp;z=16\" target=\"_blank\" rel=\"noopener\"><img loading=\"lazy\" alt=\"\" class=\"aligncenter size-full wp-image-554 colorbox-317\" height=\"293\" src=\"http:\/\/www.medskvz.org\/web\/wp-content\/uploads\/2011\/07\/Google_maps.jpg\" title=\"Google_maps\" width=\"474\" srcset=\"https:\/\/www.medskvz.org\/web\/wp-content\/uploads\/2011\/07\/Google_maps.jpg 663w, https:\/\/www.medskvz.org\/web\/wp-content\/uploads\/2011\/07\/Google_maps-300x185.jpg 300w\" sizes=\"(max-width: 474px) 100vw, 474px\" \/><\/a><\/p>\n","protected":false},"excerpt":{"rendered":"<div class=\"slide-text-bg2\"><span>Medicinska &scaron;kola Vara\u017edin Vinka Me\u0111erala 11 42 000 Vara\u017edin &nbsp;<\/span><\/div>\n","protected":false},"author":12,"featured_media":0,"parent":307,"menu_order":0,"comment_status":"closed","ping_status":"closed","template":"","meta":[],"_links":{"self":[{"href":"https:\/\/www.medskvz.org\/web\/wp-json\/wp\/v2\/pages\/317"}],"collection":[{"href":"https:\/\/www.medskvz.org\/web\/wp-json\/wp\/v2\/pages"}],"about":[{"href":"https:\/\/www.medskvz.org\/web\/wp-json\/wp\/v2\/types\/page"}],"author":[{"embeddable":true,"href":"https:\/\/www.medskvz.org\/web\/wp-json\/wp\/v2\/users\/12"}],"replies":[{"embeddable":true,"href":"https:\/\/www.medskvz.org\/web\/wp-json\/wp\/v2\/comments?post=317"}],"version-history":[{"count":20,"href":"https:\/\/www.medskvz.org\/web\/wp-json\/wp\/v2\/pages\/317\/revisions"}],"predecessor-version":[{"id":585,"href":"https:\/\/www.medskvz.org\/web\/wp-json\/wp\/v2\/pages\/317\/revisions\/585"}],"up":[{"embeddable":true,"href":"https:\/\/www.medskvz.org\/web\/wp-json\/wp\/v2\/pages\/307"}],"wp:attachment":[{"href":"https:\/\/www.medskvz.org\/web\/wp-json\/wp\/v2\/media?parent=317"}],"curies":[{"name":"wp","href":"https:\/\/api.w.org\/{rel}","templated":true}]}}