{"id":311,"date":"2011-06-08T12:03:16","date_gmt":"2011-06-08T10:03:16","guid":{"rendered":"http:\/\/www.medskvz.org\/web\/?page_id=311"},"modified":"2024-04-04T09:15:38","modified_gmt":"2024-04-04T07:15:38","slug":"rijec-ravnateljice","status":"publish","type":"page","link":"https:\/\/www.medskvz.org\/web\/o-skoli-4\/rijec-ravnateljice\/","title":{"rendered":"Rije\u010d ravnateljice"},"content":{"rendered":"<p style=\"margin-left: 21.3pt;\"><span style=\"font-size: 16px;\"><em>Dragi posjetitelji, dobro do\u0161li na mre\u017ene \u00a0stranice Medicinske \u0161kole Vara\u017edin!<\/em><\/span><\/p>\n<p style=\"margin-left: 40px;\"><span style=\"font-size: 14px;\">Pretpostavljamo kako Va\u0161 posjet na\u0161oj stranici nije slu\u010dajan, ve\u0107 ste sigurno potaknuti nekim pitanjem, dilemom ili pak dobrom idejom. <\/span><\/p>\n<p style=\"margin-left: 40px;\"><span style=\"font-size: 14px;\">Pozivamo Vas na virtualnu \u0161etnju \u201ena\u0161om \u0161kolicom\u201c. Slobodno zavirite u svaki na\u0161 kutak. Pitajte, komentirajte, predla\u017eite\u2026 <\/span><\/p>\n<p style=\"margin-left: 40px;\"><span style=\"font-size: 14px;\">Vo\u0111eni interesima\u00a0 pozitivnog razvoja na\u0161ih u\u010denika, roditelja i djelatnika, \u0161kola nastoji \u017eivjeti u suglasju s vremenom i jasnim pogledom u budu\u0107nost. <\/span><\/p>\n<p style=\"margin-left: 40px;\"><span style=\"font-size: 14px;\">Va\u0161e ideje mogu nam pomo\u0107i da bolje sagledamo kako \u0161to uspje\u0161nije na\u0161e u\u010denike pripremiti za \u017eivot.<\/span><\/p>\n<p style=\"text-align: right;\">mr.sc. Mirjana Grabar Kruljac, prof.<\/p>\n<h3 style=\"margin-left: 21.3pt;\"><\/h3>\n<p style=\"margin-left: 21.3pt;\">\n","protected":false},"excerpt":{"rendered":"<div class=\"slide-text-bg2\"><span>Dragi posjetitelji, dobro do\u0161li na mre\u017ene \u00a0stranice Medicinske \u0161kole Vara\u017edin! Pretpostavljamo kako Va\u0161 posjet na\u0161oj stranici nije slu\u010dajan, ve\u0107 s<\/span><\/div>\n<div class=\"slide-btn-area-sm\"><a href=\"https:\/\/www.medskvz.org\/web\/o-skoli-4\/rijec-ravnateljice\/\" class=\"slide-btn-sm\">Pro\u010ditaj vi\u0161e<\/a><\/div>\n","protected":false},"author":12,"featured_media":0,"parent":307,"menu_order":0,"comment_status":"closed","ping_status":"closed","template":"","meta":[],"_links":{"self":[{"href":"https:\/\/www.medskvz.org\/web\/wp-json\/wp\/v2\/pages\/311"}],"collection":[{"href":"https:\/\/www.medskvz.org\/web\/wp-json\/wp\/v2\/pages"}],"about":[{"href":"https:\/\/www.medskvz.org\/web\/wp-json\/wp\/v2\/types\/page"}],"author":[{"embeddable":true,"href":"https:\/\/www.medskvz.org\/web\/wp-json\/wp\/v2\/users\/12"}],"replies":[{"embeddable":true,"href":"https:\/\/www.medskvz.org\/web\/wp-json\/wp\/v2\/comments?post=311"}],"version-history":[{"count":19,"href":"https:\/\/www.medskvz.org\/web\/wp-json\/wp\/v2\/pages\/311\/revisions"}],"predecessor-version":[{"id":15825,"href":"https:\/\/www.medskvz.org\/web\/wp-json\/wp\/v2\/pages\/311\/revisions\/15825"}],"up":[{"embeddable":true,"href":"https:\/\/www.medskvz.org\/web\/wp-json\/wp\/v2\/pages\/307"}],"wp:attachment":[{"href":"https:\/\/www.medskvz.org\/web\/wp-json\/wp\/v2\/media?parent=311"}],"curies":[{"name":"wp","href":"https:\/\/api.w.org\/{rel}","templated":true}]}}