{"id":309,"date":"2011-06-08T12:02:30","date_gmt":"2011-06-08T10:02:30","guid":{"rendered":"http:\/\/www.medskvz.org\/web\/?page_id=309"},"modified":"2025-09-02T12:22:01","modified_gmt":"2025-09-02T10:22:01","slug":"osobna-iskaznica-skole","status":"publish","type":"page","link":"https:\/\/www.medskvz.org\/web\/o-skoli-4\/osobna-iskaznica-skole\/","title":{"rendered":"Osobna iskaznica \u0161kole"},"content":{"rendered":"<table style=\"width: 100%; height: 485px;\" border=\"1\" cellspacing=\"0\" cellpadding=\"0\">\n<tbody>\n<tr style=\"height: 28px;\">\n<td style=\"width: 183px; height: 28px;\">\n<p style=\"text-align: center;\"><strong>\u00a0 Naziv<\/strong><\/p>\n<\/td>\n<td style=\"width: 219px; height: 28px;\">\n<p style=\"text-align: center;\">Medicinska \u0161kola Vara\u017edin<\/p>\n<\/td>\n<\/tr>\n<tr style=\"height: 28px;\">\n<td style=\"width: 183px; height: 28px;\">\n<p style=\"text-align: center;\"><strong>\u00a0 Broj i naziv \u017eupanije<\/strong><\/p>\n<\/td>\n<td style=\"width: 219px; height: 28px;\">\n<p style=\"text-align: center;\">Vara\u017edinska \u017eupanija<\/p>\n<\/td>\n<\/tr>\n<tr style=\"height: 28px;\">\n<td style=\"width: 183px; height: 28px;\">\n<p style=\"text-align: center;\"><strong>\u00a0 \u0160ifra ustanove<\/strong><\/p>\n<\/td>\n<td style=\"width: 219px; height: 28px;\">\n<p style=\"text-align: center;\">05 &#8211; 086 &#8211; 505<\/p>\n<\/td>\n<\/tr>\n<tr style=\"height: 28px;\">\n<td style=\"width: 183px; height: 28px;\">\n<p style=\"text-align: center;\"><strong>\u00a0 Sjedi\u0161te i adresa<\/strong><\/p>\n<\/td>\n<td style=\"width: 219px; height: 28px;\">\n<p style=\"text-align: center;\">Vara\u017edin, Vinka Me\u0111erala 11<\/p>\n<p style=\"text-align: center;\">\u00a0<\/p>\n<\/td>\n<\/tr>\n<tr style=\"height: 28px;\">\n<td style=\"width: 183px; height: 28px;\">\n<p style=\"text-align: center;\"><strong>\u00a0 Telefon<\/strong><\/p>\n<\/td>\n<td style=\"width: 219px; height: 28px;\">\n<p style=\"text-align: center;\">+385 42 492 000<\/p>\n<\/td>\n<\/tr>\n<tr style=\"height: 28px;\">\n<td style=\"width: 183px; height: 28px;\">\n<p style=\"text-align: center;\"><strong>\u00a0 Mre\u017ene stranice<\/strong><\/p>\n<\/td>\n<td style=\"width: 219px; height: 28px;\">\n<p style=\"text-align: center;\">www.medskvz.org<\/p>\n<\/td>\n<\/tr>\n<tr style=\"height: 28px;\">\n<td style=\"width: 183px; height: 28px;\">\n<p style=\"text-align: center;\"><strong>\u00a0 Elektronska po\u0161ta<\/strong><\/p>\n<\/td>\n<td style=\"width: 219px; height: 28px;\">\n<p class=\"iw\" style=\"text-align: center;\"><span class=\"gD\">ured@ss-medicinska-vz.skole.hr<\/span><\/p>\n<\/td>\n<\/tr>\n<tr style=\"height: 28px;\">\n<td style=\"width: 183px; height: 28px;\">\n<p style=\"text-align: center;\"><strong>\u00a0 Ravnateljica<\/strong><\/p>\n<\/td>\n<td style=\"width: 219px; height: 28px;\">\n<p style=\"text-align: center;\">mr.sc. Mirjana Grabar Kruljac, prof.<\/p>\n<\/td>\n<\/tr>\n<tr style=\"height: 28px;\">\n<td style=\"width: 183px; height: 28px;\">\n<p style=\"text-align: center;\"><strong>\u00a0 Tajnica<\/strong><\/p>\n<\/td>\n<td style=\"width: 219px; height: 28px; text-align: center;\">\u00a0 Helena Dev\u010di\u0107<\/td>\n<\/tr>\n<tr style=\"height: 28px;\">\n<td style=\"width: 183px; height: 28px; text-align: center;\"><strong>\u00a0 Pedagoginja<\/strong><\/td>\n<td style=\"width: 219px; height: 28px; text-align: center;\">\n<p>Karolina Novak Bosilj<\/p>\n<\/td>\n<\/tr>\n<tr style=\"height: 28px;\">\n<td style=\"width: 183px; height: 28px; text-align: center;\"><strong>\u00a0 Psihologinja<\/strong><\/td>\n<td style=\"width: 219px; height: 28px; text-align: center;\">\n<p>Sonja Veir Laba\u0161<\/p>\n<p>Zrinka Ivankovi\u0107 Mladenovi\u0107<\/p>\n<\/td>\n<\/tr>\n<tr style=\"height: 3px;\">\n<td style=\"width: 183px; height: 9px;\" rowspan=\"3\">\n<p style=\"text-align: center;\"><strong>\u00a0 Programi<\/strong><\/p>\n<\/td>\n<td style=\"width: 219px; height: 3px;\">\n<p style=\"text-align: center;\"><strong>\u00a0Petogodi\u0161nji programi<\/strong>:<\/p>\n<p style=\"text-align: center;\">\u00a0medicinska sestra \/ medicinski tehni\u010dar op\u0107e njege<\/p>\n<\/td>\n<\/tr>\n<tr style=\"height: 3px;\">\n<td style=\"width: 219px; height: 3px;\">\n<p style=\"text-align: center;\"><strong>\u010cetverogodi\u0161nji programi:<\/strong><\/p>\n<p style=\"text-align: center;\">Prirodoslovna gimnazija<\/p>\n<p style=\"text-align: center;\">Fizioterapeutski tehni\u010dar<\/p>\n<p style=\"text-align: center;\">Farmaceutski tehni\u010dar<\/p>\n<p style=\"text-align: center;\">\u00a0Zdravstveno &#8211; laboratorijski tehni\u010dar<\/p>\n<p style=\"text-align: center;\">Sanitarni tehni\u010dar<\/p>\n<p style=\"text-align: center;\">Dentalni tehni\u010dar<\/p>\n<p style=\"text-align: center;\">\u00a0Primaljska asistentica<\/p>\n<p style=\"text-align: center;\">Dentalni asistent<\/p>\n<\/td>\n<\/tr>\n<tr style=\"height: 3px;\">\n<td style=\"width: 219px; height: 3px;\">\u00a0<\/td>\n<\/tr>\n<tr style=\"height: 28px;\">\n<td style=\"width: 183px; height: 28px;\">\n<p style=\"text-align: center;\"><strong>\u00a0 Broj zaposlenih<\/strong><\/p>\n<\/td>\n<td style=\"width: 219px; height: 28px;\">\n<p style=\"text-align: center;\">65<\/p>\n<\/td>\n<\/tr>\n<tr style=\"height: 28px;\">\n<td style=\"width: 183px; height: 28px;\">\n<p style=\"text-align: center;\"><strong>\u00a0 Broj u\u010denika<\/strong><\/p>\n<\/td>\n<td style=\"width: 219px; height: 28px;\">\n<p style=\"text-align: center;\">440<\/p>\n<\/td>\n<\/tr>\n<tr style=\"height: 28px;\">\n<td style=\"width: 183px; height: 28px;\">\n<p style=\"text-align: center;\"><strong>\u00a0 Broj razrednih odjela<\/strong><\/p>\n<\/td>\n<td style=\"width: 219px; height: 28px;\">\n<p style=\"text-align: center;\">19<\/p>\n<\/td>\n<\/tr>\n<tr style=\"height: 28px;\">\n<td style=\"width: 183px; height: 28px;\">\n<p style=\"text-align: center;\"><strong>\u00a0 Mati\u010dni broj<\/strong><\/p>\n<\/td>\n<td style=\"width: 219px; height: 28px;\">\n<p style=\"text-align: center;\">3984516<\/p>\n<\/td>\n<\/tr>\n<tr style=\"height: 28px;\">\n<td style=\"width: 183px; height: 28px;\">\n<p style=\"text-align: center;\"><strong>\u00a0 OIB<\/strong><\/p>\n<\/td>\n<td style=\"width: 219px; height: 28px;\">\n<p style=\"text-align: center;\">68558018536<\/p>\n<\/td>\n<\/tr>\n<tr style=\"height: 28px;\">\n<td style=\"width: 183px; height: 28px;\">\n<p style=\"text-align: center;\"><strong>\u00a0 \u017diro ra\u010dun i banka<\/strong><\/p>\n<\/td>\n<td style=\"width: 219px; height: 28px;\">\n<p style=\"text-align: center;\">IBAN: HR 15 2360000 1102719186<br \/>Zagreba\u010dka banka &#8211; Zaba.hr<\/p>\n<\/td>\n<\/tr>\n<\/tbody>\n<\/table>\n\n","protected":false},"excerpt":{"rendered":"<div class=\"slide-text-bg2\"><span>\u00a0 Naziv Medicinska \u0161kola Vara\u017edin \u00a0 Broj i naziv \u017eupanije Vara\u017edinska \u017eupanija \u00a0 \u0160ifra ustanove 05 &#8211; 086 &#8211; 505 \u00a0 Sjedi\u0161te i adresa V<\/span><\/div>\n<div class=\"slide-btn-area-sm\"><a href=\"https:\/\/www.medskvz.org\/web\/o-skoli-4\/osobna-iskaznica-skole\/\" class=\"slide-btn-sm\">Pro\u010ditaj vi\u0161e<\/a><\/div>\n","protected":false},"author":12,"featured_media":0,"parent":307,"menu_order":0,"comment_status":"closed","ping_status":"closed","template":"","meta":[],"_links":{"self":[{"href":"https:\/\/www.medskvz.org\/web\/wp-json\/wp\/v2\/pages\/309"}],"collection":[{"href":"https:\/\/www.medskvz.org\/web\/wp-json\/wp\/v2\/pages"}],"about":[{"href":"https:\/\/www.medskvz.org\/web\/wp-json\/wp\/v2\/types\/page"}],"author":[{"embeddable":true,"href":"https:\/\/www.medskvz.org\/web\/wp-json\/wp\/v2\/users\/12"}],"replies":[{"embeddable":true,"href":"https:\/\/www.medskvz.org\/web\/wp-json\/wp\/v2\/comments?post=309"}],"version-history":[{"count":39,"href":"https:\/\/www.medskvz.org\/web\/wp-json\/wp\/v2\/pages\/309\/revisions"}],"predecessor-version":[{"id":17683,"href":"https:\/\/www.medskvz.org\/web\/wp-json\/wp\/v2\/pages\/309\/revisions\/17683"}],"up":[{"embeddable":true,"href":"https:\/\/www.medskvz.org\/web\/wp-json\/wp\/v2\/pages\/307"}],"wp:attachment":[{"href":"https:\/\/www.medskvz.org\/web\/wp-json\/wp\/v2\/media?parent=309"}],"curies":[{"name":"wp","href":"https:\/\/api.w.org\/{rel}","templated":true}]}}