{"id":303,"date":"2011-06-08T12:01:06","date_gmt":"2011-06-08T10:01:06","guid":{"rendered":"http:\/\/www.medskvz.org\/web\/?page_id=303"},"modified":"2019-10-21T11:39:37","modified_gmt":"2019-10-21T09:39:37","slug":"foto-galerija-4","status":"publish","type":"page","link":"https:\/\/www.medskvz.org\/web\/foto-galerija-4\/","title":{"rendered":"Foto galerija"},"content":{"rendered":"<p><a href=\"http:\/\/www.medskvz.org\/web\/2019\/10\/dani-erasmusa-na-medicinskoj-skoli-varazdin\/\">Dani Erasmusa na Medicinskoj \u0161koli vara\u017edin 10. i 11. 10. 2019.<\/a><\/p>\n<p><a href=\"http:\/\/www.medskvz.org\/web\/2019\/10\/suradnja-medicinske-skole-s-kucom-sunca%cb%ae-iz-globocca\/\">Suradnja Medicinske \u0161kole s &#8220;Ku\u0107om sunca&#8221; iz Globo\u010deca<\/a><\/p>\n<p><a href=\"http:\/\/www.medskvz.org\/web\/maturalna-vecer-20-06-2015\/\">Maturalna ve\u010der 20.05.2015.<\/a><\/p>\n<p><a href=\"http:\/\/www.medskvz.org\/web\/dan-skole-12-05-2014\">Dan \u0161kole 12.05.2015.<\/a><\/p>\n<p><a href=\"http:\/\/www.medskvz.org\/web\/posjetili-smo-kucu-sunca-16-veljace-2015\">Posjetili smo Ku\u0107u Sunca (16.velja\u010de.2015.)<\/a><\/p>\n<p><a href=\"http:\/\/www.medskvz.org\/web\/dan-kruha-2014\">Dan kruha 2014.<\/a><\/p>\n<p><a href=\"http:\/\/www.medskvz.org\/web\/razmjena-ucenika-u-sklopu-projekta-e-medica\">Razmjena u\u010denika u sklopu projekta E-medice<\/a><\/p>\n<p><a href=\"http:\/\/www.medskvz.org\/web\/dan-otvorenih-vrata-sign-to-me\">Dan otvorenih vrata-Sign to me<\/a><\/p>\n<p><a href=\"http:\/\/www.medskvz.org\/web\/sign-2-me-njemacka\/\">SIGN 2 ME &#8211; Njema\u010dka<\/a><\/p>\n<p><a href=\"http:\/\/www.medskvz.org\/web\/senzibilizacijska-radionica-za-ucenike\">Senzibilizacijska radionica za u\u010denike<\/a><\/p>\n<p><a href=\"http:\/\/www.medskvz.org\/web\/dan-jabuka-20-10-2013\/\">Dan jabuka 20.10.2013.<\/a><\/p>\n<p><a href=\"http:\/\/www.medskvz.org\/web\/dan-skole-10-05-2013\/\">Dan \u0161kole 10.05.2013.-prvi dio<\/a><\/p>\n<p><a href=\"http:\/\/www.medskvz.org\/web\/dan-skole-10-05-2013-drugi-dio\/\">Dan \u0161kole 10.05.2013.-drugi dio<\/a><\/p>\n<p><a href=\"http:\/\/www.medskvz.org\/web\/mladi-u-pokretu\/\">Mladi u pokretu 11.5.2012.<\/a><\/p>\n<p><a href=\"http:\/\/www.medskvz.org\/web\/oprostaj-od-maturanata\/\">Opro\u0161taj od maturanata 10.5.2012.<\/a><\/p>\n<p><a href=\"http:\/\/www.medskvz.org\/web\/osijek-i-vukovar\/\">Osijek i Vukovar 22.3.2012.<\/a><\/p>\n<p><a href=\"http:\/\/www.medskvz.org\/web\/maskenbal\">Maskenbal 21.2.2012.<\/a><\/p>\n<p><a href=\"http:\/\/www.medskvz.org\/web\/kuca-sunca\/\">Ku\u0107a sunca 15.2..2012.<\/a><\/p>\n<p><a href=\"http:\/\/www.medskvz.org\/web\/foto-galerija-4\/kad-se-male-ruke-sloze\/\">Kad se male ruke slo\u017ee 6.12.2011.<\/a><\/p>\n<p><a href=\"http:\/\/www.medskvz.org\/web\/svjetski-dan-dijabetesa-14-11-2011\">Svjetski dan dijabetesa 14.11.2011.<\/a><\/p>\n<p><a href=\"http:\/\/www.medskvz.org\/web\/foto-galerija-4\/dan-kruha-26-10-2011\/\">Dan kruha 26.10.2011.<\/a><\/p>\n<p><a href=\"http:\/\/www.medskvz.org\/web\/foto-galerija-4\/dan-jabuka-20-10-2011\/\">Dan jabuka 20.10.2011.<\/a><\/p>\n","protected":false},"excerpt":{"rendered":"<div class=\"slide-text-bg2\"><span>Dani Erasmusa na Medicinskoj \u0161koli vara\u017edin 10. i 11. 10. 2019. Suradnja Medicinske \u0161kole s &#8220;Ku\u0107om sunca&#8221; iz Globo\u010deca Maturalna ve\u010der 20<\/span><\/div>\n<div class=\"slide-btn-area-sm\"><a href=\"https:\/\/www.medskvz.org\/web\/foto-galerija-4\/\" class=\"slide-btn-sm\">Pro\u010ditaj vi\u0161e<\/a><\/div>\n","protected":false},"author":12,"featured_media":0,"parent":0,"menu_order":0,"comment_status":"closed","ping_status":"closed","template":"","meta":[],"_links":{"self":[{"href":"https:\/\/www.medskvz.org\/web\/wp-json\/wp\/v2\/pages\/303"}],"collection":[{"href":"https:\/\/www.medskvz.org\/web\/wp-json\/wp\/v2\/pages"}],"about":[{"href":"https:\/\/www.medskvz.org\/web\/wp-json\/wp\/v2\/types\/page"}],"author":[{"embeddable":true,"href":"https:\/\/www.medskvz.org\/web\/wp-json\/wp\/v2\/users\/12"}],"replies":[{"embeddable":true,"href":"https:\/\/www.medskvz.org\/web\/wp-json\/wp\/v2\/comments?post=303"}],"version-history":[{"count":78,"href":"https:\/\/www.medskvz.org\/web\/wp-json\/wp\/v2\/pages\/303\/revisions"}],"predecessor-version":[{"id":9747,"href":"https:\/\/www.medskvz.org\/web\/wp-json\/wp\/v2\/pages\/303\/revisions\/9747"}],"wp:attachment":[{"href":"https:\/\/www.medskvz.org\/web\/wp-json\/wp\/v2\/media?parent=303"}],"curies":[{"name":"wp","href":"https:\/\/api.w.org\/{rel}","templated":true}]}}