{"id":3014,"date":"2013-09-27T11:57:30","date_gmt":"2013-09-27T09:57:30","guid":{"rendered":"http:\/\/www.medskvz.org\/web\/?page_id=3014"},"modified":"2013-10-18T11:34:36","modified_gmt":"2013-10-18T09:34:36","slug":"sociologija","status":"publish","type":"page","link":"https:\/\/www.medskvz.org\/web\/sociologija\/","title":{"rendered":"Sociologija"},"content":{"rendered":"<p><span style=\"font-family: comic sans ms,cursive;\">Dobrodo&scaron;li na stranice posve\u0107ene predmetu sociologija.<\/span><\/p>\n<p><span style=\"font-family: comic sans ms,cursive;\">Ovdje mo\u017eete prona\u0107i nastavne materijale koji \u0107e vam pomo\u0107i u nastavi sociologije.<\/span><\/p>\n<p>&nbsp;<\/p>\n<p><a href=\"http:\/\/www.medskvz.org\/web\/wp-content\/uploads\/2013\/09\/TEORIJSKE-PERSPEKTIVE-U-SOCIOLOGIJI.pptx\"><strong>Teorijske perspektive u sociologiji-prezentacija<\/strong><\/a><\/p>\n<p><a href=\"http:\/\/www.medskvz.org\/web\/wp-content\/uploads\/2013\/09\/Sociolo\u0161ka-pitanja-i-komponente-kulture.pptx\"><b>Sociolo&scaron;ka pitanja i komponente kulture-prezentacija<\/b><\/a><\/p>\n<p><a href=\"http:\/\/www.medskvz.org\/web\/wp-content\/uploads\/2013\/09\/Sociologija-subkultura.pptx\"><b>Sociologija subkultura-prezentacija<\/b><\/a><\/p>\n<p><a href=\"http:\/\/www.medskvz.org\/web\/wp-content\/uploads\/2013\/09\/Kultura-u-suvremenom-dru\u0161tvu.pptx\">Kultura u suvremenom dru&scaron;tvu-prezentacija<\/a><\/p>\n","protected":false},"excerpt":{"rendered":"<div class=\"slide-text-bg2\"><span>Dobrodo&scaron;li na stranice posve\u0107ene predmetu sociologija. Ovdje mo\u017eete prona\u0107i nastavne materijale koji \u0107e vam pomo\u0107i u nastavi sociologije. &#038;nbsp<\/span><\/div>\n<div class=\"slide-btn-area-sm\"><a href=\"https:\/\/www.medskvz.org\/web\/sociologija\/\" class=\"slide-btn-sm\">Pro\u010ditaj vi\u0161e<\/a><\/div>\n","protected":false},"author":12,"featured_media":0,"parent":0,"menu_order":0,"comment_status":"closed","ping_status":"open","template":"","meta":[],"_links":{"self":[{"href":"https:\/\/www.medskvz.org\/web\/wp-json\/wp\/v2\/pages\/3014"}],"collection":[{"href":"https:\/\/www.medskvz.org\/web\/wp-json\/wp\/v2\/pages"}],"about":[{"href":"https:\/\/www.medskvz.org\/web\/wp-json\/wp\/v2\/types\/page"}],"author":[{"embeddable":true,"href":"https:\/\/www.medskvz.org\/web\/wp-json\/wp\/v2\/users\/12"}],"replies":[{"embeddable":true,"href":"https:\/\/www.medskvz.org\/web\/wp-json\/wp\/v2\/comments?post=3014"}],"version-history":[{"count":7,"href":"https:\/\/www.medskvz.org\/web\/wp-json\/wp\/v2\/pages\/3014\/revisions"}],"predecessor-version":[{"id":3066,"href":"https:\/\/www.medskvz.org\/web\/wp-json\/wp\/v2\/pages\/3014\/revisions\/3066"}],"wp:attachment":[{"href":"https:\/\/www.medskvz.org\/web\/wp-json\/wp\/v2\/media?parent=3014"}],"curies":[{"name":"wp","href":"https:\/\/api.w.org\/{rel}","templated":true}]}}