{"id":2224,"date":"2012-09-25T17:01:02","date_gmt":"2012-09-25T15:01:02","guid":{"rendered":"http:\/\/www.medskvz.org\/web\/?page_id=2224"},"modified":"2012-10-11T12:45:36","modified_gmt":"2012-10-11T10:45:36","slug":"hrvatski-jezik-prof-hranj","status":"publish","type":"page","link":"https:\/\/www.medskvz.org\/web\/hrvatski-jezik-prof-hranj\/","title":{"rendered":"Hrvatski jezik (prof. Hranj)"},"content":{"rendered":"<p>&nbsp;<\/p>\n<p style=\"margin: 12px 0px; padding: 0px; color: rgb(38, 38, 38); font-family: Arial, Helvetica, sans-serif; font-size: 13px; text-align: left; \"><span style=\"font-family: 'comic sans ms', cursive; \">Dobrodo&scaron;li na stranice posve\u0107ene predmetu hrvatski jezik.<\/span><\/p>\n<p style=\"margin: 12px 0px; padding: 0px; color: rgb(38, 38, 38); font-family: Arial, Helvetica, sans-serif; font-size: 13px; text-align: left; \"><span style=\"font-family: 'comic sans ms', cursive; \">Ovdje mo\u017eete prona\u0107i nastavne materijale koji vam mogu pomo\u0107i u nastavi hrvatskog jezika.<\/span><\/p>\n<p style=\"margin: 12px 0px; padding: 0px; color: rgb(38, 38, 38); font-family: Arial, Helvetica, sans-serif; font-size: 13px; text-align: left; \">&nbsp;<\/p>\n<p style=\"margin: 12px 0px; padding: 0px; color: rgb(38, 38, 38); font-family: Arial, Helvetica, sans-serif; font-size: 13px; text-align: left; \"><span style=\"font-size:14px;\"><strong><a href=\"http:\/\/www.medskvz.org\/web\/wp-content\/uploads\/2012\/09\/Dante-Alighieri-Pakao-I.-V.pj_..rar\">Dante Alighieri- Pakao<\/a><\/strong><\/span><\/p>\n<p style=\"margin: 12px 0px; padding: 0px; color: rgb(38, 38, 38); font-family: Arial, Helvetica, sans-serif; font-size: 13px; text-align: left; \"><a href=\"http:\/\/www.medskvz.org\/web\/wp-content\/uploads\/2012\/09\/Gundulic_Suze-sina-razmetnoga-tekst.pdf\"><span style=\"font-size:14px;\"><strong>Gunduli\u0107-Suze sina razmetnog<\/strong><\/span><\/a><\/p>\n<p style=\"margin: 12px 0px; padding: 0px; color: rgb(38, 38, 38); font-family: Arial, Helvetica, sans-serif; font-size: 13px; text-align: left; \"><a href=\"http:\/\/www.medskvz.org\/web\/wp-content\/uploads\/2012\/09\/Gundulic_Dubravka-tekst.pdf\"><span style=\"font-size:14px;\"><strong>Gunduli\u0107-Dubravka<\/strong><\/span><\/a><\/p>\n<p style=\"margin: 12px 0px; padding: 0px; color: rgb(38, 38, 38); font-family: Arial, Helvetica, sans-serif; font-size: 13px; text-align: left; \"><strong><span style=\"font-size:14px;\"><a href=\"http:\/\/www.medskvz.org\/web\/wp-content\/uploads\/2012\/10\/Petrarca-soneti.doc\">Petrarca &#8211; soneti<\/a><\/span><\/strong><\/p>\n<p style=\"margin: 12px 0px; padding: 0px; color: rgb(38, 38, 38); font-family: Arial, Helvetica, sans-serif; font-size: 13px; text-align: left; \"><b>G. Boccaccio: Dekameron <\/b><b>(\u010dita se Uvod, Prvi dan, prva novela; Drugi dan, tre\u0107a novela i Deseti dan, peta novela) <\/b><\/p>\n<p style=\"margin: 12px 0px; padding: 0px; color: rgb(38, 38, 38); font-family: Arial, Helvetica, sans-serif; font-size: 13px; text-align: left; \"><a href=\"http:\/\/www.scribd.com\/doc\/81967466\/BOCACCIO-GIOVANI-Decameron\" target=\"_blank\" rel=\"noopener\">http:\/\/www.scribd.com\/doc\/<wbr \/>81967466\/BOCACCIO-GIOVANI-<wbr \/>Decameron<\/a><\/p>\n","protected":false},"excerpt":{"rendered":"<div class=\"slide-text-bg2\"><span>&nbsp; Dobrodo&scaron;li na stranice posve\u0107ene predmetu hrvatski jezik. Ovdje mo\u017eete prona\u0107i nastavne materijale koji vam mogu pomo\u0107i u nastavi hrvatsk<\/span><\/div>\n<div class=\"slide-btn-area-sm\"><a href=\"https:\/\/www.medskvz.org\/web\/hrvatski-jezik-prof-hranj\/\" class=\"slide-btn-sm\">Pro\u010ditaj vi\u0161e<\/a><\/div>\n","protected":false},"author":12,"featured_media":0,"parent":0,"menu_order":0,"comment_status":"closed","ping_status":"closed","template":"","meta":[],"_links":{"self":[{"href":"https:\/\/www.medskvz.org\/web\/wp-json\/wp\/v2\/pages\/2224"}],"collection":[{"href":"https:\/\/www.medskvz.org\/web\/wp-json\/wp\/v2\/pages"}],"about":[{"href":"https:\/\/www.medskvz.org\/web\/wp-json\/wp\/v2\/types\/page"}],"author":[{"embeddable":true,"href":"https:\/\/www.medskvz.org\/web\/wp-json\/wp\/v2\/users\/12"}],"replies":[{"embeddable":true,"href":"https:\/\/www.medskvz.org\/web\/wp-json\/wp\/v2\/comments?post=2224"}],"version-history":[{"count":14,"href":"https:\/\/www.medskvz.org\/web\/wp-json\/wp\/v2\/pages\/2224\/revisions"}],"predecessor-version":[{"id":2324,"href":"https:\/\/www.medskvz.org\/web\/wp-json\/wp\/v2\/pages\/2224\/revisions\/2324"}],"wp:attachment":[{"href":"https:\/\/www.medskvz.org\/web\/wp-json\/wp\/v2\/media?parent=2224"}],"curies":[{"name":"wp","href":"https:\/\/api.w.org\/{rel}","templated":true}]}}