{"id":16223,"date":"2024-08-26T11:22:42","date_gmt":"2024-08-26T09:22:42","guid":{"rendered":"https:\/\/www.medskvz.org\/web\/?page_id=16223"},"modified":"2026-03-03T14:32:02","modified_gmt":"2026-03-03T12:32:02","slug":"ponude-izvanucionicka-nastava","status":"publish","type":"page","link":"https:\/\/www.medskvz.org\/web\/ponude-izvanucionicka-nastava\/","title":{"rendered":"Ponude-izvanu\u010dioni\u010dka nastava"},"content":{"rendered":"\n<p><strong>Javni pozivi za izvanu\u010dioni\u010dku nastavu i odluke o odabiru<\/strong><\/p>\n<p>Sukladno Pravilniku o izvo\u0111enju izleta, ekskurzija i drugih odgojno-obrazovnih aktivnosti izvan \u0161kole, u ovom dijelu mo\u017eete prona\u0107i javne pozive i odluke o odabiru za izvanu\u010dioni\u010dku nastavu koju organizira Medicinska \u0161kola Vara\u017edin.<\/p>\n<p>\u00a0<\/p>\n<p><strong>OBRAZAC POZIVA ZA ORGANIZACIJU VI\u0160EDNEVNE IZVANU\u010cIONI\u010cKE NASTAVE<\/strong><\/p>\n<ul>\n<li>\n<h3><span style=\"color: #ff0000;\"><strong><a style=\"color: #ff0000;\" href=\"https:\/\/www.medskvz.org\/web\/wp-content\/uploads\/2025\/01\/poziv-za-provodenje-izvanucionicke-nastave-1.pdf\">Poziv za provo\u0111enje izvanu\u010dioni\u010dke nastave 1<\/a><\/strong><\/span><\/h3>\n<\/li>\n<li>\n<h3><span style=\"color: #ff0000;\"><strong><a style=\"color: #ff0000;\" href=\"https:\/\/www.medskvz.org\/web\/wp-content\/uploads\/2025\/01\/poziv-za-provodenje-izvanucionicke-nastave-2.pdf\">Poziv za provo\u0111enje izvanu\u010dioni\u010dke nastave 2<\/a><\/strong><\/span><\/h3>\n<\/li>\n<li>\n<h3><span style=\"color: #ff0000;\"><strong><a style=\"color: #ff0000;\" href=\"https:\/\/www.medskvz.org\/web\/wp-content\/uploads\/2024\/10\/Poziv-za-organizaciju-visednevne-izvanucionicke-nastave-Korcula-Dubrovnik.pdf\">Poziv za organizaciju vi\u0161ednevne izvanu\u010dioni\u010dke nastave &#8211; Kor\u010dula, Dubrovnik<\/a><\/strong><\/span><\/h3>\n<\/li>\n<li>\n<h3><span style=\"color: #ff0000;\"><strong><a style=\"color: #ff0000;\" href=\"https:\/\/www.medskvz.org\/web\/wp-content\/uploads\/2024\/10\/Poziv-za-organizaciju-visednevne-izvanucionicke-nastave-Italija.pdf\">Poziv za organizaciju vi\u0161ednevne izvanu\u010dioni\u010dke nastave &#8211; Italija<\/a><\/strong><\/span><span style=\"color: #ff0000;\"><br \/><\/span><\/h3>\n<\/li>\n<li>\n<h3><span style=\"color: #ff0000;\"><strong><a style=\"color: #ff0000;\" href=\"https:\/\/www.medskvz.org\/web\/wp-content\/uploads\/2025\/02\/Obrazac-poziva-visednevna-nastava-ponuda-broj-3-2025.pdf\">Obrazac poziva vi\u0161ednevna nastava &#8211; ponuda broj 3 &#8211; 2025<\/a><\/strong><\/span><\/h3>\n<\/li>\n<li>\n<h3><strong><span style=\"color: #ff0000;\"><a style=\"color: #ff0000;\" href=\"https:\/\/www.medskvz.org\/web\/wp-content\/uploads\/2025\/03\/Poziv-za-organizaciju-visednevne-izvanucionicke-nastave-Italija-Venecija.pdf\">Poziv za organizaciju vi\u0161ednevne izvanu\u010dioni\u010dke nastave &#8211; Italija, Venecija<\/a><\/span><\/strong><\/h3>\n<\/li>\n<li>\n<h3><strong><span style=\"color: #ff0000;\"><a style=\"color: #ff0000;\" href=\"https:\/\/www.medskvz.org\/web\/wp-content\/uploads\/2025\/03\/Poziv-za-organizaciju-visednevne-izvanucionicke-nastave.pdf\">Poziv za organizaciju vi\u0161ednevne izvanu\u010dioni\u010dke nastave<\/a><\/span><\/strong><\/h3>\n<\/li>\n<li>\n<h3><strong><span style=\"color: #ff0000;\"><a style=\"color: #ff0000;\" href=\"https:\/\/www.medskvz.org\/web\/wp-content\/uploads\/2025\/10\/Poziv-za-organizaciju-visednevne-izvanucionicke-nastave-ponuda-broj-1-Malta.pdf\">Poziv za organizaciju vi\u0161ednevne izvanu\u010dioni\u010dke nastave &#8211; ponuda broj 1- Malta<\/a><\/span><\/strong><\/h3>\n<\/li>\n<li>\n<h3><strong><span style=\"color: #ff0000;\"><a style=\"color: #ff0000;\" href=\"https:\/\/www.medskvz.org\/web\/wp-content\/uploads\/2025\/10\/Poziv-za-organizaciju-visednevne-izvanucionicke-nastave-ponuda-broj-2-Azurna.pdf\">Poziv za organizaciju vi\u0161ednevne izvanu\u010dioni\u010dke nastave &#8211; ponuda broj 2- Azurna<\/a><\/span><\/strong><\/h3>\n<\/li>\n<li>\n<h3><strong><span style=\"color: #ff0000;\"><a style=\"color: #ff0000;\" href=\"https:\/\/www.medskvz.org\/web\/wp-content\/uploads\/2025\/10\/Poziv-za-organizaciju-visednevne-izvanucionicke-nastave-ponuda-broj-3-Spanjolska.pdf\">Poziv za organizaciju vi\u0161ednevne izvanu\u010dioni\u010dke nastave &#8211; ponuda broj 3 &#8211; \u0160panjolska<\/a><\/span><\/strong><\/h3>\n<\/li>\n<li>\n<h3><strong><span style=\"color: #ff0000;\"><a style=\"color: #ff0000;\" href=\"https:\/\/www.medskvz.org\/web\/wp-content\/uploads\/2025\/10\/Poziv-za-organizaciju-visednevne-izvanucionicke-nastave-ponuda-broj-4-Spanjolska.pdf\">Poziv za organizaciju vi\u0161ednevne izvanu\u010dioni\u010dke nastave &#8211; ponuda broj 4 &#8211; \u0160panjolska<\/a><\/span><\/strong><\/h3>\n<\/li>\n<li>\n<h3><span style=\"color: #ff0000;\"><a style=\"color: #ff0000;\" href=\"https:\/\/www.medskvz.org\/web\/wp-content\/uploads\/2025\/10\/Poziv-za-organizaciju-visednevne-izvanucionicke-nastave-ponuda-broj-5-Malta.pdf\"><strong>Poziv za organizaciju vi\u0161ednevne izvanu\u010dioni\u010dke nastave &#8211; ponuda broj 5 &#8211; Malta<\/strong><\/a><\/span><\/h3>\n<\/li>\n<li>\n<h3><span style=\"color: #ff0000;\"><a style=\"color: #ff0000;\" href=\"https:\/\/www.medskvz.org\/web\/wp-content\/uploads\/2025\/10\/Poziv-za-organizaciju-visednevne-ucionicke-nastave-Bratislava-Bec-1.pdf\"><strong>Poziv za organizaciju vi\u0161ednevne u\u010dioni\u010dke nastave Bratislava &#8211; Be\u010d<\/strong> <\/a><\/span><strong><br \/><\/strong><\/h3>\n<\/li>\n<li>\n<h3><strong><span style=\"color: #ff0000;\"><a style=\"color: #ff0000;\" href=\"https:\/\/www.medskvz.org\/web\/wp-content\/uploads\/2026\/02\/Poziv-za-organizaciju-visednevne-izvanucionicke-nastave-Italija.pdf\">Poziv za organizaciju vi\u0161ednevne izvanu\u010dioni\u010dke nastave &#8211; Italija<\/a><\/span><\/strong><\/h3>\n<\/li>\n<\/ul>\n<p style=\"text-align: center;\">***<\/p>\n<p><strong>ODLUKA O ODABIRU\u00a0 PUTNI\u010cKE AGENCIJE ZA ORGANIZACIJU VI\u0160EDNEVNE IZVANU\u010cIONI\u010cKE NASTAVE<\/strong><\/p>\n<ul style=\"list-style-type: circle;\">\n<li>\n<h3><strong><span style=\"color: #ff0000;\"><a style=\"color: #ff0000;\" href=\"https:\/\/www.medskvz.org\/web\/wp-content\/uploads\/2025\/02\/Odluka-o-odabiru-putnicke-agencije-Travelego-za-organizaciju-i-realizaciju-visednevne-izvanucionicke-nastave.pdf\">Odluka o odabiru putni\u010dke agencije Travelego za organizaciju i realizaciju vi\u0161ednevne izvanu\u010dioni\u010dke nastave<\/a><\/span><\/strong><\/h3>\n<\/li>\n<li>\n<h3><strong><span style=\"color: #ff0000;\"><a style=\"color: #ff0000;\" href=\"https:\/\/www.medskvz.org\/web\/wp-content\/uploads\/2025\/03\/Odluka-o-odabiru-putnicke-agencije-Travelego-Verona-Gardaland.pdf\">Odluka o odabiru putni\u010dke agencije Travelego (Verona-Gardaland)<\/a><\/span><\/strong><\/h3>\n<\/li>\n<li>\n<h3><strong><span style=\"color: #ff0000;\"><a style=\"color: #ff0000;\" href=\"https:\/\/www.medskvz.org\/web\/wp-content\/uploads\/2025\/10\/Odluka-o-odabiru-putnicke-agencije-Travelego-Bratislava-Bec.pdf\">Odluka o odabiru putni\u010dke agencije Travelego (Bratislava-Be\u010d)<\/a> <\/span><\/strong><\/h3>\n<\/li>\n<li>\n<h3><strong><span style=\"color: #ff0000;\"><a style=\"color: #ff0000;\" href=\"https:\/\/www.medskvz.org\/web\/wp-content\/uploads\/2025\/10\/Odluka-o-odabiru-putnicke-agencije-Speranza-Barcelona-Spanjolska.pdf\">Odluka o odabiru putni\u010dke agencije Speranza (Barcelona, \u0160panjolska)<\/a><\/span><\/strong><\/h3>\n<\/li>\n<li>\n<h3><span style=\"color: #ff0000;\"><strong><a style=\"color: #ff0000;\" href=\"https:\/\/www.medskvz.org\/web\/wp-content\/uploads\/2026\/03\/Odluka-o-odabiru-putnicke-agencije-Travelego-Italija.pdf\">Odluka o odabiru putni\u010dke agencije Travelego (Italija)<\/a><\/strong><\/span><\/h3>\n<\/li>\n<\/ul>\n","protected":false},"excerpt":{"rendered":"<div class=\"slide-text-bg2\"><span>Javni pozivi za izvanu\u010dioni\u010dku nastavu i odluke o odabiru Sukladno Pravilniku o izvo\u0111enju izleta, ekskurzija i drugih odgojno-obrazovnih aktivnosti izva<\/span><\/div>\n<div class=\"slide-btn-area-sm\"><a href=\"https:\/\/www.medskvz.org\/web\/ponude-izvanucionicka-nastava\/\" class=\"slide-btn-sm\">Pro\u010ditaj vi\u0161e<\/a><\/div>\n","protected":false},"author":11,"featured_media":0,"parent":0,"menu_order":0,"comment_status":"closed","ping_status":"closed","template":"","meta":[],"_links":{"self":[{"href":"https:\/\/www.medskvz.org\/web\/wp-json\/wp\/v2\/pages\/16223"}],"collection":[{"href":"https:\/\/www.medskvz.org\/web\/wp-json\/wp\/v2\/pages"}],"about":[{"href":"https:\/\/www.medskvz.org\/web\/wp-json\/wp\/v2\/types\/page"}],"author":[{"embeddable":true,"href":"https:\/\/www.medskvz.org\/web\/wp-json\/wp\/v2\/users\/11"}],"replies":[{"embeddable":true,"href":"https:\/\/www.medskvz.org\/web\/wp-json\/wp\/v2\/comments?post=16223"}],"version-history":[{"count":28,"href":"https:\/\/www.medskvz.org\/web\/wp-json\/wp\/v2\/pages\/16223\/revisions"}],"predecessor-version":[{"id":18389,"href":"https:\/\/www.medskvz.org\/web\/wp-json\/wp\/v2\/pages\/16223\/revisions\/18389"}],"wp:attachment":[{"href":"https:\/\/www.medskvz.org\/web\/wp-json\/wp\/v2\/media?parent=16223"}],"curies":[{"name":"wp","href":"https:\/\/api.w.org\/{rel}","templated":true}]}}