{"id":16059,"date":"2024-06-05T14:15:48","date_gmt":"2024-06-05T12:15:48","guid":{"rendered":"https:\/\/www.medskvz.org\/web\/?page_id=16059"},"modified":"2026-04-08T13:49:26","modified_gmt":"2026-04-08T11:49:26","slug":"pravilnici-i-dokumenti-za-upis","status":"publish","type":"page","link":"https:\/\/www.medskvz.org\/web\/pravilnici-i-dokumenti-za-upis\/","title":{"rendered":"Pravilnici i dokumenti za upis"},"content":{"rendered":"\n<p><img loading=\"lazy\" class=\"aligncenter wp-image-18698 size-full colorbox-16059\" src=\"https:\/\/www.medskvz.org\/web\/wp-content\/uploads\/2026\/04\/NAslovnica-1.jpg\" alt=\"\" width=\"789\" height=\"626\" srcset=\"https:\/\/www.medskvz.org\/web\/wp-content\/uploads\/2026\/04\/NAslovnica-1.jpg 789w, https:\/\/www.medskvz.org\/web\/wp-content\/uploads\/2026\/04\/NAslovnica-1-300x238.jpg 300w, https:\/\/www.medskvz.org\/web\/wp-content\/uploads\/2026\/04\/NAslovnica-1-768x609.jpg 768w\" sizes=\"(max-width: 789px) 100vw, 789px\" \/><\/p>\n<p style=\"text-align: center;\">***<\/p>\n<h5><strong>ODLUKA O UPISU U\u010cENIKA U I. RAZRED SREDNJE \u0160KOLE U \u0160KOLSKOJ GODINI 2026.\/2027.<\/strong><\/h5>\n<ul>\n<li>Poveznica: <span style=\"color: #ff0000;\"><strong><a style=\"color: #ff0000;\" href=\"https:\/\/www.medskvz.org\/web\/wp-content\/uploads\/2025\/06\/NN-2025-83-1107.pdf\">NN &#8211; 2025 &#8211; 83 &#8211; 1107<\/a><\/strong><\/span><\/li>\n<\/ul>\n<h5><strong>JEDINSTVENI POPIS ZDRAVSTVENIH ZAHTJEVA POTREBNIH ZA UPIS U STRUKOVNE KURIKULE U 1. RAZRED SREDNJE \u0160KOLE<\/strong><\/h5>\n<ul>\n<li><span style=\"color: #ff0000;\"><span style=\"color: #000000;\">Poveznica:<\/span><strong><a style=\"color: #ff0000;\" href=\"https:\/\/www.medskvz.org\/web\/wp-content\/uploads\/2025\/06\/Jedinstveni-popis-zdravstvenih-zahtjeva-potrebnih-za-upis-u-strukovne-kurikule-u-I-razred-srednje-skole-2025.pdf\"> Jedinstveni-popis-zdravstvenih-zahtjeva-potrebnih-za-upis-u-strukovne-kurikule-u-I-razred-srednje-skole-2025<\/a><\/strong><\/span><\/li>\n<\/ul>\n<h5 style=\"text-align: left;\"><strong>PRAVILNIK\u00a0O ELEMENTIMA I KRITERIJIMA ZA IZBOR KANDIDATA ZA UPIS U I. RAZRED SREDNJE \u0160KOLE<\/strong><\/h5>\n<ul>\n<li>Poveznica: <span style=\"color: #ff0000;\"><strong><a style=\"color: #ff0000;\" href=\"https:\/\/www.zakon.hr\/cms.htm?id=27327\" target=\"_blank\" rel=\"noopener\">https:\/\/www.zakon.hr\/cms.htm?id=27327\u00a0<\/a><\/strong><\/span><\/li>\n<\/ul>\n<h5 style=\"text-align: left;\"><strong>NATJE\u010cAJ ZA UPIS U\u010cENIKA U 1. RAZRED SREDNJE \u0160KOLE U \u0160KOLSKOJ GODINI 2025.\/2026.<\/strong><\/h5>\n<ul>\n<li>Poveznica: <span style=\"color: #ff0000;\"><strong><a style=\"color: #ff0000;\" href=\"https:\/\/www.medskvz.org\/web\/wp-content\/uploads\/2025\/06\/Natjecaj-sk.god_.-2025.-26..pdf\">Natje\u010daj -\u0161k.god. 2025.-2026.<\/a><\/strong><\/span><\/li>\n<\/ul>\n<h5 style=\"text-align: left;\"><strong>KALENDAR UPISA KANDIDATA (LJETNI I JESENSKI ROK)<\/strong><\/h5>\n<ul>\n<li>Poveznica:\u00a0<span style=\"color: #ff0000;\"><strong><a style=\"color: #ff0000;\" href=\"https:\/\/www.medskvz.org\/web\/wp-content\/uploads\/2025\/06\/ilovepdf_merged.pdf\" target=\"_blank\" rel=\"noopener\">Kalendar upisnih rokova<\/a><\/strong><\/span><\/li>\n<\/ul>\n<h5><strong>PRIJAVE I UPISI U SREDNJE \u0160KOLE-KORISNI\u010cKE UPUTE<\/strong><\/h5>\n<ul>\n<li>Poveznica:<span style=\"color: #ff0000;\"><strong><a style=\"color: #ff0000;\" href=\"https:\/\/www.medskvz.org\/web\/wp-content\/uploads\/2024\/06\/Prijave-i-upisi-u-srednje-skole-public-korisnicke-upute.pdf\"> Prijave i upisi u srednje \u0161kole &#8211; public &#8211; korisni\u010dke upute<\/a><\/strong><\/span><\/li>\n<\/ul>\n<h5><strong>UPUTE ZA U\u010cENIKE<\/strong><\/h5>\n<ul>\n<li>Poveznica: <span style=\"color: #ff0000;\"><strong><a style=\"color: #ff0000;\" href=\"https:\/\/www.medskvz.org\/web\/wp-content\/uploads\/2024\/06\/Upute-za-ucenike.pdf\">Upute za u\u010denike<\/a><\/strong><\/span><\/li>\n<\/ul>\n<p>\u00a0<\/p>\n<p style=\"text-align: center;\">***<\/p>\n<p><img loading=\"lazy\" class=\" wp-image-16010 aligncenter colorbox-16059\" src=\"https:\/\/www.medskvz.org\/web\/wp-content\/uploads\/2024\/05\/podnozje-300x48.jpg\" alt=\"\" width=\"894\" height=\"143\" srcset=\"https:\/\/www.medskvz.org\/web\/wp-content\/uploads\/2024\/05\/podnozje-300x48.jpg 300w, https:\/\/www.medskvz.org\/web\/wp-content\/uploads\/2024\/05\/podnozje-768x124.jpg 768w, https:\/\/www.medskvz.org\/web\/wp-content\/uploads\/2024\/05\/podnozje.jpg 864w\" sizes=\"(max-width: 894px) 100vw, 894px\" \/><\/p>\n","protected":false},"excerpt":{"rendered":"<div class=\"slide-text-bg2\"><span>*** ODLUKA O UPISU U\u010cENIKA U I. RAZRED SREDNJE \u0160KOLE U \u0160KOLSKOJ GODINI 2026.\/2027. Poveznica: NN &#8211; 2025 &#8211; 83 &#8211; 1107 JEDINSTVENI POPIS <\/span><\/div>\n<div class=\"slide-btn-area-sm\"><a href=\"https:\/\/www.medskvz.org\/web\/pravilnici-i-dokumenti-za-upis\/\" class=\"slide-btn-sm\">Pro\u010ditaj vi\u0161e<\/a><\/div>\n","protected":false},"author":11,"featured_media":0,"parent":0,"menu_order":0,"comment_status":"closed","ping_status":"closed","template":"","meta":[],"_links":{"self":[{"href":"https:\/\/www.medskvz.org\/web\/wp-json\/wp\/v2\/pages\/16059"}],"collection":[{"href":"https:\/\/www.medskvz.org\/web\/wp-json\/wp\/v2\/pages"}],"about":[{"href":"https:\/\/www.medskvz.org\/web\/wp-json\/wp\/v2\/types\/page"}],"author":[{"embeddable":true,"href":"https:\/\/www.medskvz.org\/web\/wp-json\/wp\/v2\/users\/11"}],"replies":[{"embeddable":true,"href":"https:\/\/www.medskvz.org\/web\/wp-json\/wp\/v2\/comments?post=16059"}],"version-history":[{"count":12,"href":"https:\/\/www.medskvz.org\/web\/wp-json\/wp\/v2\/pages\/16059\/revisions"}],"predecessor-version":[{"id":18699,"href":"https:\/\/www.medskvz.org\/web\/wp-json\/wp\/v2\/pages\/16059\/revisions\/18699"}],"wp:attachment":[{"href":"https:\/\/www.medskvz.org\/web\/wp-json\/wp\/v2\/media?parent=16059"}],"curies":[{"name":"wp","href":"https:\/\/api.w.org\/{rel}","templated":true}]}}