{"id":14388,"date":"2022-11-22T16:39:04","date_gmt":"2022-11-22T14:39:04","guid":{"rendered":"https:\/\/www.medskvz.org\/web\/?page_id=14388"},"modified":"2026-03-27T13:53:06","modified_gmt":"2026-03-27T11:53:06","slug":"opci-akti","status":"publish","type":"page","link":"https:\/\/www.medskvz.org\/web\/opci-akti\/","title":{"rendered":"Op\u0107i akti"},"content":{"rendered":"\n<p><strong>STATUT<\/strong><\/p>\n\n\n\n<hr class=\"wp-block-separator has-alpha-channel-opacity\"\/>\n\n\n\n<p><strong><a href=\"https:\/\/www.medskvz.org\/web\/wp-content\/uploads\/2025\/04\/Procisceni-tekst-Statuta-Medicinske-skole-Varazdin-2025..pdf\">Pro\u010di\u0161\u0107eni tekst Statuta Medicinske \u0161kole Vara\u017edin, 2025.<\/a><\/strong><\/p>\n<p><strong><a href=\"https:\/\/www.medskvz.org\/web\/wp-content\/uploads\/2024\/03\/Statut-Medicinske-skole-Varazdin-2020.-1.pdf\">Statut Medicinske \u0161kole Vara\u017edin, 2020.<\/a><\/strong><\/p>\n\n\n\n<p><strong><a href=\"https:\/\/www.medskvz.org\/web\/wp-content\/uploads\/2023\/01\/Izmjene-Statuta-Medicinske-skole-Varazdin.pdf\">Izmjene Statuta Medicinske \u0161kole Vara\u017edin<\/a><\/strong><\/p>\n<p><strong><a href=\"https:\/\/www.medskvz.org\/web\/wp-content\/uploads\/2023\/06\/Izmjene-i-dopune-Statuta-Medicinske-skole-Varazdin.pdf\">Izmjene i dopune Statuta Medicinske \u0161kole Vara\u017edin<\/a><\/strong><\/p>\n<p><strong><a href=\"https:\/\/www.medskvz.org\/web\/wp-content\/uploads\/2024\/05\/Izmjene-i-dopune-Statuta-Medicinske-skole-Varazdin.pdf\">Izmjene i dopune Statuta Medicinske \u0161kole Vara\u017edin<\/a><\/strong><\/p>\n<p><strong><a href=\"https:\/\/www.medskvz.org\/web\/wp-content\/uploads\/2025\/04\/Dopuna-Statuta-Medicinske-skole-Varazdin.pdf\">Dopuna Statuta Medicinske \u0161kole Vara\u017edin<\/a><\/strong><\/p>\n<p>&nbsp;<\/p>\n\n\n\n<hr class=\"wp-block-separator has-alpha-channel-opacity\"\/>\n\n\n\n<p><strong>PRAVILNICI<\/strong><\/p>\n\n\n\n<hr class=\"wp-block-separator has-alpha-channel-opacity\"\/>\n\n\n<p><strong><a href=\"https:\/\/www.medskvz.org\/web\/wp-content\/uploads\/2023\/06\/Pravilnik-o-radu.pdf\">Pravilnik o radu<\/a><\/strong><\/p>\n<p><strong><a href=\"https:\/\/www.medskvz.org\/web\/wp-content\/uploads\/2026\/03\/Pravilnik-o-izmjeni-i-dopunama-Pravilnika-o-radu-1.pdf\">Pravilnik o izmjeni i dopunama Pravilnika o radu<\/a><\/strong><\/p>\n<p><strong><a href=\"https:\/\/www.medskvz.org\/web\/wp-content\/uploads\/2024\/05\/Pravilnik-o-izmjenama-i-dopunama-Pravilnika-o-radu.pdf\">Pravilnik o izmjenama i dopunama Pravilnika o radu<\/a><\/strong><\/p>\n<p><strong><a href=\"https:\/\/www.medskvz.org\/web\/wp-content\/uploads\/2023\/11\/Pravilnik-o-zastiti-na-radu.pdf\">Pravilnik o za\u0161titi na radu<\/a><\/strong><\/p>\n<p><strong><a href=\"https:\/\/www.medskvz.org\/web\/wp-content\/uploads\/2024\/07\/Pravilnik-o-sistematizaciji-radnih-mjesta.pdf\">Pravilnik o sistematizaciji radnih mjesta<\/a><\/strong><\/p>\n<p><strong><a href=\"https:\/\/www.medskvz.org\/web\/wp-content\/uploads\/2026\/03\/Pravilnik-o-izmjeni-i-dopuni-Pravilnika-o-sistematizaciji-radnih-mjesta-1.pdf\">Pravilnik o izmjeni i dopuni Pravilnika o sistematizaciji radnih mjesta<\/a><\/strong><\/p>\n<p><strong><a href=\"https:\/\/www.medskvz.org\/web\/wp-content\/uploads\/2024\/01\/Pravilnik-o-radu-skolske-knjiznice.pdf\">Pravilnik o radu \u0161kolske knji\u017enice<\/a><\/strong><\/p>\n<p><strong><a href=\"https:\/\/www.medskvz.org\/web\/wp-content\/uploads\/2022\/11\/Pravilnik-o-nacinu-koristenja-vlastitih-prihoda-2022..pdf\">Pravilnik o na\u010dinu kori\u0161tenja vlastitih prihoda<\/a><\/strong><\/p>\n<p><strong><a href=\"https:\/\/www.medskvz.org\/web\/wp-content\/uploads\/2024\/03\/Pravila-za-upravljanje-dokumentarnim-gradivom.pdf\">Pravila za upravljanje dokumentarnim gradivom<\/a><\/strong><\/p>\n<p><strong><a href=\"https:\/\/www.medskvz.org\/web\/wp-content\/uploads\/2024\/03\/Popis-dokumentarnog-gradiva-Skole-s-rokovima-cuvanja.pdf\">Popis dokumentarnog gradiva \u0160kole s rokovima \u010duvanja<\/a><\/strong><\/p>\n\n\n<p><strong><a href=\"https:\/\/www.medskvz.org\/web\/wp-content\/uploads\/2023\/04\/Pravilnik-o-provedbi-postupaka-jednostavne-nabave.pdf\">Pravilnik o provedbi postupaka jednostavne nabave<\/a><\/strong><\/p>\n\n\n\n<p><strong><a href=\"https:\/\/www.medskvz.org\/web\/wp-content\/uploads\/2024\/04\/Pravilnik-o-nacinu-i-postupku-zaposljavanja.pdf\">Pravilnik o na\u010dinu i postupku zapo\u0161ljavanja<\/a><\/strong><\/p>\n\n\n\n<p><strong><a href=\"https:\/\/www.medskvz.org\/web\/wp-content\/uploads\/2024\/03\/Pravilnik-o-sluzbenim-putovanjima.pdf\">Pravilnik o slu\u017ebenim putovanjima<\/a><\/strong><\/p>\n\n\n<p><strong><a href=\"https:\/\/www.medskvz.org\/web\/wp-content\/uploads\/2022\/12\/Izmjene-Pravilnika-o-sluzbenim-putovanjima.pdf\">Izmjene Pravilnika o slu\u017ebenim putovanjima<\/a><\/strong><\/p>\n<p><strong><a href=\"https:\/\/www.medskvz.org\/web\/wp-content\/uploads\/2024\/02\/Izmjene-Pravilnika-o-sluzbenim-putovanjima.pdf\">Izmjene Pravilnika o slu\u017ebenim putovanjima<\/a><\/strong><\/p>\n\n\n<p><a href=\"https:\/\/www.medskvz.org\/web\/wp-content\/uploads\/2022\/06\/Pravilnik-o-koristenju-sluzbenih-mobilnih-telefona-2022.pdf\"><strong>Pravilnik o kori\u0161tenju slu\u017ebenih mobilnih telefona<\/strong><\/a><\/p>\n\n\n\n<p><strong><a href=\"https:\/\/www.medskvz.org\/web\/wp-content\/uploads\/2022\/06\/Pravilnik-o-postupku-unutarnjeg-prijavljivanja-nepravilnosti-2022.pdf\">Pravilnik o postupku unutarnjeg prijavljivanja nepravilnosti<\/a><\/strong><\/p>\n\n\n\n<p><strong><a href=\"https:\/\/www.medskvz.org\/web\/wp-content\/uploads\/2024\/05\/Pravilnik-o-kucnom-redu.pdf\">Pravilnik o ku\u0107nom redu<\/a><\/strong><\/p>\n\n\n\n<p><strong><a href=\"https:\/\/www.medskvz.org\/web\/wp-content\/uploads\/2024\/03\/Pravilnik-o-promicanju-spoznaje-o-stetnosti-uporabe-duhanskih-proizvoda.pdf\">Pravilnik o promicanju spoznaje o \u0161tetnosti uporabe duhanskih proizvoda<\/a><\/strong><\/p>\n<p><strong><a href=\"https:\/\/www.medskvz.org\/web\/wp-content\/uploads\/2025\/06\/Pravilnik-o-koristenju-sustava-videonadzora-u-Medicinskoj-skoli-Varazdin.pdf\">Pravilnik o kori\u0161tenju sustava videonadzora u Medicinskoj \u0161koli Vara\u017edin<\/a><\/strong><\/p>\n<p>\u00a0<\/p>\n<p>\u00a0<\/p>\n\n\n\n<p><\/p>\n\n\n\n<p><\/p>\n\n\n\n<p><strong>OSTALO<\/strong><\/p>\n\n\n\n<hr class=\"wp-block-separator has-alpha-channel-opacity\"\/>\n\n\n\n<p><strong><a href=\"https:\/\/www.medskvz.org\/web\/wp-content\/uploads\/2024\/03\/Poslovnik-o-radu-skolskog-sportskog-drustva.pdf\">Poslovnik o radu \u0161kolskog sportskog dru\u0161tva<\/a><\/strong><\/p>\n\n\n<p>\u00a0<\/p>\n<p><strong><a href=\"https:\/\/www.medskvz.org\/web\/wp-content\/uploads\/2024\/03\/Poslovnik-o-radu-Skolskog-odbora.pdf\">Poslovnik o radu \u0160kolskog odbora<\/a><\/strong><\/p>\n<p><strong><a href=\"https:\/\/www.medskvz.org\/web\/wp-content\/uploads\/2024\/03\/Poslovnik-o-radu-skolskih-vijeca.pdf\">Poslovnik o radu \u0161kolskih vije\u0107a<\/a><\/strong><\/p>\n<p><strong><a href=\"https:\/\/www.medskvz.org\/web\/wp-content\/uploads\/2023\/02\/Politika-privatnosti.pdf\">Politika privatnosti<\/a><\/strong><\/p>\n<p><strong><a href=\"https:\/\/www.medskvz.org\/web\/wp-content\/uploads\/2024\/03\/Eticki-kodeks.pdf\">Eti\u010dki kodeks<\/a><\/strong><\/p>\n\n\n<p><\/p>\n\n\n\n<p><\/p>\n","protected":false},"excerpt":{"rendered":"<div class=\"slide-text-bg2\"><span>STATUT Pro\u010di\u0161\u0107eni tekst Statuta Medicinske \u0161kole Vara\u017edin, 2025. Statut Medicinske \u0161kole Vara\u017edin, 2020. Izmjene Statuta Medicinske \u0161kole Vara\u017edin<\/span><\/div>\n<div class=\"slide-btn-area-sm\"><a href=\"https:\/\/www.medskvz.org\/web\/opci-akti\/\" class=\"slide-btn-sm\">Pro\u010ditaj vi\u0161e<\/a><\/div>\n","protected":false},"author":11,"featured_media":0,"parent":0,"menu_order":0,"comment_status":"closed","ping_status":"closed","template":"","meta":[],"_links":{"self":[{"href":"https:\/\/www.medskvz.org\/web\/wp-json\/wp\/v2\/pages\/14388"}],"collection":[{"href":"https:\/\/www.medskvz.org\/web\/wp-json\/wp\/v2\/pages"}],"about":[{"href":"https:\/\/www.medskvz.org\/web\/wp-json\/wp\/v2\/types\/page"}],"author":[{"embeddable":true,"href":"https:\/\/www.medskvz.org\/web\/wp-json\/wp\/v2\/users\/11"}],"replies":[{"embeddable":true,"href":"https:\/\/www.medskvz.org\/web\/wp-json\/wp\/v2\/comments?post=14388"}],"version-history":[{"count":41,"href":"https:\/\/www.medskvz.org\/web\/wp-json\/wp\/v2\/pages\/14388\/revisions"}],"predecessor-version":[{"id":18518,"href":"https:\/\/www.medskvz.org\/web\/wp-json\/wp\/v2\/pages\/14388\/revisions\/18518"}],"wp:attachment":[{"href":"https:\/\/www.medskvz.org\/web\/wp-json\/wp\/v2\/media?parent=14388"}],"curies":[{"name":"wp","href":"https:\/\/api.w.org\/{rel}","templated":true}]}}