{"id":14323,"date":"2022-11-11T16:31:41","date_gmt":"2022-11-11T14:31:41","guid":{"rendered":"https:\/\/www.medskvz.org\/web\/?page_id=14323"},"modified":"2022-11-11T16:35:08","modified_gmt":"2022-11-11T14:35:08","slug":"potvrde-ucenika","status":"publish","type":"page","link":"https:\/\/www.medskvz.org\/web\/potvrde-ucenika\/","title":{"rendered":"Potvrde za u\u010denike"},"content":{"rendered":"<p>Po\u0161tovani roditelji, dragi u\u010denici,<\/p>\n<p>Obavje\u0161tavamo vas da od ove \u0161kolske godine potvrdu o statusu u\u010denika mo\u017eete preuzeti iz aplikacije\u00a0<a href=\"https:\/\/www.google.com\/url?q=https%3A%2F%2Focjene.skole.hr%2Fnias&amp;sa=D&amp;sntz=1&amp;usg=AOvVaw2iZiIyvy9tZi1O_zRqpstU\" target=\"_blank\" rel=\"noopener\" data-saferedirecturl=\"https:\/\/www.google.com\/url?hl=hr&amp;q=https:\/\/www.google.com\/url?q%3Dhttps%253A%252F%252Focjene.skole.hr%252Fnias%26sa%3DD%26sntz%3D1%26usg%3DAOvVaw2iZiIyvy9tZi1O_zRqpstU&amp;source=gmail&amp;ust=1663681028701000&amp;usg=AOvVaw367RBVHVaAgcmhVxhX5tHi\">e-Dnevnik<\/a>\u00a0te vi\u0161e nije potrebno po istu dolaziti u u\u010deni\u010dku referadu.<\/p>\n<p>Ovom je e-uslugom omogu\u0107eno izdavanje potvrda o trenutnom statusu \u0161kolovanja za u\u010denike osnovnih i srednjih \u0161kola.<\/p>\n<p>Prijava se vr\u0161i AAI identitetom (za u\u010denike, podaci kojima ulazite u\u00a0<a href=\"https:\/\/www.google.com\/url?q=https%3A%2F%2Focjene.skole.hr%2Fnias&amp;sa=D&amp;sntz=1&amp;usg=AOvVaw2iZiIyvy9tZi1O_zRqpstU\" target=\"_blank\" rel=\"noopener\" data-saferedirecturl=\"https:\/\/www.google.com\/url?hl=hr&amp;q=https:\/\/www.google.com\/url?q%3Dhttps%253A%252F%252Focjene.skole.hr%252Fnias%26sa%3DD%26sntz%3D1%26usg%3DAOvVaw2iZiIyvy9tZi1O_zRqpstU&amp;source=gmail&amp;ust=1663681028702000&amp;usg=AOvVaw2D_yF_rd4RzyGcvjXqLXqw\">e-Dnevnik<\/a>) ili pristupnim podacima u sustavu e-Gra\u0111ani (roditelji preko ePass korisni\u010dkog imena i lozinke, bankovnih tokena ili mobilnih aplikacija, smart kartica, elektroni\u010dke osobne iskaznice \u2013 eOI itd.)<\/p>\n<p>Korisnik s desne strane, u izborniku, mo\u017ee uz ostale podatke, vidjeti i novu rubriku\u00a0<em>Ispis potvrda<\/em>. Odabirom navedene rubrike otvara se su\u010delje gdje se bira ime u\u010denika i svrha dobivanja potvrde (u padaju\u0107em izborniku).<\/p>\n<p>Potvrdu je mogu\u0107e generirati u svrhu dokazivanja da je u\u010denik u aktualnoj \u0161kolskoj godini upisan u program i razred, odnosno da ima status redovitog u\u010denika. Tako se naprimjer potvrde mogu dobiti u svrhu:<\/p>\n<ul>\n<li>ostvarivanja prava na u\u010deni\u010dki prijevoz<\/li>\n<li>ostvarivanja prava na dje\u010dji doplatak<\/li>\n<li>smje\u0161taja u u\u010deni\u010dkom domu<\/li>\n<li>stipendiranja<\/li>\n<li>ostvarivanja prava na socijalnu pomo\u0107<\/li>\n<li>i drugo.<\/li>\n<\/ul>\n<p><img loading=\"lazy\" class=\" wp-image-14327 aligncenter colorbox-14323\" src=\"https:\/\/www.medskvz.org\/web\/wp-content\/uploads\/2022\/11\/potvrda-o-skolovanju-e-Dnevnik-300x183.png\" alt=\"\" width=\"548\" height=\"334\" srcset=\"https:\/\/www.medskvz.org\/web\/wp-content\/uploads\/2022\/11\/potvrda-o-skolovanju-e-Dnevnik-300x183.png 300w, https:\/\/www.medskvz.org\/web\/wp-content\/uploads\/2022\/11\/potvrda-o-skolovanju-e-Dnevnik.png 739w\" sizes=\"(max-width: 548px) 100vw, 548px\" \/><\/p>\n<p>Potvrde se spremaju u mapu\u00a0<em>Moje potvrde<\/em>\u00a0i od tamo se mogu ponovno dohva\u0107ati.<br \/>\nOva potvrda vrijedi u digitalnom obliku (pravovaljana je), ali i kao isprintani dokument do 3 mjeseca.<\/p>\n<p>preuzeto sa:\u00a0<a href=\"https:\/\/www.google.com\/url?q=https%3A%2F%2Fgov.hr%2Fhr%2Fe-potvrde-za-ucenike%2F2417&amp;sa=D&amp;sntz=1&amp;usg=AOvVaw2xlQMpI_t7Fg_sMRVJDQAy\" target=\"_blank\" rel=\"noopener\" data-saferedirecturl=\"https:\/\/www.google.com\/url?hl=hr&amp;q=https:\/\/www.google.com\/url?q%3Dhttps%253A%252F%252Fgov.hr%252Fhr%252Fe-potvrde-za-ucenike%252F2417%26sa%3DD%26sntz%3D1%26usg%3DAOvVaw2xlQMpI_t7Fg_sMRVJDQAy&amp;source=gmail&amp;ust=1663681028702000&amp;usg=AOvVaw0qs1b1zjUxcnu26I54U1gm\">https:\/\/gov.hr\/hr\/e-potvrde-za-ucenike\/2417<\/a><\/p>\n<p>vi\u0161e na:\u00a0<a href=\"https:\/\/www.google.com\/url?q=https%3A%2F%2Fwww.srednja.hr%2Fnovosti%2Fna-e-dnevnik-stigla-je-velika-novost-olaksat-ce-jednu-radnju-ucenicima-i-roditeljima%2F&amp;sa=D&amp;sntz=1&amp;usg=AOvVaw3YG6z8Zv4rcPbgU22qE8dw\" target=\"_blank\" rel=\"noopener\" data-saferedirecturl=\"https:\/\/www.google.com\/url?hl=hr&amp;q=https:\/\/www.google.com\/url?q%3Dhttps%253A%252F%252Fwww.srednja.hr%252Fnovosti%252Fna-e-dnevnik-stigla-je-velika-novost-olaksat-ce-jednu-radnju-ucenicima-i-roditeljima%252F%26sa%3DD%26sntz%3D1%26usg%3DAOvVaw3YG6z8Zv4rcPbgU22qE8dw&amp;source=gmail&amp;ust=1663681028702000&amp;usg=AOvVaw0zbZGArFib_L8I6YubkmeW\">https:\/\/www.srednja.hr\/novosti\/na-e-dnevnik-stigla-je-velika-novost-olaksat-ce-jednu-radnju-ucenicima-i-roditeljima\/<\/a><\/p>\n<p><em>*\u00a0<\/em><em>Podsjetimo, online ispis potvrde o \u0161kolovanju i do sada je bio mogu\u0107, ali putem Sredi\u0161njeg dr\u017eavnog portala\u00a0<\/em><em><a href=\"https:\/\/www.google.com\/url?q=https%3A%2F%2Fpotvrde.skole.hr%2Flogin&amp;sa=D&amp;sntz=1&amp;usg=AOvVaw0eNjCzDIgo3VTRg-kavWBG\" target=\"_blank\" rel=\"noopener\" data-saferedirecturl=\"https:\/\/www.google.com\/url?hl=hr&amp;q=https:\/\/www.google.com\/url?q%3Dhttps%253A%252F%252Fpotvrde.skole.hr%252Flogin%26sa%3DD%26sntz%3D1%26usg%3DAOvVaw0eNjCzDIgo3VTRg-kavWBG&amp;source=gmail&amp;ust=1663681028702000&amp;usg=AOvVaw38Fs79jUtLLVrMhjLXmJQD\">ovdje<\/a><\/em><em>. Zbog ove nadogradnje u e-Dnevniku potvrde se sad ispisuju isklju\u010divo putem e-Dnevnika.<\/em><\/p>\n","protected":false},"excerpt":{"rendered":"<div class=\"slide-text-bg2\"><span>Po\u0161tovani roditelji, dragi u\u010denici, Obavje\u0161tavamo vas da od ove \u0161kolske godine potvrdu o statusu u\u010denika mo\u017eete preuzeti iz aplikacije\u00a0e-Dnevnik\u00a0te<\/span><\/div>\n<div class=\"slide-btn-area-sm\"><a href=\"https:\/\/www.medskvz.org\/web\/potvrde-ucenika\/\" class=\"slide-btn-sm\">Pro\u010ditaj vi\u0161e<\/a><\/div>\n","protected":false},"author":11,"featured_media":0,"parent":0,"menu_order":0,"comment_status":"closed","ping_status":"closed","template":"","meta":[],"_links":{"self":[{"href":"https:\/\/www.medskvz.org\/web\/wp-json\/wp\/v2\/pages\/14323"}],"collection":[{"href":"https:\/\/www.medskvz.org\/web\/wp-json\/wp\/v2\/pages"}],"about":[{"href":"https:\/\/www.medskvz.org\/web\/wp-json\/wp\/v2\/types\/page"}],"author":[{"embeddable":true,"href":"https:\/\/www.medskvz.org\/web\/wp-json\/wp\/v2\/users\/11"}],"replies":[{"embeddable":true,"href":"https:\/\/www.medskvz.org\/web\/wp-json\/wp\/v2\/comments?post=14323"}],"version-history":[{"count":4,"href":"https:\/\/www.medskvz.org\/web\/wp-json\/wp\/v2\/pages\/14323\/revisions"}],"predecessor-version":[{"id":14329,"href":"https:\/\/www.medskvz.org\/web\/wp-json\/wp\/v2\/pages\/14323\/revisions\/14329"}],"wp:attachment":[{"href":"https:\/\/www.medskvz.org\/web\/wp-json\/wp\/v2\/media?parent=14323"}],"curies":[{"name":"wp","href":"https:\/\/api.w.org\/{rel}","templated":true}]}}