{"id":12576,"date":"2021-10-06T11:35:46","date_gmt":"2021-10-06T09:35:46","guid":{"rendered":"https:\/\/www.medskvz.org\/web\/?page_id=12576"},"modified":"2023-04-04T22:09:31","modified_gmt":"2023-04-04T20:09:31","slug":"jednostavna-nabava","status":"publish","type":"page","link":"https:\/\/www.medskvz.org\/web\/jednostavna-nabava\/","title":{"rendered":"Jednostavna nabava"},"content":{"rendered":"\n<div>\n<blockquote>\n<h4><em><b><span lang=\"SL\">RCK\/S-7\/2023 &#8211;\u00a0<\/span><\/b><b><span lang=\"SL\">Smje\u0161taj, prostor s opremom i catering za sudionike me\u0111u\u017eupanijskog natjecanja dentalnih tehni\u010dara u Vara\u017edinu 10.-11.5.2023.<\/span><\/b><\/em><\/h4>\n<\/blockquote>\n<h4><span style=\"color: #ff0000;\"><a style=\"color: #ff0000;\" href=\"https:\/\/www.medskvz.org\/web\/wp-content\/uploads\/2023\/04\/RCK-S-7-2023-Poziv-za-dostavu-ponuda.pdf\">RCK-S-7-2023 &#8211; Poziv za dostavu ponuda<\/a><\/span><\/h4>\n<h4><span style=\"color: #ff0000;\"><a style=\"color: #ff0000;\" href=\"https:\/\/www.medskvz.org\/web\/wp-content\/uploads\/2023\/04\/RCK-S-7-2023-Poziv-za-dostavu-ponuda.docx\">RCK-S-7-2023 &#8211; Poziv za dostavu ponuda<\/a><\/span><\/h4>\n<p>\u00a0<\/p>\n<h4 style=\"text-align: center;\">***<\/h4>\n<p>\u00a0<\/p>\n<blockquote>\n<h4><em><strong><span style=\"font-family: arial, sans-serif;\">\u00a0Poziv za dostavu ponude : RCK\/S-07J :\u00a0<\/span>\u00a0Usluga cateringa &#8211; hotelijerske i ugostiteljske usluge<\/strong><\/em><\/h4>\n<\/blockquote>\n<h4><span style=\"color: #ff0000;\"><a style=\"color: #ff0000;\" href=\"https:\/\/www.medskvz.org\/web\/wp-content\/uploads\/2022\/07\/Poziv-za-dostavu-ponuda-RCK-S-07J-catering.docx\">Poziv za dostavu ponuda &#8211; RCK-S-07J &#8211; catering<\/a><\/span><\/h4>\n<h4><span style=\"color: #ff0000;\"><a style=\"color: #ff0000;\" href=\"https:\/\/www.medskvz.org\/web\/wp-content\/uploads\/2022\/07\/Poziv-za-dostavu-ponuda-RCK-S-07J-catering.pdf\">Poziv za dostavu ponuda &#8211; RCK-S-07J &#8211; catering<\/a><\/span><\/h4>\n<h4>\u00a0<\/h4>\n<h4 style=\"text-align: center;\">***<\/h4>\n<blockquote>\n<h4><strong><span style=\"font-family: arial, sans-serif;\">Poziv za dostavu ponude : RCK\/S-09J :\u00a0<\/span>\u00a0<i>Smje\u0161taj, prostor s opremom i catering za sudionike me\u0111u\u017eupanijskog natjecanja dentalnih tehni\u010dara u Vara\u017edinu 10.-11.5.2022\u00a0<\/i>uz objavu dokumentacije u prilogu.<\/strong><\/h4>\n<\/blockquote>\n<h4><span style=\"color: #ff0000;\"><a style=\"color: #ff0000;\" href=\"https:\/\/www.medskvz.org\/web\/wp-content\/uploads\/2022\/04\/Poziv-RCK-S-09J-dentalno-natjecanje.pdf\">Poziv &#8211; RCK-S-09J &#8211; dentalno natjecanje<\/a><\/span><\/h4>\n<h4><span style=\"color: #ff0000;\"><a style=\"color: #ff0000;\" href=\"https:\/\/www.medskvz.org\/web\/wp-content\/uploads\/2022\/04\/Poziv-RCK-S-09J-dentalno-natjecanje.docx\">Poziv-RCK-S-09J-dentalno natjecanje<\/a><\/span><\/h4>\n<h4><span style=\"color: #ff0000;\"><a style=\"color: #ff0000;\" href=\"https:\/\/www.medskvz.org\/web\/wp-content\/uploads\/2022\/04\/Prijedlog-Ugovora-RCK-S-09J-dentalno-natjecanje.docx\">Prijedlog Ugovora &#8211; RCK-S-09J-dentalno natjecanje<\/a><\/span><\/h4>\n<\/div>\n<hr \/>\n<p style=\"text-align: center;\">***<\/p>\n<div>\n<blockquote>\n<h4><strong>Poziv za dostavu ponuda u postupku jednostavne nabave RCK\/S-03J<\/strong><\/h4>\n<\/blockquote>\n<h4><span style=\"color: #ff0000;\"><a style=\"color: #ff0000;\" href=\"https:\/\/www.medskvz.org\/web\/wp-content\/uploads\/2022\/03\/POZIV_JN_RCK-S-03J.pdf\">POZIV_JN_RCK-S-03J<\/a><\/span><\/h4>\n<h4><span style=\"color: #ff0000;\"><a style=\"color: #ff0000;\" href=\"https:\/\/www.medskvz.org\/web\/wp-content\/uploads\/2022\/03\/prijedlog-Ugovora-RCK-S-03J.docx\">prijedlog Ugovora RCK-S-03J<\/a><\/span><\/h4>\n<h4><span style=\"color: #ff0000;\"><a style=\"color: #ff0000;\" href=\"https:\/\/www.medskvz.org\/web\/wp-content\/uploads\/2022\/03\/POZIV_JN_RCK-S-03J.docx\">POZIV_JN_RCK-S-03J<\/a><\/span><\/h4>\n<hr \/>\n<h4>\u00a0<\/h4>\n<h4 style=\"text-align: center;\">***<\/h4>\n<blockquote>\n<h4><strong>Obavijest o odabiru ponude u postupku jednostavne javne nabave RCK\/S-01J<\/strong><\/h4>\n<\/blockquote>\n<h4><span style=\"color: #ff0000;\"><a style=\"color: #ff0000;\" href=\"https:\/\/www.medskvz.org\/web\/wp-content\/uploads\/2022\/02\/Obavijest-o-odabiru-RCK-S-01J.pdf\">Obavijest o odabiru &#8211; RCK-S-01J<\/a><\/span><\/h4>\n<\/div>\n<div><hr \/><\/div>\n<div style=\"text-align: center;\">***<\/div>\n<div>\u00a0<\/div>\n<div>\u00a0<\/div>\n<blockquote>\n<h4><strong>Poziv za dostavu ponuda u postupku jednostavne nabave RCK\/S-01J : <\/strong><i>Organizacija stru\u010dnog usavr\u0161avanja u podru\u010dju fizioterapeutske procjene (DRY NEEDLING) i (BOWEN te\u010daj) za nastavnike RCK-a i partnerskih \u0161kola<\/i><\/h4>\n<\/blockquote>\n<h3>\u00a0<\/h3>\n<h4><span style=\"color: #ff0000;\"><a style=\"color: #ff0000;\" href=\"https:\/\/www.medskvz.org\/web\/wp-content\/uploads\/2022\/01\/POZIV_JN_RCK-S-01J.docx\">POZIV_JN_RCK-S-01J<\/a><\/span><\/h4>\n<h4><span style=\"color: #ff0000;\"><a style=\"color: #ff0000;\" href=\"https:\/\/www.medskvz.org\/web\/wp-content\/uploads\/2022\/01\/Poziv_JN_RCK-S-01J.pdf\">Poziv_JN_RCK-S-01J<\/a><\/span><\/h4>\n<h4><span style=\"color: #ff0000;\"><a style=\"color: #ff0000;\" href=\"https:\/\/www.medskvz.org\/web\/wp-content\/uploads\/2022\/01\/prijedlog-Ugovora-RCK-S-01J.docx\">prijedlog Ugovora RCK-S-01J<\/a><\/span><\/h4>\n<hr \/>\n<h4>\u00a0<\/h4>\n<h4 style=\"text-align: center;\">***<\/h4>\n<p>\u00a0<\/p>\n<blockquote>\n<h4><strong>Obavijest o odabiru ponude u postupku jednostavne javne nabave RCK\/S-29.<\/strong><\/h4>\n<\/blockquote>\n<h4><span style=\"color: #ff0000;\"><a style=\"color: #ff0000;\" href=\"https:\/\/www.medskvz.org\/web\/wp-content\/uploads\/2021\/11\/Obavijest-o-odabiru-RCK-S-29.pdf\">Obavijest o odabiru &#8211; RCK- S-29<\/a><\/span><\/h4>\n<hr \/>\n<h4>\u00a0<\/h4>\n<p style=\"text-align: center;\">***<\/p>\n<blockquote>\n<h4><strong>Poziv za dostavu ponuda u postupku jednostavne nabave RCK\/S-29 : Organizacija 6 stru\u010dnih usavr\u0161avanja iz podru\u010dja hitne medicine za nastavnike RCK-a i partnerskih \u0161kola te prijedlog Ugovora<\/strong><\/h4>\n<\/blockquote>\n<h4><span style=\"color: #ff0000;\"><a style=\"color: #ff0000;\" href=\"https:\/\/www.medskvz.org\/web\/wp-content\/uploads\/2021\/11\/prijedlog-Ugovora-RCK-S-29.docx\">prijedlog Ugovora RCK-S-29<\/a><\/span><\/h4>\n<h4><span style=\"color: #ff0000;\"><a style=\"color: #ff0000;\" href=\"https:\/\/www.medskvz.org\/web\/wp-content\/uploads\/2021\/11\/Poziv_JN_-RCK-S-29.pdf\">Poziv_JN_ RCK-S-29<\/a><\/span><\/h4>\n<h4><span style=\"color: #ff0000;\"><a style=\"color: #ff0000;\" href=\"https:\/\/www.medskvz.org\/web\/wp-content\/uploads\/2021\/11\/POZIV_JN_RCK-S-29.docx\">POZIV_JN_RCK-S-29<\/a><\/span><\/h4>\n<h4>\u00a0<\/h4>\n<hr \/>\n<h4 style=\"text-align: center;\">***<\/h4>\n<blockquote>\n<h4><strong><b>Poziv za dostavu ponuda : RCK\/S-28 : Organizirani prijevoz i smje\u0161taj sudionika kongresa u STEM podru\u010dju &#8211; Carnet CUC 2021<\/b><\/strong><\/h4>\n<\/blockquote>\n<h4><span style=\"color: #ff0000;\"><a style=\"color: #ff0000;\" href=\"https:\/\/www.medskvz.org\/web\/wp-content\/uploads\/2021\/10\/POZIV_JN_RCK-S-28-CUC-2021.docx\">POZIV_JN_RCK-S-28- CUC 2021<\/a><\/span><\/h4>\n<h4><span style=\"color: #ff0000;\"><a style=\"color: #ff0000;\" href=\"https:\/\/www.medskvz.org\/web\/wp-content\/uploads\/2021\/10\/Prijedlog-ugovora_RCK-S-28.docx\">Prijedlog ugovora_RCK-S-28<\/a><\/span><\/h4>\n<h4><span style=\"color: #ff0000;\"><a style=\"color: #ff0000;\" href=\"https:\/\/www.medskvz.org\/web\/wp-content\/uploads\/2021\/10\/POZIV_JN_RCK-S-28-CUC-2021.pdf\">POZIV_JN_RCK-S-28- CUC 2021<\/a><\/span><\/h4>\n<hr \/>\n<p style=\"text-align: center;\">***<\/p>\n<blockquote>\n<h4><strong>IZMJENA POZIVA ZA DOSTAVU PONUDA RCK\/S-28<\/strong><\/h4>\n<\/blockquote>\n<h4><span style=\"color: #ff0000;\"><a style=\"color: #ff0000;\" href=\"https:\/\/www.medskvz.org\/web\/wp-content\/uploads\/2021\/10\/01_IZMJENA_POZIV_JN_RCK-S-28-CUC-2021.docx\">01_IZMJENA_POZIV_JN_RCK-S-28- CUC 2021<\/a><\/span><\/h4>\n<h4><span style=\"color: #ff0000;\"><a style=\"color: #ff0000;\" href=\"https:\/\/www.medskvz.org\/web\/wp-content\/uploads\/2021\/10\/01_IZMJENA_POZIV_JN_RCK-S-28-CUC-2021.pdf\">01_IZMJENA_POZIV_JN_RCK-S-28- CUC 2021<\/a><\/span><\/h4>\n<h4><span style=\"color: #ff0000;\"><a style=\"color: #ff0000;\" href=\"https:\/\/www.medskvz.org\/web\/wp-content\/uploads\/2021\/10\/Prijedlog-ugovora_RCK-S-28-1.docx\">Prijedlog ugovora_RCK-S-28<\/a><\/span><\/h4>\n<h4>\u00a0<\/h4>\n","protected":false},"excerpt":{"rendered":"<div class=\"slide-text-bg2\"><span>RCK\/S-7\/2023 &#8211;\u00a0Smje\u0161taj, prostor s opremom i catering za sudionike me\u0111u\u017eupanijskog natjecanja dentalnih tehni\u010dara u Vara\u017edinu 10.-11.5.2023. RC<\/span><\/div>\n<div class=\"slide-btn-area-sm\"><a href=\"https:\/\/www.medskvz.org\/web\/jednostavna-nabava\/\" class=\"slide-btn-sm\">Pro\u010ditaj vi\u0161e<\/a><\/div>\n","protected":false},"author":12,"featured_media":0,"parent":0,"menu_order":0,"comment_status":"closed","ping_status":"closed","template":"","meta":[],"_links":{"self":[{"href":"https:\/\/www.medskvz.org\/web\/wp-json\/wp\/v2\/pages\/12576"}],"collection":[{"href":"https:\/\/www.medskvz.org\/web\/wp-json\/wp\/v2\/pages"}],"about":[{"href":"https:\/\/www.medskvz.org\/web\/wp-json\/wp\/v2\/types\/page"}],"author":[{"embeddable":true,"href":"https:\/\/www.medskvz.org\/web\/wp-json\/wp\/v2\/users\/12"}],"replies":[{"embeddable":true,"href":"https:\/\/www.medskvz.org\/web\/wp-json\/wp\/v2\/comments?post=12576"}],"version-history":[{"count":21,"href":"https:\/\/www.medskvz.org\/web\/wp-json\/wp\/v2\/pages\/12576\/revisions"}],"predecessor-version":[{"id":14795,"href":"https:\/\/www.medskvz.org\/web\/wp-json\/wp\/v2\/pages\/12576\/revisions\/14795"}],"wp:attachment":[{"href":"https:\/\/www.medskvz.org\/web\/wp-json\/wp\/v2\/media?parent=12576"}],"curies":[{"name":"wp","href":"https:\/\/api.w.org\/{rel}","templated":true}]}}