{"id":11177,"date":"2020-10-20T12:34:41","date_gmt":"2020-10-20T10:34:41","guid":{"rendered":"https:\/\/www.medskvz.org\/web\/?page_id=11177"},"modified":"2020-10-20T12:34:44","modified_gmt":"2020-10-20T10:34:44","slug":"o-etwinning-projektu-rastimo-zajedno-kroz-umjetnost","status":"publish","type":"page","link":"https:\/\/www.medskvz.org\/web\/o-etwinning-projektu-rastimo-zajedno-kroz-umjetnost\/","title":{"rendered":"O eTwinning projektu &#8220;Rastimo zajedno kroz umjetnost&#8221;"},"content":{"rendered":"\n<p><a href=\"https:\/\/www.medskvz.org\/web\/wp-content\/uploads\/2020\/10\/eTwinning-logo.png\"><img loading=\"lazy\" class=\"aligncenter size-full wp-image-11178 colorbox-11177\" src=\"https:\/\/www.medskvz.org\/web\/wp-content\/uploads\/2020\/10\/eTwinning-logo.png\" alt=\"\" width=\"301\" height=\"167\" \/><\/a>Medicinska \u0161kola Vara\u017edin postala je \u0161kola partner u eTwinning projektu <em>\u201eRastimo zajedno kroz umjetnost\u201c<\/em> koji je pokrenula \u0160kola likovnih umjetnosti Split.<\/p>\n<p>S profesoricama Nata\u0161om Vukovi\u0107 i Nata\u0161om Naran\u010di\u0107 u\u010denici 3. c razreda sudjelovat \u0107e u brojnim aktivnostima \u010diji je cilj osobni razvoj i rast, razvijanje tolerancije i razumijevanje razli\u010ditosti istra\u017eivanjem razli\u010ditih kultura; razmjena iskustava, izra\u017eavanje sebe te stvaranje novih poznanstava kreativnim radom u nekom umjetni\u010dkom podru\u010dju (likovnost, jezi\u010dno izra\u017eavanje, knji\u017eevnost, glazba, ples, gluma). To \u0107e ostvariti me\u0111usobnom suradnjom kori\u0161tenjem digitalne tehnologije te sudjelovanjem u istra\u017eiva\u010dkoj i projektnoj nastavi razli\u010ditim nastavnim oblicima: samostalno, radom u paru te radom u skupinama. U\u010denici \u0107e biti kreativni, odgovorni i samostalni, a voditelji \u0107e ih usmjeravati i poticati.<br \/>Radom na projektu u\u010denici \u0107e razvijati socijalne i komunikacijske vje\u0161tine, prihvatljivo pona\u0161anje, samopouzdanje i pozitivnu sliku o sebi, empatiju te uva\u017eavanje i prihva\u0107anje razli\u010ditosti.<\/p>\n<p>Projekt \u0107e biti integriran u \u0161kolske kurikulume za \u0161k. godinu 2020.\/2021., a partneri (voditelji i u\u010denici) uspostavit \u0107e komunikaciju i predstaviti se na Twinspaceu dijeljenjem kolekcija nastalih materijala: videozapisa, likovnih uradaka i pisanih tekstova te organiziranjem doga\u0111aja u\u017eivo. Osim na Twinspaceu radovi \u0107e biti javno dostupni i na web stranici projekta, Facebook grupi projekta te na web stranicama \u0161kola sudionica u projektu.<br \/>Projekt \u0107e se odvijati od 1. rujna 2020. godine do 31. kolovoza 2021. godine u suradnji s drugim partnerskim \u0161kolama iz Republike Hrvatske i drugih zemalja.<\/p>\n<p><a href=\"https:\/\/www.medskvz.org\/web\/wp-content\/uploads\/2020\/10\/ucenici-3-c-razreda.jpg\"><img loading=\"lazy\" class=\"aligncenter size-medium wp-image-11179 colorbox-11177\" src=\"https:\/\/www.medskvz.org\/web\/wp-content\/uploads\/2020\/10\/ucenici-3-c-razreda-300x214.jpg\" alt=\"\" width=\"300\" height=\"214\" srcset=\"https:\/\/www.medskvz.org\/web\/wp-content\/uploads\/2020\/10\/ucenici-3-c-razreda-300x214.jpg 300w, https:\/\/www.medskvz.org\/web\/wp-content\/uploads\/2020\/10\/ucenici-3-c-razreda-1024x731.jpg 1024w, https:\/\/www.medskvz.org\/web\/wp-content\/uploads\/2020\/10\/ucenici-3-c-razreda-768x549.jpg 768w, https:\/\/www.medskvz.org\/web\/wp-content\/uploads\/2020\/10\/ucenici-3-c-razreda-1536x1097.jpg 1536w, https:\/\/www.medskvz.org\/web\/wp-content\/uploads\/2020\/10\/ucenici-3-c-razreda-2048x1463.jpg 2048w\" sizes=\"(max-width: 300px) 100vw, 300px\" \/><\/a><\/p>\n","protected":false},"excerpt":{"rendered":"<div class=\"slide-text-bg2\"><span>Medicinska \u0161kola Vara\u017edin postala je \u0161kola partner u eTwinning projektu \u201eRastimo zajedno kroz umjetnost\u201c koji je pokrenula \u0160kola likovnih umjetnost<\/span><\/div>\n<div class=\"slide-btn-area-sm\"><a href=\"https:\/\/www.medskvz.org\/web\/o-etwinning-projektu-rastimo-zajedno-kroz-umjetnost\/\" class=\"slide-btn-sm\">Pro\u010ditaj vi\u0161e<\/a><\/div>\n","protected":false},"author":12,"featured_media":0,"parent":0,"menu_order":0,"comment_status":"closed","ping_status":"closed","template":"","meta":[],"_links":{"self":[{"href":"https:\/\/www.medskvz.org\/web\/wp-json\/wp\/v2\/pages\/11177"}],"collection":[{"href":"https:\/\/www.medskvz.org\/web\/wp-json\/wp\/v2\/pages"}],"about":[{"href":"https:\/\/www.medskvz.org\/web\/wp-json\/wp\/v2\/types\/page"}],"author":[{"embeddable":true,"href":"https:\/\/www.medskvz.org\/web\/wp-json\/wp\/v2\/users\/12"}],"replies":[{"embeddable":true,"href":"https:\/\/www.medskvz.org\/web\/wp-json\/wp\/v2\/comments?post=11177"}],"version-history":[{"count":1,"href":"https:\/\/www.medskvz.org\/web\/wp-json\/wp\/v2\/pages\/11177\/revisions"}],"predecessor-version":[{"id":11180,"href":"https:\/\/www.medskvz.org\/web\/wp-json\/wp\/v2\/pages\/11177\/revisions\/11180"}],"wp:attachment":[{"href":"https:\/\/www.medskvz.org\/web\/wp-json\/wp\/v2\/media?parent=11177"}],"curies":[{"name":"wp","href":"https:\/\/api.w.org\/{rel}","templated":true}]}}