{"id":11026,"date":"2020-10-06T11:47:34","date_gmt":"2020-10-06T09:47:34","guid":{"rendered":"https:\/\/www.medskvz.org\/web\/?page_id=11026"},"modified":"2022-01-13T14:23:31","modified_gmt":"2022-01-13T12:23:31","slug":"poveznica-na-medije","status":"publish","type":"page","link":"https:\/\/www.medskvz.org\/web\/poveznica-na-medije\/","title":{"rendered":"POVEZNICE NA MEDIJE"},"content":{"rendered":"\n<div class=\"wp-block-image\"><figure class=\"aligncenter size-large is-resized\"><img loading=\"lazy\" src=\"https:\/\/www.medskvz.org\/web\/wp-content\/uploads\/2020\/10\/Emblem-za-web-odrezan-1-1024x194.png\" alt=\"\" class=\"wp-image-11017 colorbox-11026\" width=\"750\" height=\"141\" srcset=\"https:\/\/www.medskvz.org\/web\/wp-content\/uploads\/2020\/10\/Emblem-za-web-odrezan-1-1024x194.png 1024w, https:\/\/www.medskvz.org\/web\/wp-content\/uploads\/2020\/10\/Emblem-za-web-odrezan-1-300x57.png 300w, https:\/\/www.medskvz.org\/web\/wp-content\/uploads\/2020\/10\/Emblem-za-web-odrezan-1-1536x291.png 1536w, https:\/\/www.medskvz.org\/web\/wp-content\/uploads\/2020\/10\/Emblem-za-web-odrezan-1-2048x388.png 2048w\" sizes=\"(max-width: 750px) 100vw, 750px\" \/><\/figure><\/div>\n\n\n<p style=\"text-align: left;\"><span style=\"color: #0000ff;\"><strong>Uspostava Regionalnog centra kompetentnosti inovativnih zdravstvenih tehnologija pri Medicinskoj \u0161koli Vara\u017edin UP.03.3.1.04.0004<\/strong><\/span><\/p>\n\n\n<figure class=\"wp-block-pullquote\"><blockquote><p><strong>\u010cLANCI&nbsp;O PROJEKTU&nbsp;IZ DRUGIH MEDIJA<\/strong><\/p><\/blockquote><\/figure>\n\n\n<h5>[28.12.2021.]<\/h5>\n<h1><strong><em>Premijer Plenkovi\u0107 u posjeti Medicinskoj \u0161koli Vara\u017edin<\/em><\/strong><\/h1>\n<p>\u00a0<\/p>\n<p><a href=\"https:\/\/www.varazdinske-vijesti.hr\/aktualno\/skica-foto-premijer-obisao-gradiliste-buduceg-regionalnog-centra-kompetentnosti-pri-medicinskoj-skoli-54728\" target=\"_blank\" rel=\"noopener\">https:\/\/www.varazdinske-vijesti.hr\/aktualno\/skica-foto-premijer-obisao-gradiliste-buduceg-regionalnog-centra-kompetentnosti-pri-medicinskoj-skoli-54728<\/a><\/p>\n<p><blockquote class=\"wp-embedded-content\" data-secret=\"VnzA00EgTI\"><a href=\"https:\/\/sjever.hr\/2021\/12\/27\/premijer-plenkovic-u-varazdinskoj-zupaniji-posjetio-vindiju-obisao-radove-na-najboljoj-skoli-zdravstva-u-hrvatskoj-slijedi-highlight\/\" target=\"_blank\" rel=\"noopener\">Premijer Plenkovi\u0107 u Vara\u017edinskoj \u017eupaniji posjetio Vindiju, obi\u0161ao radove na najboljoj \u0161koli zdravstva u Hrvatskoj, slijedi &#8220;highlight&#8221;<\/a><\/blockquote><iframe class=\"wp-embedded-content\" sandbox=\"allow-scripts\" security=\"restricted\" style=\"position: absolute; clip: rect(1px, 1px, 1px, 1px);\" title=\"&#8220;Premijer Plenkovi\u0107 u Vara\u017edinskoj \u017eupaniji posjetio Vindiju, obi\u0161ao radove na najboljoj \u0161koli zdravstva u Hrvatskoj, slijedi &#8220;highlight&#8221;&#8221; &#8212; Sjever.hr\" src=\"https:\/\/sjever.hr\/2021\/12\/27\/premijer-plenkovic-u-varazdinskoj-zupaniji-posjetio-vindiju-obisao-radove-na-najboljoj-skoli-zdravstva-u-hrvatskoj-slijedi-highlight\/embed\/#?secret=VnzA00EgTI\" data-secret=\"VnzA00EgTI\" width=\"500\" height=\"282\" frameborder=\"0\" marginwidth=\"0\" marginheight=\"0\" scrolling=\"no\"><\/iframe><\/p>\n<p><a href=\"https:\/\/evarazdin.hr\/drustvo\/foto-premijeru-predstavljen-projekt-koji-ce-varazdin-vinuti-u-medicinski-vrh-evo-sto-je-rekao-395064\/\" target=\"_blank\" rel=\"noopener\">https:\/\/evarazdin.hr\/drustvo\/foto-premijeru-predstavljen-projekt-koji-ce-varazdin-vinuti-u-medicinski-vrh-evo-sto-je-rekao-395064\/<\/a> <\/p>\n<p><a href=\"https:\/\/prigorski.hr\/video-premijer-obisao-gradiliste-buduceg-regionalnog-centra-kompetentnosti-inovativnih-zdravstvenih-tehnologija-pri-medicinskoj-skoli-varazdin\/\" target=\"_blank\" rel=\"noopener\">https:\/\/prigorski.hr\/video-premijer-obisao-gradiliste-buduceg-regionalnog-centra-kompetentnosti-inovativnih-zdravstvenih-tehnologija-pri-medicinskoj-skoli-varazdin\/<\/a><\/p>\n<p><a href=\"https:\/\/varazdinski.net.hr\/vijesti\/drustvo\/4165770\/fotogalerija-premijer-andrej-plenkovic-u-radnom-posjetu-varazdinu\/\" target=\"_blank\" rel=\"noopener\">https:\/\/varazdinski.net.hr\/vijesti\/drustvo\/4165770\/fotogalerija-premijer-andrej-plenkovic-u-radnom-posjetu-varazdinu\/<\/a><\/p>\n<p>\u00a0<\/p>\n<p>\u00a0<\/p>\n<p>\u00a0<\/p>\n\n\n<hr class=\"wp-block-separator is-style-wide\"\/>\n\n\n<h5>[14.12.2021.]<\/h5>\n<h1><strong><em>ODR\u017dANA UVODNA KONFERENCIJA<\/em><\/strong><\/h1>\n<p>\u00a0<\/p>\n<p>\u00a0<\/p>\n\n\n<div class=\"wp-container-4 wp-block-columns\">\n<div class=\"wp-container-1 wp-block-column\">\n<figure class=\"wp-block-image size-full\"><a href=\"https:\/\/www.rrvz.hr\/2021\/12\/odrzana-uvodna-konferencija-projekta-uspostava-regionalnog-centra-kompetentnosti-inovativnih-zdravstvenih-tehnologija-pri-medicinskoj-skoli-varazdin\/\" target=\"_blank\" rel=\"noopener\"><img loading=\"lazy\" width=\"352\" height=\"71\" src=\"https:\/\/www.medskvz.org\/web\/wp-content\/uploads\/2021\/12\/jura-1.jpg\" alt=\"\" class=\"wp-image-12990 colorbox-11026\" srcset=\"https:\/\/www.medskvz.org\/web\/wp-content\/uploads\/2021\/12\/jura-1.jpg 352w, https:\/\/www.medskvz.org\/web\/wp-content\/uploads\/2021\/12\/jura-1-300x61.jpg 300w\" sizes=\"(max-width: 352px) 100vw, 352px\" \/><\/a><\/figure>\n<\/div>\n\n\n\n<div class=\"wp-container-2 wp-block-column\">\n<figure class=\"wp-block-image size-full\"><a href=\"https:\/\/evarazdin.hr\/etv\/etv-projekt-dogradnje-medicinske-skole-i-uspostava-centra-kompentencija-vrijedan-je-90-milijuna-394865\/\" target=\"_blank\" rel=\"noopener\"><img loading=\"lazy\" width=\"182\" height=\"118\" src=\"https:\/\/www.medskvz.org\/web\/wp-content\/uploads\/2021\/12\/e-varazdin-3.jpg\" alt=\"\" class=\"wp-image-12991 colorbox-11026\"\/><\/a><\/figure>\n<\/div>\n\n\n\n<div class=\"wp-container-3 wp-block-column\">\n<figure class=\"wp-block-image size-full\"><a href=\"https:\/\/www.tportal.hr\/vijesti\/clanak\/foto-projekt-od-49-milijuna-kuna-medicinska-skola-varazdin-postaje-najsuvremenije-obrazovno-srediste-za-buduce-zdravstvene-djelatnike-foto-20211215\" target=\"_blank\" rel=\"noopener\"><img loading=\"lazy\" width=\"180\" height=\"62\" src=\"https:\/\/www.medskvz.org\/web\/wp-content\/uploads\/2021\/12\/tportal-3.jpg\" alt=\"\" class=\"wp-image-12992 colorbox-11026\"\/><\/a><\/figure>\n<\/div>\n<\/div>\n\n\n\n<div class=\"wp-container-7 wp-block-columns\">\n<div class=\"wp-container-5 wp-block-column\">\n<figure class=\"wp-block-image size-full\"><a href=\"https:\/\/www.varazdinske-vijesti.hr\/drustvo\/medicinska-skola-postat-ce-najmodernije-srediste-za-obrazovanje-buducih-zdravstvenih-djelatnika-54380\" target=\"_blank\" rel=\"noopener\"><img loading=\"lazy\" width=\"321\" height=\"96\" src=\"https:\/\/www.medskvz.org\/web\/wp-content\/uploads\/2021\/12\/Varazdinec-3.png\" alt=\"\" class=\"wp-image-12993 colorbox-11026\" srcset=\"https:\/\/www.medskvz.org\/web\/wp-content\/uploads\/2021\/12\/Varazdinec-3.png 321w, https:\/\/www.medskvz.org\/web\/wp-content\/uploads\/2021\/12\/Varazdinec-3-300x90.png 300w\" sizes=\"(max-width: 321px) 100vw, 321px\" \/><\/a><\/figure>\n<\/div>\n\n\n\n<div class=\"wp-container-6 wp-block-column\">\n<figure class=\"wp-block-image size-full\"><a href=\"https:\/\/regionalni.com\/medicinska-skola-sve-je-blize-najmodernijem-sredistu-za-obrazovanje-buducih-zdravstvenih-djelatnika\/\" target=\"_blank\" rel=\"noopener\"><img loading=\"lazy\" width=\"348\" height=\"91\" src=\"https:\/\/www.medskvz.org\/web\/wp-content\/uploads\/2021\/12\/regionalni-3.jpg\" alt=\"\" class=\"wp-image-12994 colorbox-11026\" srcset=\"https:\/\/www.medskvz.org\/web\/wp-content\/uploads\/2021\/12\/regionalni-3.jpg 348w, https:\/\/www.medskvz.org\/web\/wp-content\/uploads\/2021\/12\/regionalni-3-300x78.jpg 300w\" sizes=\"(max-width: 348px) 100vw, 348px\" \/><\/a><\/figure>\n<\/div>\n<\/div>\n\n\n\n<div style=\"height:100px\" aria-hidden=\"true\" class=\"wp-block-spacer\"><\/div>\n\n\n\n<hr class=\"wp-block-separator is-style-wide\"\/>\n\n\n\n<h6>[12.11.2021.]<\/h6>\n<p><a href=\"https:\/\/www.varazdinske-vijesti.hr\/drustvo\/medicinska-skola-varazdin-na-23-carnet-ovoj-konferenciji-cuc-2021-nove-prilike-53306\" target=\"_blank\" rel=\"noopener\">https:\/\/www.varazdinske-vijesti.hr\/drustvo\/medicinska-skola-varazdin-na-23-carnet-ovoj-konferenciji-cuc-2021-nove-prilike-53306<\/a><\/p>\n\n\n\n<h6>[01.06.2021.]<\/h6>\n<p><blockquote class=\"wp-embedded-content\" data-secret=\"LE2FfV5OGl\"><a href=\"https:\/\/regionalni.com\/buduci-medicinari-najprije-vjezbali-u-laboratoriju-i-kabinetima-a-potom-su-uslijedila-predavanja\/\" target=\"_blank\" rel=\"noopener\">Budu\u0107i medicinari najprije vje\u017ebali u laboratoriju i kabinetima, a potom su uslijedila predavanja<\/a><\/blockquote><iframe class=\"wp-embedded-content\" sandbox=\"allow-scripts\" security=\"restricted\" style=\"position: absolute; clip: rect(1px, 1px, 1px, 1px);\" title=\"&#8220;Budu\u0107i medicinari najprije vje\u017ebali u laboratoriju i kabinetima, a potom su uslijedila predavanja&#8221; &#8212; 7Plus\" src=\"https:\/\/regionalni.com\/buduci-medicinari-najprije-vjezbali-u-laboratoriju-i-kabinetima-a-potom-su-uslijedila-predavanja\/embed\/#?secret=LE2FfV5OGl\" data-secret=\"LE2FfV5OGl\" width=\"500\" height=\"282\" frameborder=\"0\" marginwidth=\"0\" marginheight=\"0\" scrolling=\"no\"><\/iframe><\/p>\n\n\n\n<hr class=\"wp-block-separator is-style-wide\"\/>\n\n\n\n<h6>[11.02.2021.]<\/h6>\n\n\n\n<p><a href=\"https:\/\/evarazdin.hr\/drustvo\/potpisan-sporazum-medicinske-skole-varazdina-i-fakulteta-zdravstvenih-studija-sveucilista-u-rijeci-389255\/?fbclid=IwAR34eMfebwHqmi-XcVEenAOmXzHJD0yi1a3N01o_Q_wTM4TsihdUiQLsHB8\" target=\"_blank\" rel=\"noopener\"><span style=\"color: #0000ff;\">https:\/\/evarazdin.hr\/drustvo\/potpisan-sporazum-medicinske-skole-varazdina-i-fakulteta-zdravstvenih-studija-sveucilista-u-rijeci-389255\/?fbclid=IwAR34eMfebwHqmi-XcVEenAOmXzHJD0yi1a3N01o_Q_wTM4TsihdUiQLsHB8<\/span><\/a><\/p>\n\n\n\n<hr class=\"wp-block-separator is-style-wide\"\/>\n\n\n\n<h6>[28.10.2020.]<\/h6>\n\n\n\n<p><blockquote class=\"wp-embedded-content\" data-secret=\"15mlX3Epkx\"><a href=\"https:\/\/regionalni.com\/medicinska-skola-pocela-s-aktivnostima-u-projektu-vrijednom-48-milijuna-kuna\/\" target=\"_blank\" rel=\"noopener\">Medicinska \u0161kola po\u010dela s aktivnostima u projektu vrijednom 48 milijuna kuna<\/a><\/blockquote><iframe class=\"wp-embedded-content\" sandbox=\"allow-scripts\" security=\"restricted\" style=\"position: absolute; clip: rect(1px, 1px, 1px, 1px);\" title=\"&#8220;Medicinska \u0161kola po\u010dela s aktivnostima u projektu vrijednom 48 milijuna kuna&#8221; &#8212; 7Plus\" src=\"https:\/\/regionalni.com\/medicinska-skola-pocela-s-aktivnostima-u-projektu-vrijednom-48-milijuna-kuna\/embed\/#?secret=15mlX3Epkx\" data-secret=\"15mlX3Epkx\" width=\"500\" height=\"282\" frameborder=\"0\" marginwidth=\"0\" marginheight=\"0\" scrolling=\"no\"><\/iframe><\/p>\n\n\n\n<hr class=\"wp-block-separator is-style-wide\"\/>\n\n\n\n<h6>[27.10.2020.]<\/h6>\n\n\n\n<ul>\n<li id=\"block-4a94bdee-44e6-421b-b9b4-214602cc4d6a\" class=\"block-editor-block-list__block wp-block is-selected rich-text block-editor-rich-text__editable is-hovered wp-block\" tabindex=\"0\" role=\"textbox\" aria-label=\"Napi\u0161ite naslov...\" aria-multiline=\"true\" data-block=\"4a94bdee-44e6-421b-b9b4-214602cc4d6a\" data-type=\"core\/heading\" data-title=\"Naslov\" contenteditable=\"true\">\n<h4>Medicinska \u0161kola Vara\u017edin zapo\u010dela s projektom vrijednim 48.799.878,03 kuna<\/h4>\n<\/li>\n<\/ul>\n\n\n\n<h4 style=\"text-align: center;\"><a style=\"font-size: 1em; text-align: center;\" href=\"https:\/\/www.sjeverni.info\/medicinska-skola-varazdin-zapocela-s-projektom-vrijednim-gotovo-50-mil-kuna\/\" target=\"_blank\" rel=\"noopener\">Sjeverni.info<\/a><span style=\"color: inherit; font-size: 1em; text-align: center;\">| <\/span><a style=\"font-size: 1em; text-align: center;\" href=\"https:\/\/evarazdin.hr\/nasim-krajem\/medicinska-skola-varazdin-zapocela-s-projektom-vrijednim-vise-od-48-milijuna-kuna-387565\/\" target=\"_blank\" rel=\"noopener\">e-vara\u017edin<\/a><span style=\"color: inherit; font-size: 1em; text-align: center;\"> |<\/span><a style=\"font-size: 1em; text-align: center;\" href=\"https:\/\/varazdinski.net.hr\/vijesti\/skolski-kutak\/3913774\/medicinska-skola-varazdin-zapocela-s-projektom-vrijednim-gotovo-49-milijuna-kuna\/\" target=\"_blank\" rel=\"noopener\">Vara\u017edinski.hr<\/a><span style=\"color: inherit; font-size: 1em; text-align: center;\"> |<\/span><a style=\"font-size: 1em; text-align: center;\" href=\"https:\/\/www.radiomegaton.hr\/novosti\/regija\/item\/7698-medicinska-skola-varazdin-zapocela-s-projektom-vrijednim-48-8-milijuna-kuna.html\" target=\"_blank\" rel=\"noopener\">radio Megaton<\/a><span style=\"color: inherit; font-size: 1em; text-align: center;\">&nbsp;<\/span><\/h4>\n\n\n\n<hr class=\"wp-block-separator is-style-wide\"\/>\n\n\n\n<h6>[01.07.2020.]<\/h6>\n<ul>\n<li>\n<h4><span style=\"color: #0000ff;\"><a style=\"color: #0000ff;\" href=\"https:\/\/mzo.gov.hr\/vijesti\/medicinska-skola-u-varazdinu-postaje-regionalni-centar-kompetentnosti\/3841\" target=\"_blank\" rel=\"noopener\"><span style=\"font-size: inherit;\">https:\/\/mzo.gov.hr\/vijesti\/medicinska-skola-u-varazdinu-postaje-regionalni-centar-kompetentnosti\/3841<\/span><\/a><\/span><\/h4>\n<\/li>\n<\/ul>\n\n\n\n<hr class=\"wp-block-separator is-style-wide\"\/>\n\n\n<h6>[01.07.2020.]<\/h6>\n<ul>\n<li>\n<h4><span style=\"color: #0000ff; background-color: #ffffff;\"><a style=\"color: #0000ff; background-color: #ffffff;\" href=\"https:\/\/www.index.hr\/vijesti\/clanak\/medicinska-skola-u-varazdinu-postaje-regionalni-centar-kompetentnosti\/2194655.aspx\" target=\"_blank\" rel=\"noopener\">https:\/\/www.index.hr\/vijesti\/clanak\/medicinska-skola-u-varazdinu-postaje-regionalni-centar-kompetentnosti\/2194655.aspx<\/a><\/span><\/h4>\n<\/li>\n<\/ul>\n\n\n<hr class=\"wp-block-separator is-style-wide\"\/>\n\n\n\n<figure class=\"wp-block-image size-large is-resized\"><img loading=\"lazy\" src=\"https:\/\/www.medskvz.org\/web\/wp-content\/uploads\/2020\/10\/emblem-1-1024x322.png\" alt=\"\" class=\"wp-image-11022 colorbox-11026\" width=\"635\" height=\"199\" srcset=\"https:\/\/www.medskvz.org\/web\/wp-content\/uploads\/2020\/10\/emblem-1-1024x322.png 1024w, https:\/\/www.medskvz.org\/web\/wp-content\/uploads\/2020\/10\/emblem-1-300x94.png 300w, https:\/\/www.medskvz.org\/web\/wp-content\/uploads\/2020\/10\/emblem-1-768x242.png 768w, https:\/\/www.medskvz.org\/web\/wp-content\/uploads\/2020\/10\/emblem-1.png 1350w\" sizes=\"(max-width: 635px) 100vw, 635px\" \/><\/figure>\n\n\n","protected":false},"excerpt":{"rendered":"<div class=\"slide-text-bg2\"><span>Uspostava Regionalnog centra kompetentnosti inovativnih zdravstvenih tehnologija pri Medicinskoj \u0161koli Vara\u017edin UP.03.3.1.04.0004 \u010cLANCI&nbsp;O PROJEKTU<\/span><\/div>\n<div class=\"slide-btn-area-sm\"><a href=\"https:\/\/www.medskvz.org\/web\/poveznica-na-medije\/\" class=\"slide-btn-sm\">Pro\u010ditaj vi\u0161e<\/a><\/div>\n","protected":false},"author":12,"featured_media":0,"parent":0,"menu_order":0,"comment_status":"closed","ping_status":"closed","template":"","meta":[],"_links":{"self":[{"href":"https:\/\/www.medskvz.org\/web\/wp-json\/wp\/v2\/pages\/11026"}],"collection":[{"href":"https:\/\/www.medskvz.org\/web\/wp-json\/wp\/v2\/pages"}],"about":[{"href":"https:\/\/www.medskvz.org\/web\/wp-json\/wp\/v2\/types\/page"}],"author":[{"embeddable":true,"href":"https:\/\/www.medskvz.org\/web\/wp-json\/wp\/v2\/users\/12"}],"replies":[{"embeddable":true,"href":"https:\/\/www.medskvz.org\/web\/wp-json\/wp\/v2\/comments?post=11026"}],"version-history":[{"count":34,"href":"https:\/\/www.medskvz.org\/web\/wp-json\/wp\/v2\/pages\/11026\/revisions"}],"predecessor-version":[{"id":13096,"href":"https:\/\/www.medskvz.org\/web\/wp-json\/wp\/v2\/pages\/11026\/revisions\/13096"}],"wp:attachment":[{"href":"https:\/\/www.medskvz.org\/web\/wp-json\/wp\/v2\/media?parent=11026"}],"curies":[{"name":"wp","href":"https:\/\/api.w.org\/{rel}","templated":true}]}}