{"id":10924,"date":"2020-07-16T10:13:50","date_gmt":"2020-07-16T08:13:50","guid":{"rendered":"http:\/\/www.medskvz.org\/web\/?page_id=10924"},"modified":"2025-05-30T12:31:55","modified_gmt":"2025-05-30T10:31:55","slug":"uspostava-regionalnog-centra-kompetentnosti-inovativnih-zdravstvenih-tehnologija-pri-medicinskoj-skoli-varazdin-up-03-3-1-04-0004","status":"publish","type":"page","link":"https:\/\/www.medskvz.org\/web\/uspostava-regionalnog-centra-kompetentnosti-inovativnih-zdravstvenih-tehnologija-pri-medicinskoj-skoli-varazdin-up-03-3-1-04-0004\/","title":{"rendered":"Uspostava Regionalnog centra kompetentnosti inovativnih zdravstvenih tehnologija pri Medicinskoj \u0161koli Vara\u017edin UP.03.3.1.04.0004"},"content":{"rendered":"\n<figure class=\"wp-block-image size-large is-resized\"><img loading=\"lazy\" src=\"https:\/\/www.medskvz.org\/web\/wp-content\/uploads\/2020\/10\/Emblem-za-web-odrezan-1-1024x194.png\" alt=\"\" class=\"wp-image-11017 colorbox-10924\" width=\"728\" height=\"138\" srcset=\"https:\/\/www.medskvz.org\/web\/wp-content\/uploads\/2020\/10\/Emblem-za-web-odrezan-1-1024x194.png 1024w, https:\/\/www.medskvz.org\/web\/wp-content\/uploads\/2020\/10\/Emblem-za-web-odrezan-1-300x57.png 300w, https:\/\/www.medskvz.org\/web\/wp-content\/uploads\/2020\/10\/Emblem-za-web-odrezan-1-768x146.png 768w, https:\/\/www.medskvz.org\/web\/wp-content\/uploads\/2020\/10\/Emblem-za-web-odrezan-1-1536x291.png 1536w, https:\/\/www.medskvz.org\/web\/wp-content\/uploads\/2020\/10\/Emblem-za-web-odrezan-1-2048x388.png 2048w\" sizes=\"(max-width: 728px) 100vw, 728px\" \/><\/figure>\n\n\n\n<p><img loading=\"lazy\" class=\" wp-image-10723 alignleft colorbox-10924\" src=\"http:\/\/www.medskvz.org\/web\/wp-content\/uploads\/2020\/05\/crta-300x7.jpg\" alt=\"\" width=\"857\" height=\"20\" srcset=\"https:\/\/www.medskvz.org\/web\/wp-content\/uploads\/2020\/05\/crta-300x7.jpg 300w, https:\/\/www.medskvz.org\/web\/wp-content\/uploads\/2020\/05\/crta-768x17.jpg 768w, https:\/\/www.medskvz.org\/web\/wp-content\/uploads\/2020\/05\/crta.jpg 1283w\" sizes=\"(max-width: 857px) 100vw, 857px\" \/><\/p>\n\n\n\n<p><span style=\"color: #d90909;\"><strong>NAZIV PROJEK<span style=\"color: #d90909;\">TA:<\/span><\/strong><\/span><\/p>\n<p><strong>Uspostava Regionalnog centra kompetentnosti inovativnih zdravstvenih tehnologija pri Medicinskoj \u0161koli Vara\u017edin, UP.03.3.1.04.0004<\/strong><\/p>\n<p><span style=\"color: #d90909;\"><strong>CILJEVI I REZULTATI PROJEKTA:<\/strong><strong>\u00a0<\/strong><\/span><\/p>\n<p>Projektom \u0107e se u Regionalnom centru kompetentnosti Medicinske \u0161kole Vara\u017edin (dalje u tekstu: RCK Medicinska \u0161kola Vara\u017edin) uspostaviti nova organizacijska struktura, intenzivirati suradnja s relevantnim dionicima, osna\u017eiti \u00a0znanja, vje\u0161tine i kompetencije odgojno-obrazovnih radnika za razvoj\/unaprje\u0111enje i provedbu programa redovitoga strukovnog obrazovanja i programa obrazovanja odraslih. Isto tako, RCK Medicinske \u0161kole Vara\u017edin opremit \u0107e se specijaliziranom opremom za teorijsku i prakti\u010dnu nastavu, laboratorijske i klini\u010dke vje\u017ebe, a sve s ciljem postizanja agilnosti odgojno-obrazovnoga sustava RCK naspram potreba tr\u017ei\u0161ta rada u zdravstvu i profiliranja budu\u0107ih radnika s prakti\u010dnim znanjima.<\/p>\n<p><span style=\"color: #d90909;\"><strong>OPIS PROJEKTA:<\/strong><\/span><\/p>\n<p>Medicinska \u0161kola Vara\u017edin imenovana je Regionalnim centrom kompetentnosti (dalje u tekstu: RCK) u strukovnom obrazovanju u podsektoru Zdravstvo. Centru gravitiraju u\u010denici iz Vara\u017edinske te \u010detiri okolne \u017eupanije. Nedovoljna zastupljenost u\u010denja temeljenoga na radu, nedostatna kvaliteta prakti\u010dne nastave i vje\u017ebi, neuskla\u0111enost nastavnih planova i programa sa \u017eeljenim ishodima u\u010denja, manjak prakti\u010dnih znanja potrebnih za obavljanje odre\u0111enoga posla, nedostatna sprega RCK i poslodavaca, kao i interdisciplinarnoga pristupa osmi\u0161ljavanju obrazovnih programa i sadr\u017eaja, s naglaskom na inovacije, nu\u017enost ulaganja u izvrsnost odgojno-obrazovnih radnika, umre\u017eavanje s dionicima sustava odgoja i obrazovanja, \u0161irenje obrazovne ponude obrazovanja odraslih i prilagodba programa u\u010denicima s te\u0161ko\u0107ama potrebe su RCK Medicinske \u0161kole Vara\u017edin koje \u0107e se zadovoljiti provedbom projekta \u201eUspostava Regionalnog centra kompetentnosti inovativnih zdravstvenih tehnologija pri Medicinskoj \u0161koli Vara\u017edin\u201d.<\/p>\n<p>Provedbom ciljanih aktivnosti projekta uspostavit \u0107e se nova organizacija rada, razvit \u0107e se i unaprijediti provedbe programa redovitoga strukovnog obrazovanja i obrazovanja odraslih, oja\u010dati kapaciteti odgojno\u2013obrazovnih radnika i mentora te promovirati strukovna zanimanja i sam Centar. Elementima vidljivosti o samom projektu i njegovim benefitima informirat \u0107e se i \u0161ira javnost.<\/p>\n<p>Projektom \u0107e se omogu\u0107iti programski, materijalno-tehni\u010dki uvjeti (adekvatno \u0107e se opremiti specijalizirane u\u010dionice i laboratoriji) te sredstva za stru\u010dna usavr\u0161avanja nastavnika i administrativno-tehni\u010dkog osoblja. Time \u0107e se izjedna\u010diti dosada\u0161nji disbalans izme\u0111u obrazovne ponude i kvalitete iste, \u0161to \u0107e doprinijeti zadovoljavanju potreba tr\u017ei\u0161ta rada koje vapi za osobljem prakti\u010dnih vje\u0161tina i kompetencija odre\u0111enoga posla.<\/p>\n<p><span style=\"color: #d90909;\"><strong>VRIJEDNOST PROJEKTA I EU FINANCIRANJE:<\/strong><\/span><\/p>\n<p>Ukupna vrijednost projekta iznosi 6.476.856,86 EUR<strong>. <\/strong><\/p>\n<p>Projekt je sufinancirala Europska unija iz Europskog socijalnog fonda (ESF) kroz operativni program U\u010dinkoviti ljudski potencijali 2014. \u2013 2020.<\/p>\n<p><span style=\"color: #d90909;\"><strong>RAZDOBLJE PROVEDBE PROJEKTA:<\/strong><\/span><\/p>\n<ol start=\"28\">\n<li>2. 2020. \u2013 28. 12. 2023.<\/li>\n<\/ol>\n<p><span style=\"color: #d90909;\"><strong>PLANIRANE PROJEKTNE AKTIVNOSTI:<\/strong><\/span><\/p>\n<ol>\n<li>Uspostava organizacije rada i razvoja regionalnog centra kompetentnosti<\/li>\n<li>Razvoj i\/ili unaprje\u0111enje te provedba programa redovitoga strukovnog obrazovanja, formalnih i neformalnih programa za obrazovanje odraslih u regionalnim centrima kompetentnosti<\/li>\n<li>Ja\u010danje kompetencija odgojno-obrazovnih radnika i mentora zaposlenih kod poslodavaca vezanih za provedbu programa redovitoga strukovnog obrazovanja, odnosno formalnih i neformalnih programa obrazovanja odraslih<\/li>\n<li>Promocija strukovnih zanimanja i rada Centra<\/li>\n<li>Promid\u017eba i vidljivost<\/li>\n<li>Upravljanje projektom i administracija<\/li>\n<\/ol>\n<p><span style=\"color: #d90909;\"><strong>KORISNIK:<\/strong><\/span><\/p>\n<p>Medicinska \u0161kola Vara\u017edin<\/p>\n<p><span style=\"color: #d90909;\"><strong>\u00a0<\/strong><strong>PROJEKTNI PARTNERI:<\/strong><\/span><\/p>\n<ol>\n<li>Vara\u017edinska \u017eupanija<\/li>\n<li>Sveu\u010dili\u0161te Sjever<\/li>\n<li>Srednja \u0161kola \u010cakovec<\/li>\n<li>Srednja \u0161kola Pregrada<\/li>\n<li>Srednja strukovna \u0161kola<\/li>\n<li>VaLMod centar, logopedija, Tatjana Novosel-Herceg, Vara\u017edin, Ante Star\u010devi\u0107a 25<\/li>\n<\/ol>\n<p><span style=\"color: #d90909;\"><strong>KONTAKT OSOBA ZA VI\u0160E INFORMACIJA:<\/strong><\/span><\/p>\n<p>Voditelj projekta:<\/p>\n<p>mr.sc. Mirjana Grabar Kruljac, ravnateljica Medicinske \u0161kole Vara\u017edin<\/p>\n<ul>\n<li>E-mail: <strong><span style=\"color: #0000ff;\"><a style=\"color: #0000ff;\" href=\"mailto:mirjana.grabar-kruljac@medskvz.org\">mirjana.grabar-kruljac@skole.hr<\/a><\/span><\/strong><\/li>\n<li><strong>Tel: +38542492002<\/strong><\/li>\n<\/ul>\n<p><span style=\"color: #d90909;\"><strong>RELEVANTNE INTERNETSKE STRANICE:<\/strong><\/span><\/p>\n<p><span style=\"color: #0000ff;\"><a style=\"color: #0000ff;\" href=\"http:\/\/www.strukturnifondovi.hr\" target=\"_blank\" rel=\"noopener\"><strong>www.strukturnifondovi.hr<\/strong><\/a><\/span><\/p>\n<p><span style=\"color: #0000ff;\"><a style=\"color: #0000ff;\" href=\"http:\/\/www.esf.hr\/operativni-program\/\" target=\"_blank\" rel=\"noopener\"><strong>http:\/\/www.esf.hr\/operativni-program\/<\/strong><\/a><\/span><\/p>\n<p><strong>\u00a0<\/strong>Sadr\u017eaj ove objave isklju\u010diva je odgovornost Medicinske \u0161kole Vara\u017edin.<\/p>\n\n\n\n<p><img loading=\"lazy\" class=\"alignnone  wp-image-10723 colorbox-10924\" src=\"http:\/\/www.medskvz.org\/web\/wp-content\/uploads\/2020\/05\/crta-300x7.jpg\" alt=\"\" width=\"814\" height=\"19\" srcset=\"https:\/\/www.medskvz.org\/web\/wp-content\/uploads\/2020\/05\/crta-300x7.jpg 300w, https:\/\/www.medskvz.org\/web\/wp-content\/uploads\/2020\/05\/crta-768x17.jpg 768w, https:\/\/www.medskvz.org\/web\/wp-content\/uploads\/2020\/05\/crta.jpg 1283w\" sizes=\"(max-width: 814px) 100vw, 814px\" \/><\/p>\n<p>&nbsp;<\/p>\n\n\n\n<div class=\"wp-container-1 is-horizontal is-content-justification-center wp-block-buttons\">\n<div class=\"wp-block-button is-style-outline\"><a class=\"wp-block-button__link has-text-color\" href=\"https:\/\/www.medskvz.org\/web\/clanci-o-projektu\/\" style=\"border-radius:2px;color:#ba0c49\">\u010clanci o projektu<\/a><\/div>\n\n\n\n<div class=\"wp-block-button is-style-outline\"><a class=\"wp-block-button__link has-text-color\" href=\"https:\/\/www.medskvz.org\/web\/poveznica-na-medije\/\" style=\"border-radius:2px;color:#ba0c49\">Poveznice na medije<\/a><\/div>\n<\/div>\n\n\n\n<div style=\"height:114px\" aria-hidden=\"true\" class=\"wp-block-spacer\"><\/div>\n\n\n\n<div class=\"wp-container-2 is-horizontal is-content-justification-center wp-block-buttons\">\n<div class=\"wp-block-button is-style-fill\"><a class=\"wp-block-button__link has-white-background-color has-text-color has-background\" href=\"https:\/\/sspregrada.hr\/eu-fondovi\/\" style=\"border-radius:2px;color:#ba0c49\" target=\"_blank\" rel=\"noopener\">S\u0160 Pregrada<\/a><\/div>\n\n\n\n<div class=\"wp-block-button is-style-fill\"><a class=\"wp-block-button__link has-white-background-color has-text-color has-background\" href=\"http:\/\/ss-cakovec.skole.hr\/vijesti\" style=\"border-radius:2px;color:#ba0c49\" target=\"_blank\" rel=\"noreferrer noopener\">S\u0160 \u010cakovec<\/a><\/div>\n<\/div>\n\n\n\n<div style=\"height:38px\" aria-hidden=\"true\" class=\"wp-block-spacer\"><\/div>\n\n\n\n<hr class=\"wp-block-separator has-css-opacity is-style-wide\"\/>\n\n\n\n<div style=\"height:20px\" aria-hidden=\"true\" class=\"wp-block-spacer\"><\/div>\n\n\n\n<p><img loading=\"lazy\" class=\"alignnone  wp-image-11022 colorbox-10924\" src=\"https:\/\/www.medskvz.org\/web\/wp-content\/uploads\/2020\/10\/emblem-1-300x94.png\" alt=\"\" width=\"581\" height=\"182\" srcset=\"https:\/\/www.medskvz.org\/web\/wp-content\/uploads\/2020\/10\/emblem-1-300x94.png 300w, https:\/\/www.medskvz.org\/web\/wp-content\/uploads\/2020\/10\/emblem-1-1024x322.png 1024w, https:\/\/www.medskvz.org\/web\/wp-content\/uploads\/2020\/10\/emblem-1-768x242.png 768w, https:\/\/www.medskvz.org\/web\/wp-content\/uploads\/2020\/10\/emblem-1.png 1350w\" sizes=\"(max-width: 581px) 100vw, 581px\" \/><\/p>\n","protected":false},"excerpt":{"rendered":"<div class=\"slide-text-bg2\"><span>NAZIV PROJEKTA: Uspostava Regionalnog centra kompetentnosti inovativnih zdravstvenih tehnologija pri Medicinskoj \u0161koli Vara\u017edin, UP.03.3.1.04.0004 CILJEV<\/span><\/div>\n<div class=\"slide-btn-area-sm\"><a href=\"https:\/\/www.medskvz.org\/web\/uspostava-regionalnog-centra-kompetentnosti-inovativnih-zdravstvenih-tehnologija-pri-medicinskoj-skoli-varazdin-up-03-3-1-04-0004\/\" class=\"slide-btn-sm\">Pro\u010ditaj vi\u0161e<\/a><\/div>\n","protected":false},"author":11,"featured_media":0,"parent":0,"menu_order":0,"comment_status":"closed","ping_status":"closed","template":"","meta":[],"_links":{"self":[{"href":"https:\/\/www.medskvz.org\/web\/wp-json\/wp\/v2\/pages\/10924"}],"collection":[{"href":"https:\/\/www.medskvz.org\/web\/wp-json\/wp\/v2\/pages"}],"about":[{"href":"https:\/\/www.medskvz.org\/web\/wp-json\/wp\/v2\/types\/page"}],"author":[{"embeddable":true,"href":"https:\/\/www.medskvz.org\/web\/wp-json\/wp\/v2\/users\/11"}],"replies":[{"embeddable":true,"href":"https:\/\/www.medskvz.org\/web\/wp-json\/wp\/v2\/comments?post=10924"}],"version-history":[{"count":36,"href":"https:\/\/www.medskvz.org\/web\/wp-json\/wp\/v2\/pages\/10924\/revisions"}],"predecessor-version":[{"id":17491,"href":"https:\/\/www.medskvz.org\/web\/wp-json\/wp\/v2\/pages\/10924\/revisions\/17491"}],"wp:attachment":[{"href":"https:\/\/www.medskvz.org\/web\/wp-json\/wp\/v2\/media?parent=10924"}],"curies":[{"name":"wp","href":"https:\/\/api.w.org\/{rel}","templated":true}]}}