{"id":10549,"date":"2020-03-12T22:46:19","date_gmt":"2020-03-12T20:46:19","guid":{"rendered":"http:\/\/www.medskvz.org\/web\/?page_id=10549"},"modified":"2020-04-08T01:14:03","modified_gmt":"2020-04-07T23:14:03","slug":"virtualne-ucionice","status":"publish","type":"page","link":"https:\/\/www.medskvz.org\/web\/virtualne-ucionice\/","title":{"rendered":"Virtualne u\u010dionice"},"content":{"rendered":"<p><img loading=\"lazy\" class=\"size-medium wp-image-10550 aligncenter colorbox-10549\" src=\"http:\/\/www.medskvz.org\/web\/wp-content\/uploads\/2020\/03\/loomen-300x96.jpg\" alt=\"\" width=\"300\" height=\"96\" srcset=\"https:\/\/www.medskvz.org\/web\/wp-content\/uploads\/2020\/03\/loomen-300x96.jpg 300w, https:\/\/www.medskvz.org\/web\/wp-content\/uploads\/2020\/03\/loomen.jpg 471w\" sizes=\"(max-width: 300px) 100vw, 300px\" \/><\/p>\n<p style=\"text-align: center;\"><a href=\"http:\/\/www.medskvz.org\/web\/2020\/03\/raspored-nastave-17-ozujak-2020\/\"><strong>Raspored sati u virtualnim u\u010dionicama<\/strong><\/a><\/p>\n<h2><\/h2>\n<h2 style=\"text-align: center;\"><span style=\"color: #0000ff;\"><strong><a style=\"color: #0000ff;\" href=\"https:\/\/loomen.carnet.hr\/course\/view.php?id=14739\" target=\"_blank\" rel=\"noopener noreferrer\">VIRTUALNA ZBORNICA MEDICINSKE \u0160KOLE VARA\u017dDIN\u00a0<\/a><\/strong><\/span><\/h2>\n<p style=\"text-align: center;\"><span style=\"background-color: #ff6600;\">\u00a0 \u00a0 \u00a0 \u00a0 \u00a0 \u00a0 \u00a0 \u00a0 \u00a0 \u00a0 \u00a0 \u00a0 \u00a0 \u00a0 \u00a0 \u00a0 \u00a0 \u00a0 \u00a0 \u00a0 \u00a0 \u00a0 \u00a0 \u00a0 \u00a0 \u00a0 \u00a0 \u00a0 \u00a0 \u00a0 \u00a0 \u00a0 \u00a0 \u00a0 \u00a0 \u00a0 \u00a0 \u00a0 \u00a0 \u00a0 \u00a0 \u00a0 \u00a0 \u00a0 \u00a0 \u00a0 \u00a0 \u00a0 \u00a0 \u00a0 \u00a0 \u00a0 \u00a0 \u00a0 \u00a0 \u00a0 \u00a0 \u00a0 \u00a0 \u00a0 \u00a0 \u00a0 \u00a0 \u00a0 \u00a0 \u00a0 \u00a0 \u00a0 \u00a0 \u00a0 \u00a0 \u00a0 \u00a0 \u00a0 \u00a0 \u00a0 \u00a0\u00a0<\/span><\/p>\n<h2 style=\"text-align: center;\">VIRTUALNE U\u010cIONICE MEDICINSKE \u0160KOLE VARA\u017dDIN<\/h2>\n<p style=\"text-align: center;\"><span style=\"background-color: #ff6600;\">\u00a0 \u00a0 \u00a0 \u00a0 \u00a0 \u00a0 \u00a0 \u00a0 \u00a0 \u00a0 \u00a0 \u00a0 \u00a0 \u00a0 \u00a0 \u00a0 \u00a0 \u00a0 \u00a0 \u00a0 \u00a0 \u00a0 \u00a0 \u00a0 \u00a0 \u00a0 \u00a0 \u00a0 \u00a0 \u00a0 \u00a0 \u00a0 \u00a0 \u00a0 \u00a0 \u00a0 \u00a0 \u00a0 \u00a0 \u00a0 \u00a0 \u00a0 \u00a0 \u00a0 \u00a0 \u00a0 \u00a0 \u00a0 \u00a0 \u00a0 \u00a0 \u00a0 \u00a0 \u00a0 \u00a0 \u00a0 \u00a0 \u00a0 \u00a0 \u00a0 \u00a0 \u00a0 \u00a0 \u00a0 \u00a0 \u00a0 \u00a0 \u00a0 \u00a0 \u00a0 \u00a0 \u00a0 \u00a0 \u00a0 \u00a0 \u00a0 \u00a0\u00a0<\/span><\/p>\n<h2><strong>1.razredi<\/strong><\/h2>\n<ul>\n<li>\n<h3><strong><span style=\"color: #000080;\"><a style=\"color: #000080;\" href=\"https:\/\/loomen.carnet.hr\/enrol\/index.php?id=14549\" target=\"_blank\" rel=\"noopener noreferrer\">1.A razred<\/a>\u00a0<\/span><\/strong><\/h3>\n<\/li>\n<li>\n<h3><strong><span style=\"color: #000080;\"><a style=\"color: #000080;\" href=\"https:\/\/loomen.carnet.hr\/enrol\/index.php?id=14598\" target=\"_blank\" rel=\"noopener noreferrer\">1.B razred<\/a>\u00a0<\/span><\/strong><\/h3>\n<\/li>\n<li>\n<h3><strong><span style=\"color: #000080;\"><a style=\"color: #000080;\" href=\"https:\/\/loomen.carnet.hr\/enrol\/index.php?id=14599\" target=\"_blank\" rel=\"noopener noreferrer\">1.C razred<\/a>\u00a0<\/span><\/strong><\/h3>\n<\/li>\n<li>\n<h3><strong><span style=\"color: #000080;\"><a style=\"color: #000080;\" href=\"https:\/\/loomen.carnet.hr\/course\/view.php?id=14597\" target=\"_blank\" rel=\"noopener noreferrer\">1.D razred<\/a>\u00a0<\/span><\/strong><\/h3>\n<\/li>\n<\/ul>\n<p style=\"text-align: left;\"><span style=\"background-color: #ff6600;\">\u00a0 \u00a0 \u00a0 \u00a0 \u00a0 \u00a0 \u00a0 \u00a0 \u00a0 \u00a0 \u00a0 \u00a0 \u00a0 \u00a0 \u00a0 \u00a0 \u00a0 \u00a0 \u00a0 \u00a0 \u00a0 \u00a0 \u00a0 \u00a0 \u00a0 \u00a0 \u00a0 \u00a0 \u00a0 \u00a0 \u00a0 \u00a0 \u00a0 \u00a0 \u00a0 \u00a0 \u00a0 \u00a0 \u00a0 \u00a0 \u00a0 \u00a0 \u00a0 \u00a0 \u00a0 \u00a0 \u00a0 \u00a0 \u00a0 \u00a0 \u00a0 \u00a0 \u00a0 \u00a0 \u00a0 \u00a0 \u00a0 \u00a0 \u00a0 \u00a0 \u00a0 \u00a0 \u00a0 \u00a0 \u00a0 \u00a0 \u00a0 \u00a0 \u00a0 \u00a0 \u00a0 \u00a0 \u00a0 \u00a0 \u00a0 \u00a0 \u00a0\u00a0<\/span><\/p>\n<h2><strong>2. razredi<\/strong><\/h2>\n<ul>\n<li>\n<h3><strong><span style=\"color: #000080;\"><a style=\"color: #000080;\" href=\"https:\/\/loomen.carnet.hr\/enrol\/index.php?id=14596\" target=\"_blank\" rel=\"noopener noreferrer\">2.A razred<\/a>\u00a0<\/span><\/strong><\/h3>\n<\/li>\n<li>\n<h3><strong><span style=\"color: #000080;\"><a style=\"color: #000080;\" href=\"https:\/\/loomen.carnet.hr\/enrol\/index.php?id=14600\" target=\"_blank\" rel=\"noopener noreferrer\">2.B razred<\/a>\u00a0<\/span><\/strong><\/h3>\n<\/li>\n<li>\n<h3><strong><span style=\"color: #000080;\"><a style=\"color: #000080;\" href=\"https:\/\/loomen.carnet.hr\/enrol\/index.php?id=14628\" target=\"_blank\" rel=\"noopener noreferrer\">2.C razred<\/a><\/span><\/strong><\/h3>\n<\/li>\n<li>\n<h3><strong><span style=\"color: #000080;\"><a style=\"color: #000080;\" href=\"https:\/\/loomen.carnet.hr\/enrol\/index.php?id=14594\" target=\"_blank\" rel=\"noopener noreferrer\">2.D razred<\/a>\u00a0<\/span><\/strong><\/h3>\n<\/li>\n<li>\n<h3><strong><span style=\"color: #000080;\"><a style=\"color: #000080;\" href=\"https:\/\/loomen.carnet.hr\/course\/view.php?id=14595\" target=\"_blank\" rel=\"noopener noreferrer\">2.E razred<\/a>\u00a0<\/span><\/strong><\/h3>\n<\/li>\n<\/ul>\n<p style=\"text-align: left;\"><span style=\"background-color: #ff6600;\">\u00a0 \u00a0 \u00a0 \u00a0 \u00a0 \u00a0 \u00a0 \u00a0 \u00a0 \u00a0 \u00a0 \u00a0 \u00a0 \u00a0 \u00a0 \u00a0 \u00a0 \u00a0 \u00a0 \u00a0 \u00a0 \u00a0 \u00a0 \u00a0 \u00a0 \u00a0 \u00a0 \u00a0 \u00a0 \u00a0 \u00a0 \u00a0 \u00a0 \u00a0 \u00a0 \u00a0 \u00a0 \u00a0 \u00a0 \u00a0 \u00a0 \u00a0 \u00a0 \u00a0 \u00a0 \u00a0 \u00a0 \u00a0 \u00a0 \u00a0 \u00a0 \u00a0 \u00a0 \u00a0 \u00a0 \u00a0 \u00a0 \u00a0 \u00a0 \u00a0 \u00a0 \u00a0 \u00a0 \u00a0 \u00a0 \u00a0 \u00a0 \u00a0 \u00a0 \u00a0 \u00a0 \u00a0 \u00a0 \u00a0 \u00a0 \u00a0 \u00a0\u00a0<\/span><\/p>\n<h2><strong>3. razredi<\/strong><\/h2>\n<ul>\n<li>\n<h3><strong><span style=\"color: #000080;\"><a style=\"color: #000080;\" href=\"https:\/\/loomen.carnet.hr\/enrol\/index.php?id=14683\" target=\"_blank\" rel=\"noopener noreferrer\">3.A razred<\/a>\u00a0<\/span><\/strong><\/h3>\n<\/li>\n<li>\n<h3><strong><span style=\"color: #000080;\"><a style=\"color: #000080;\" href=\"https:\/\/loomen.carnet.hr\/enrol\/index.php?id=14692\" target=\"_blank\" rel=\"noopener noreferrer\">3.B razred<\/a>\u00a0<\/span><\/strong><\/h3>\n<\/li>\n<li>\n<h3><strong><span style=\"color: #000080;\"><a style=\"color: #000080;\" href=\"https:\/\/loomen.carnet.hr\/enrol\/index.php?id=14680\" target=\"_blank\" rel=\"noopener noreferrer\">3.C razred<\/a>\u00a0<\/span><\/strong><\/h3>\n<\/li>\n<li>\n<h3><strong><span style=\"color: #000080;\"><a style=\"color: #000080;\" href=\"https:\/\/loomen.carnet.hr\/enrol\/index.php?id=14681\" target=\"_blank\" rel=\"noopener noreferrer\">3.D razred<\/a>\u00a0<\/span><\/strong><\/h3>\n<\/li>\n<\/ul>\n<p style=\"text-align: left;\"><span style=\"background-color: #ff6600;\">\u00a0 \u00a0 \u00a0 \u00a0 \u00a0 \u00a0 \u00a0 \u00a0 \u00a0 \u00a0 \u00a0 \u00a0 \u00a0 \u00a0 \u00a0 \u00a0 \u00a0 \u00a0 \u00a0 \u00a0 \u00a0 \u00a0 \u00a0 \u00a0 \u00a0 \u00a0 \u00a0 \u00a0 \u00a0 \u00a0 \u00a0 \u00a0 \u00a0 \u00a0 \u00a0 \u00a0 \u00a0 \u00a0 \u00a0 \u00a0 \u00a0 \u00a0 \u00a0 \u00a0 \u00a0 \u00a0 \u00a0 \u00a0 \u00a0 \u00a0 \u00a0 \u00a0 \u00a0 \u00a0 \u00a0 \u00a0 \u00a0 \u00a0 \u00a0 \u00a0 \u00a0 \u00a0 \u00a0 \u00a0 \u00a0 \u00a0 \u00a0 \u00a0 \u00a0 \u00a0 \u00a0 \u00a0 \u00a0 \u00a0 \u00a0 \u00a0 \u00a0\u00a0<\/span><\/p>\n<h2><strong>4. razredi<\/strong><\/h2>\n<ul>\n<li>\n<h3><strong><span style=\"color: #000080;\"><a style=\"color: #000080;\" href=\"https:\/\/loomen.carnet.hr\/course\/view.php?id=14757\" target=\"_blank\" rel=\"noopener noreferrer\">4.A razred<\/a>\u00a0<\/span><\/strong><\/h3>\n<\/li>\n<li>\n<h3><strong><span style=\"color: #000080;\"><a style=\"color: #000080;\" href=\"https:\/\/loomen.carnet.hr\/enrol\/index.php?id=14685\" target=\"_blank\" rel=\"noopener noreferrer\">4.B razred<\/a><\/span><\/strong><\/h3>\n<\/li>\n<li>\n<h3><strong><span style=\"color: #000080;\"><a style=\"color: #000080;\" href=\"https:\/\/loomen.carnet.hr\/enrol\/index.php?id=14687\" target=\"_blank\" rel=\"noopener noreferrer\">4.C razred<\/a>\u00a0<\/span><\/strong><\/h3>\n<\/li>\n<li>\n<h3><strong><span style=\"color: #000080;\"><a style=\"color: #000080;\" href=\"https:\/\/loomen.carnet.hr\/enrol\/index.php?id=14544\" target=\"_blank\" rel=\"noopener noreferrer\">4.D razred<\/a>\u00a0<\/span><\/strong><\/h3>\n<\/li>\n<li>\n<h3><span style=\"color: #000080;\"><strong><a style=\"color: #000080;\" href=\"https:\/\/loomen.carnet.hr\/enrol\/index.php?id=14548\" target=\"_blank\" rel=\"noopener noreferrer\">4.E razred<\/a><\/strong>\u00a0<\/span><\/h3>\n<\/li>\n<\/ul>\n<p style=\"text-align: left;\"><span style=\"background-color: #ff6600;\">\u00a0 \u00a0 \u00a0 \u00a0 \u00a0 \u00a0 \u00a0 \u00a0 \u00a0 \u00a0 \u00a0 \u00a0 \u00a0 \u00a0 \u00a0 \u00a0 \u00a0 \u00a0 \u00a0 \u00a0 \u00a0 \u00a0 \u00a0 \u00a0 \u00a0 \u00a0 \u00a0 \u00a0 \u00a0 \u00a0 \u00a0 \u00a0 \u00a0 \u00a0 \u00a0 \u00a0 \u00a0 \u00a0 \u00a0 \u00a0 \u00a0 \u00a0 \u00a0 \u00a0 \u00a0 \u00a0 \u00a0 \u00a0 \u00a0 \u00a0 \u00a0 \u00a0 \u00a0 \u00a0 \u00a0 \u00a0 \u00a0 \u00a0 \u00a0 \u00a0 \u00a0 \u00a0 \u00a0 \u00a0 \u00a0 \u00a0 \u00a0 \u00a0 \u00a0 \u00a0 \u00a0 \u00a0 \u00a0 \u00a0 \u00a0 \u00a0 \u00a0\u00a0<\/span><\/p>\n<h2><strong>5. razred<\/strong><\/h2>\n<ul>\n<li>\n<h3><strong><span style=\"color: #000080;\"><a style=\"color: #000080;\" href=\"https:\/\/loomen.carnet.hr\/enrol\/index.php?id=14684\" target=\"_blank\" rel=\"noopener noreferrer\">5.A razred<\/a>\u00a0<\/span><\/strong><\/h3>\n<\/li>\n<\/ul>\n","protected":false},"excerpt":{"rendered":"<div class=\"slide-text-bg2\"><span>Raspored sati u virtualnim u\u010dionicama VIRTUALNA ZBORNICA MEDICINSKE \u0160KOLE VARA\u017dDIN\u00a0 \u00a0 \u00a0 \u00a0 \u00a0 \u00a0 \u00a0 \u00a0 \u00a0 \u00a0 \u00a0 \u00a0 \u00a0 \u00a0 \u00a0 \u00a0 \u00a0 \u00a0 \u00a0 \u00a0 \u00a0 \u00a0 \u00a0 ?<\/span><\/div>\n<div class=\"slide-btn-area-sm\"><a href=\"https:\/\/www.medskvz.org\/web\/virtualne-ucionice\/\" class=\"slide-btn-sm\">Pro\u010ditaj vi\u0161e<\/a><\/div>\n","protected":false},"author":11,"featured_media":0,"parent":0,"menu_order":0,"comment_status":"closed","ping_status":"closed","template":"","meta":[],"_links":{"self":[{"href":"https:\/\/www.medskvz.org\/web\/wp-json\/wp\/v2\/pages\/10549"}],"collection":[{"href":"https:\/\/www.medskvz.org\/web\/wp-json\/wp\/v2\/pages"}],"about":[{"href":"https:\/\/www.medskvz.org\/web\/wp-json\/wp\/v2\/types\/page"}],"author":[{"embeddable":true,"href":"https:\/\/www.medskvz.org\/web\/wp-json\/wp\/v2\/users\/11"}],"replies":[{"embeddable":true,"href":"https:\/\/www.medskvz.org\/web\/wp-json\/wp\/v2\/comments?post=10549"}],"version-history":[{"count":33,"href":"https:\/\/www.medskvz.org\/web\/wp-json\/wp\/v2\/pages\/10549\/revisions"}],"predecessor-version":[{"id":10669,"href":"https:\/\/www.medskvz.org\/web\/wp-json\/wp\/v2\/pages\/10549\/revisions\/10669"}],"wp:attachment":[{"href":"https:\/\/www.medskvz.org\/web\/wp-json\/wp\/v2\/media?parent=10549"}],"curies":[{"name":"wp","href":"https:\/\/api.w.org\/{rel}","templated":true}]}}