{"id":10283,"date":"2020-02-03T11:17:57","date_gmt":"2020-02-03T09:17:57","guid":{"rendered":"http:\/\/www.medskvz.org\/web\/?page_id=10283"},"modified":"2026-04-16T10:52:46","modified_gmt":"2026-04-16T08:52:46","slug":"financijski-dokumenti","status":"publish","type":"page","link":"https:\/\/www.medskvz.org\/web\/financijski-dokumenti\/","title":{"rendered":"Financijski dokumenti"},"content":{"rendered":"\n<h2 style=\"text-align: center;\">~FINANCIJSKI DOKUMENTI ~<\/h2>\n<blockquote>\n<p>FINANCIJSKI DOKUMENTI 2025.<\/p>\n<\/blockquote>\n<ul>\n<li><span style=\"color: #ff0000;\"><strong><a style=\"color: #ff0000;\" href=\"https:\/\/www.medskvz.org\/web\/wp-content\/uploads\/2026\/04\/Obrazlozenje-opceg-dijela-izvjestaja-2025..pdf\">Obrazlo\u017eenje op\u0107eg dijela izvje\u0161taja 2025.<\/a><\/strong><\/span><\/li>\n<li><strong><span style=\"color: #ff0000;\"><a style=\"color: #ff0000;\" href=\"https:\/\/www.medskvz.org\/web\/wp-content\/uploads\/2026\/04\/Obrazlozenje-Posebnog-dijela-izvjestaja-2025..pdf\">Obrazlo\u017eenje Posebnog dijela izvje\u0161taja 2025.<\/a><\/span><\/strong><\/li>\n<li><span style=\"color: #ff0000;\"><strong><a style=\"color: #ff0000;\" href=\"https:\/\/www.medskvz.org\/web\/wp-content\/uploads\/2026\/04\/Godisnje-izvrsenje-FP-2025.-1.pdf\">Godi\u0161nje izvr\u0161enje FP 2025.<\/a><\/strong><\/span><\/li>\n<li><span style=\"color: #ff0000;\"><strong><a style=\"color: #ff0000;\" href=\"https:\/\/www.medskvz.org\/web\/wp-content\/uploads\/2025\/12\/I.-Izmjene-i-dopune-Financijskog-plana-za-2025.-godinu.pdf\">I. Izmjene i dopune Financijskog plana za 2025. godinu<\/a><\/strong><\/span><\/li>\n<li><span style=\"color: #ff0000;\"><strong><a style=\"color: #ff0000;\" href=\"https:\/\/www.medskvz.org\/web\/wp-content\/uploads\/2025\/12\/Obrazlozenje-I.-Izmjena-i-dopuna-Financijskog-plana-za-2025.-godinu.pdf\">Obrazlo\u017eenje I. Izmjena i dopuna Financijskog plana za 2025. godinu<\/a><\/strong><\/span><\/li>\n<li><span style=\"color: #ff0000;\"><strong><a style=\"color: #ff0000;\" href=\"https:\/\/www.medskvz.org\/web\/wp-content\/uploads\/2025\/12\/Financijski-plan-za-2026.-i-projekcije-za-2027.-i-2028.-godinu.pdf\">Financijski plan za 2026. i projekcije za 2027. i 2028. godinu<\/a><\/strong><\/span><\/li>\n<li><span style=\"color: #ff0000;\"><strong><a style=\"color: #ff0000;\" href=\"https:\/\/www.medskvz.org\/web\/wp-content\/uploads\/2025\/12\/Obrazlozenje-Financijskog-plana-za-2026.-i-projekcija-za-2027.-i-2028.-godinu.pdf\">Obrazlo\u017eenje Financijskog plana za 2026. i projekcija za 2027. i 2028. godinu<\/a><\/strong><\/span><\/li>\n<li><strong><a href=\"https:\/\/www.medskvz.org\/web\/wp-content\/uploads\/2025\/01\/Financijski-plan-za-2025.-godinu-i-projekcije-za-2026.-i-2027.-godinu.pdf\"><span style=\"color: #ff0000;\">Financijski<\/span> <span style=\"color: #ff0000;\">plan za 2025. godinu i projekcije za 2026. i 2027. godinu<\/span><\/a><\/strong><\/li>\n<li><span style=\"color: #ff0000;\"><strong><a style=\"color: #ff0000;\" href=\"https:\/\/www.medskvz.org\/web\/wp-content\/uploads\/2025\/01\/Obrazlozenje-Financijskog-plana-za-2025.-godinu.pdf\">Obrazlo\u017eenje Financijskog plana za 2025. godinu<\/a><\/strong><\/span><\/li>\n<li><span style=\"color: #ff0000;\"><strong><a style=\"color: #ff0000;\" href=\"https:\/\/www.medskvz.org\/web\/wp-content\/uploads\/2026\/02\/Financijski-izvjestaj-12-2025.xlsx\">Financijski izvje\u0161taj 12-2025<\/a><\/strong><\/span><\/li>\n<li><span style=\"color: #ff0000;\"><strong><a style=\"color: #ff0000;\" href=\"https:\/\/www.medskvz.org\/web\/wp-content\/uploads\/2026\/02\/Biljeske-uz-financijske-izvjestaje-razine-31-za-I-XII-2025.docx\">Bilje\u0161ke uz financijske izvje\u0161taje razine 31 za I &#8211; XII 2025<\/a><\/strong><\/span><\/li>\n<li><span style=\"color: #ff0000;\"><strong><a style=\"color: #ff0000;\" href=\"https:\/\/www.medskvz.org\/web\/wp-content\/uploads\/2026\/02\/EU-izvjestaj-po-izvorima-financiranja-12-2025.xlsx\">EU izvje\u0161taj po izvorima financiranja 12-2025<\/a><\/strong><\/span><\/li>\n<\/ul>\n<p>\u00a0<\/p>\n<blockquote>\n<p>FINANCIJSKI DOKUMENTI 2024.<\/p>\n<\/blockquote>\n<ul style=\"list-style-type: disc;\">\n<li style=\"list-style-type: none;\">\n<ul style=\"list-style-type: disc;\">\n<li><span style=\"color: #ff0000;\"><strong><a style=\"color: #ff0000;\" href=\"https:\/\/www.medskvz.org\/web\/wp-content\/uploads\/2025\/02\/Financijski-izvjestaj-12-2024-1.xlsx\">Financijski izvje\u0161taj 12-2024<\/a><\/strong><\/span><\/li>\n<li><span style=\"color: #ff0000;\"><strong><a style=\"color: #ff0000;\" href=\"https:\/\/www.medskvz.org\/web\/wp-content\/uploads\/2025\/02\/Biljeske-uz-financijske-izvjestaje-12-2024.pdf\">Bilje\u0161ke uz financijske izvje\u0161taje 12-2024<\/a><\/strong><\/span><\/li>\n<li><span style=\"color: #ff0000;\"><strong><a style=\"color: #ff0000;\" href=\"https:\/\/www.medskvz.org\/web\/wp-content\/uploads\/2025\/01\/Polugodisnji-izvjestaj-o-izvrsenju-financijskog-plana-za-2024.-godinu.pdf\">Polugodi\u0161nji izvje\u0161taj o izvr\u0161enju financijskog plana za 2024. godinu<\/a><\/strong><\/span><\/li>\n<li><span style=\"color: #ff0000;\"><strong><a style=\"color: #ff0000;\" href=\"https:\/\/www.medskvz.org\/web\/wp-content\/uploads\/2025\/01\/Obrazlozenje-Polugodisnjeg-izvjestaja-o-izvrsenju-fin.plana-za-2024.-godinu.pdf\">Obrazlo\u017eenje Polugodi\u0161njeg izvje\u0161taja o izvr\u0161enju fin.plana za 2024. godinu<\/a><\/strong><\/span><\/li>\n<li><span style=\"color: #ff0000;\"><strong><a style=\"color: #ff0000;\" href=\"https:\/\/www.medskvz.org\/web\/wp-content\/uploads\/2025\/01\/Izmjene-i-dopune-Financijskog-plana-za-2024.-godinu-1.pdf\">Izmjene i dopune Financijskog plana za 2024. godinu\u00a0<\/a><\/strong><\/span><\/li>\n<li><span style=\"color: #ff0000;\"><strong><a style=\"color: #ff0000;\" href=\"https:\/\/www.medskvz.org\/web\/wp-content\/uploads\/2025\/01\/Obrazlozenje-Izmjena-i-dopuna-Financijskog-plana-za-2024.godinu-1.pdf\">Obrazlo\u017eenje Izmjena i dopuna Financijskog plana za 2024.godinu\u00a0<\/a><\/strong><\/span><\/li>\n<li><span style=\"color: #ff0000;\"><strong><a style=\"color: #ff0000;\" href=\"https:\/\/www.medskvz.org\/web\/wp-content\/uploads\/2025\/01\/Izmjene-i-dopune-Financijskog-plana-za-2024.-godinu-2.pdf\">Izmjene i dopune Financijskog plana za 2024. godinu\u00a0<\/a><\/strong><\/span><\/li>\n<li><span style=\"color: #ff0000;\"><strong><a style=\"color: #ff0000;\" href=\"https:\/\/www.medskvz.org\/web\/wp-content\/uploads\/2025\/01\/Obrazlozenje-Izmjena-i-dopuna-Financijskog-plana-za-2024.-godinu-2.pdf\">Obrazlo\u017eenje Izmjena i dopuna Financijskog plana za 2024. godinu\u00a0<\/a><\/strong><\/span><\/li>\n<\/ul>\n<\/li>\n<\/ul>\n<p>\u00a0<\/p>\n<p style=\"text-align: center;\">***<\/p>\n<ul style=\"list-style-type: disc;\">\n<li><span style=\"color: #ff0000;\"><strong><a style=\"color: #ff0000;\" href=\"https:\/\/www.medskvz.org\/web\/wp-content\/uploads\/2024\/01\/Financijski-plan-za-2024.-i-projekcije-za-2025.-i-2026..pdf\">Financijski plan za 2024. i projekcije za 2025. i 2026.<\/a><\/strong><\/span><\/li>\n<li><span style=\"color: #ff0000;\"><strong><a style=\"color: #ff0000;\" href=\"https:\/\/www.medskvz.org\/web\/wp-content\/uploads\/2024\/04\/Godisnji-izvjestaj-o-izvrsenju-fin.-plana-za-2023.-godinu-2.pdf\">Godi\u0161nji izvje\u0161taj o izvr\u0161enju fin. plana za 2023. godinu<\/a><\/strong><\/span><\/li>\n<li><span style=\"color: #ff0000;\"><strong><a style=\"color: #ff0000;\" href=\"https:\/\/www.medskvz.org\/web\/wp-content\/uploads\/2024\/04\/1.-Obrazlozenje-Opceg-dijela-izvjestaja-2023..docx\">1. Obrazlo\u017eenje Op\u0107eg dijela izvje\u0161taja 2023.<\/a><\/strong><\/span><\/li>\n<li><span style=\"color: #ff0000;\"><strong><a style=\"color: #ff0000;\" href=\"https:\/\/www.medskvz.org\/web\/wp-content\/uploads\/2024\/04\/2.-Obrazlozenje-Posebnog-dijela-izvjestaja-2023.doc\">2. Obrazlo\u017eenje Posebnog dijela izvje\u0161taja 2023<\/a><\/strong><\/span><\/li>\n<li><span style=\"color: #ff0000;\"><strong><a style=\"color: #ff0000;\" href=\"https:\/\/www.medskvz.org\/web\/wp-content\/uploads\/2024\/01\/Obrazlozenje-Fin.-plana-za-2024.-i-projekcije-za-2025.-i-2026..pdf\">Obrazlo\u017eenje Fin. plana za 2024. i projekcije za 2025. i 2026.<\/a><\/strong><\/span><\/li>\n<li><span style=\"color: #ff0000;\"><strong><a style=\"color: #ff0000;\" href=\"https:\/\/www.medskvz.org\/web\/wp-content\/uploads\/2024\/04\/TRANSPARENTNOST-01-2024.pdf\">TRANSPARENTNOST 01-2024<\/a><\/strong><\/span><\/li>\n<li><span style=\"color: #ff0000;\"><strong><a style=\"color: #ff0000;\" href=\"https:\/\/www.medskvz.org\/web\/wp-content\/uploads\/2024\/04\/TRANSPARENTNOST-02-2024.pdf\">TRANSPARENTNOST 02-2024<\/a><\/strong><\/span><\/li>\n<li><span style=\"color: #ff0000;\"><strong><a style=\"color: #ff0000;\" href=\"https:\/\/www.medskvz.org\/web\/wp-content\/uploads\/2024\/04\/TRANSPARENTNOST-03-2024.pdf\">TRANSPARENTNOST 03-2024<\/a><\/strong><\/span><\/li>\n<li><span style=\"color: #ff0000;\"><strong><a style=\"color: #ff0000;\" href=\"https:\/\/www.medskvz.org\/web\/wp-content\/uploads\/2024\/05\/TRANSPARENTNOST-04-2024.pdf\">TRANSPARENTNOST 04-2024<\/a><\/strong><\/span><\/li>\n<\/ul>\n<blockquote>\n<p>FINANCIJSKI DOKUMENTI 2023.\u00a0<\/p>\n<\/blockquote>\n<ul>\n<li><span style=\"color: #ff0000;\"><strong><a style=\"color: #ff0000;\" href=\"https:\/\/www.medskvz.org\/web\/wp-content\/uploads\/2024\/03\/Financijski_izvjestaj-12-2023.xlsx\">Financijski_izvjestaj 12-2023<\/a><\/strong><\/span><span style=\"color: #ff0000;\"><strong><br \/><\/strong><\/span><\/li>\n<li><span style=\"color: #ff0000;\"><strong><a style=\"color: #ff0000;\" href=\"https:\/\/www.medskvz.org\/web\/wp-content\/uploads\/2024\/03\/Biljeske-uz-financijski-izvjestaj-12-2023.docx\">Bilje\u0161ke uz financijski izvje\u0161taj 12-2023<\/a><\/strong><\/span><\/li>\n<li><span style=\"color: #ff0000;\"><strong><a style=\"color: #ff0000;\" href=\"https:\/\/www.medskvz.org\/web\/wp-content\/uploads\/2024\/03\/Referentna-stranica-12-2023.pdf\">Referentna stranica 12-2023<\/a><\/strong><\/span><\/li>\n<li><span style=\"color: #ff0000;\"><strong><a style=\"color: #ff0000;\" href=\"https:\/\/www.medskvz.org\/web\/wp-content\/uploads\/2024\/03\/Potvrda.xlsx\">Potvrda<\/a><\/strong><\/span><\/li>\n<li><span style=\"color: #ff0000;\"><strong><a style=\"color: #ff0000;\" href=\"https:\/\/www.medskvz.org\/web\/wp-content\/uploads\/2024\/02\/Financijski_izvjestaj_2023.xlsx\">Financijski_izvjestaj_2023<\/a><\/strong><\/span><\/li>\n<li><span style=\"color: #ff0000;\"><strong><a style=\"color: #ff0000;\" href=\"https:\/\/www.medskvz.org\/web\/wp-content\/uploads\/2024\/02\/Potvrda-_o-predanom-Finan.-izvjestaju_2023-12.xlsx\">Potvrda _o predanom Finan. izvje\u0161taju_2023-12<\/a><\/strong><\/span><\/li>\n<li><span style=\"color: #ff0000;\"><strong><a style=\"color: #ff0000;\" href=\"https:\/\/www.medskvz.org\/web\/wp-content\/uploads\/2024\/02\/Biljeske-uz-finan.izvjestaj-2023-12-1.docx\">Bilje\u0161ke uz finan.izvje\u0161taj 2023-12 (1)<\/a><\/strong><\/span><\/li>\n<li><span style=\"color: #ff0000;\"><strong><a style=\"color: #ff0000;\" href=\"https:\/\/www.medskvz.org\/web\/wp-content\/uploads\/2024\/02\/Biljeske-_uz_Finan_izvjestaj_2023-12_scan.pdf\">Bilje\u0161ke _uz_Finan_izvje\u0161taj_2023-12_scan<\/a><\/strong><\/span><\/li>\n<li><span style=\"color: #ff0000;\"><strong><a style=\"color: #ff0000;\" href=\"https:\/\/www.medskvz.org\/web\/wp-content\/uploads\/2024\/02\/Referentna_stranica_Finan_izvj_2023-12_scan.pdf\">Referentna_stranica_Finan_izvj_2023-12_scan<\/a><\/strong><\/span><\/li>\n<\/ul>\n<p style=\"text-align: center;\">***<\/p>\n<blockquote>\n<p>FINANCIJSKI DOKUMENTI 2022.\u00a0<\/p>\n<\/blockquote>\n<ul>\n<li><span style=\"color: #ff0000;\"><strong><a style=\"color: #ff0000;\" href=\"https:\/\/www.medskvz.org\/web\/wp-content\/uploads\/2022\/02\/Financijski-plan-Medicinske-skole-Varazdin_za-2022.-i-projekcij.pdf\">Financijski plan Medicinske \u0161kole Vara\u017edin_za 2022. i projekcij<\/a><\/strong><\/span><\/li>\n<li><span style=\"color: #ff0000;\"><strong><a style=\"color: #ff0000;\" href=\"https:\/\/www.medskvz.org\/web\/wp-content\/uploads\/2022\/02\/Obrazlozenje-Financijskog-plana-Medicinska-skola-Varazdin-2022.pdf\">Obrazlo\u017eenje Financijskog plana -Medicinska \u0161kola Vara\u017edin-2022<\/a><\/strong><\/span><\/li>\n<li><span style=\"color: #ff0000;\"><strong><a style=\"color: #ff0000;\" href=\"https:\/\/www.medskvz.org\/web\/wp-content\/uploads\/2022\/10\/Izmjene-i-dopune-financijskog-plana-za-2022.-.pdf\">Izmjene i dopune financijskog plana za 2022.<\/a><\/strong><\/span><\/li>\n<li><span style=\"color: #ff0000;\"><strong><a style=\"color: #ff0000;\" href=\"https:\/\/www.medskvz.org\/web\/wp-content\/uploads\/2023\/02\/05-086-505-19247-FI-2022.xlsx\">05-086-505-19247-FI-2022<\/a><\/strong><\/span><\/li>\n<li><strong><span style=\"color: #ff0000;\"><a style=\"color: #ff0000;\" href=\"https:\/\/www.medskvz.org\/web\/wp-content\/uploads\/2023\/02\/Biljeske-uz-finan.izvjestaj-2022-12.docx\">Bilje\u0161ke uz finan.izvje\u0161taj 2022-12<\/a><\/span><\/strong><\/li>\n<\/ul>\n<p style=\"text-align: center;\">***<\/p>\n<blockquote>\n<p>FINANCIJSKI DOKUMENTI 2021.\u00a0<\/p>\n<\/blockquote>\n<ul>\n<li><span style=\"color: #ff0000;\"><strong><a style=\"color: #ff0000;\" href=\"https:\/\/www.medskvz.org\/web\/wp-content\/uploads\/2022\/02\/Financijski-izvjestaj-2021.g.xls\">Financijski izvje\u0161taj 2021.g<\/a><\/strong><\/span><\/li>\n<li><span style=\"color: #ff0000;\"><strong><a style=\"color: #ff0000;\" href=\"https:\/\/www.medskvz.org\/web\/wp-content\/uploads\/2022\/02\/Biljeske-uz-Fin.izvj_.-za-2021.g.pdf\">Bilje\u0161ke uz Fin.izvj. za 2021.g<\/a><\/strong><\/span><\/li>\n<li><span style=\"color: #ff0000;\"><a style=\"color: #ff0000;\" href=\"https:\/\/www.medskvz.org\/web\/wp-content\/uploads\/2021\/06\/Plan-nabave-za-2021.-godinu.pdf\"><strong>Plan nabave za 2021. godinu<\/strong><\/a><\/span><\/li>\n<\/ul>\n<p style=\"text-align: center;\">***<\/p>\n<blockquote>\n<p>FINANCIJSKI DOKUMENTI 2020.\u00a0<\/p>\n<\/blockquote>\n<p><strong>Izvje\u0161taj o prihodima i rashodima, primicima i izdacima za 2020. godinu (<a href=\"https:\/\/www.medskvz.org\/web\/wp-content\/uploads\/2021\/02\/Financijski_izvj_2020.pdf\">PDF<\/a> &#8211; <a href=\"https:\/\/www.medskvz.org\/web\/wp-content\/uploads\/2021\/02\/Financijski_izvj_2020.xls\">Excel XLS<\/a>)<\/strong><\/p>\n<ul>\n<li><span style=\"color: #ff0000;\"><strong><a style=\"color: #ff0000;\" href=\"https:\/\/www.medskvz.org\/web\/wp-content\/uploads\/2021\/02\/Biljeske-uz-godisnje-finan.izvjesce-2020.pdf\">Bilje\u0161ke uz godi\u0161nje financijsko izvje\u0161\u0107e za 2020. godinu<\/a><br \/><\/strong><\/span><\/li>\n<li><span style=\"color: #ff0000;\"><strong><a style=\"color: #ff0000;\" href=\"https:\/\/www.medskvz.org\/web\/wp-content\/uploads\/2021\/01\/Prijedlog-financijskog-plana-ustanove-za-2019.-i-projekcije-za-2020.-i-2021.-godinu.pdf\">Prijedlog financijskog plana ustanove za 2019. i projekcije za 2020. i 2021. godinu<\/a><\/strong><\/span><\/li>\n<li><span style=\"color: #ff0000;\"><strong><a style=\"color: #ff0000;\" href=\"https:\/\/www.medskvz.org\/web\/wp-content\/uploads\/2021\/06\/Evidencija-vazecih-ugovora-za-2020.-godinu.pdf\">Evidencija va\u017ee\u0107ih ugovora za 2020. godinu<\/a><\/strong><\/span><\/li>\n<\/ul>\n<p style=\"text-align: center;\">***<\/p>\n<blockquote>\n<p>FINANCIJSKI DOKUMENTI 2019.<\/p>\n<\/blockquote>\n<ul>\n<li>\n<p><span style=\"color: #ff0000;\"><strong><a style=\"color: #ff0000;\" href=\"http:\/\/www.medskvz.org\/web\/wp-content\/uploads\/2020\/02\/BILJE\u0160KE-UZ-FINAN.IZVJE\u0160TAJ-2019-MEDICINSKA-\u0160KOLA-VARA\u017dDIN.docx\">BILJE\u0160KE UZ FINAN.IZVJE\u0160TAJ-2019-MEDICINSKA \u0160KOLA VARA\u017dDIN<\/a><\/strong><\/span><\/p>\n<\/li>\n<li>\n<p><span style=\"color: #ff0000;\"><strong><a style=\"color: #ff0000;\" href=\"http:\/\/www.medskvz.org\/web\/wp-content\/uploads\/2020\/02\/FINAN.IZVJ_.-I.-XII.-2019-ISPRAV.-OBVEZA.xls\">FINAN.IZVJ. I. &#8211; XII. 2019.<\/a><\/strong><\/span><\/p>\n<\/li>\n<li>\n<p><span style=\"color: #ff0000;\"><strong><a style=\"color: #ff0000;\" href=\"http:\/\/www.medskvz.org\/web\/wp-content\/uploads\/2020\/02\/03-Prilog-06.-Obrazac-financijskih-planova-srednjih-\u0161kola-2020-1.xlsx\" target=\"_blank\" rel=\"noopener noreferrer\">Obrazac financijskih planova srednjih \u0161kola 2020.<\/a><\/strong><\/span><\/p>\n<\/li>\n<li>\n<p><span style=\"color: #ff0000;\"><strong><a style=\"color: #ff0000;\" href=\"http:\/\/www.medskvz.org\/web\/wp-content\/uploads\/2020\/02\/PLAN-NABAVE-ZA-2020-\u0160KOLSKI-ODBOR-internet.xls\">PLAN NABAVE ZA 2020-\u0160KOLSKI ODBOR-internet<\/a><\/strong><\/span><\/p>\n<\/li>\n<\/ul>\n","protected":false},"excerpt":{"rendered":"<div class=\"slide-text-bg2\"><span>~FINANCIJSKI DOKUMENTI ~ FINANCIJSKI DOKUMENTI 2025. Obrazlo\u017eenje op\u0107eg dijela izvje\u0161taja 2025. Obrazlo\u017eenje Posebnog dijela izvje\u0161taja 2025. Godi\u0161nj<\/span><\/div>\n<div class=\"slide-btn-area-sm\"><a href=\"https:\/\/www.medskvz.org\/web\/financijski-dokumenti\/\" class=\"slide-btn-sm\">Pro\u010ditaj vi\u0161e<\/a><\/div>\n","protected":false},"author":11,"featured_media":0,"parent":0,"menu_order":0,"comment_status":"closed","ping_status":"closed","template":"","meta":[],"_links":{"self":[{"href":"https:\/\/www.medskvz.org\/web\/wp-json\/wp\/v2\/pages\/10283"}],"collection":[{"href":"https:\/\/www.medskvz.org\/web\/wp-json\/wp\/v2\/pages"}],"about":[{"href":"https:\/\/www.medskvz.org\/web\/wp-json\/wp\/v2\/types\/page"}],"author":[{"embeddable":true,"href":"https:\/\/www.medskvz.org\/web\/wp-json\/wp\/v2\/users\/11"}],"replies":[{"embeddable":true,"href":"https:\/\/www.medskvz.org\/web\/wp-json\/wp\/v2\/comments?post=10283"}],"version-history":[{"count":45,"href":"https:\/\/www.medskvz.org\/web\/wp-json\/wp\/v2\/pages\/10283\/revisions"}],"predecessor-version":[{"id":18728,"href":"https:\/\/www.medskvz.org\/web\/wp-json\/wp\/v2\/pages\/10283\/revisions\/18728"}],"wp:attachment":[{"href":"https:\/\/www.medskvz.org\/web\/wp-json\/wp\/v2\/media?parent=10283"}],"curies":[{"name":"wp","href":"https:\/\/api.w.org\/{rel}","templated":true}]}}