{"id":10223,"date":"2020-01-20T15:16:21","date_gmt":"2020-01-20T13:16:21","guid":{"rendered":"http:\/\/www.medskvz.org\/web\/?page_id=10223"},"modified":"2023-02-14T12:03:17","modified_gmt":"2023-02-14T10:03:17","slug":"zastita-osobnih-podataka","status":"publish","type":"page","link":"https:\/\/www.medskvz.org\/web\/zastita-osobnih-podataka\/","title":{"rendered":"Za\u0161tita osobnih podataka"},"content":{"rendered":"\n<p><strong>Slu\u017ebenik za za\u0161titu podataka<\/strong><\/p>\n<p>Ime i prezime:<\/p>\n<p><strong>Zoran Hercigonja, nastavnik informatike i ra\u010dunalstva<\/strong><\/p>\n<p><u><\/u><u><\/u>e-mail:\u00a0<strong><a href=\"https:\/\/mail.google.com\/mail\/u\/0\/h\/ky6xwc5pqss0\/?&amp;cs=wh&amp;v=b&amp;to=zoran.hercigonja@skole.hr\" target=\"_blank\" rel=\"noopener noreferrer\">zoran.hercigonja@skole.hr<\/a><\/strong><\/p>\n<p>mobitel:<br \/><strong>099\u00a0263 7296\u00a0<\/strong><\/p>\n<p>\u00a0<\/p>\n","protected":false},"excerpt":{"rendered":"<div class=\"slide-text-bg2\"><span>Slu\u017ebenik za za\u0161titu podataka Ime i prezime: Zoran Hercigonja, nastavnik informatike i ra\u010dunalstva e-mail:\u00a0zoran.hercigonja@skole.hr mobitel:099\u00a0263 7<\/span><\/div>\n<div class=\"slide-btn-area-sm\"><a href=\"https:\/\/www.medskvz.org\/web\/zastita-osobnih-podataka\/\" class=\"slide-btn-sm\">Pro\u010ditaj vi\u0161e<\/a><\/div>\n","protected":false},"author":11,"featured_media":0,"parent":0,"menu_order":0,"comment_status":"closed","ping_status":"closed","template":"","meta":[],"_links":{"self":[{"href":"https:\/\/www.medskvz.org\/web\/wp-json\/wp\/v2\/pages\/10223"}],"collection":[{"href":"https:\/\/www.medskvz.org\/web\/wp-json\/wp\/v2\/pages"}],"about":[{"href":"https:\/\/www.medskvz.org\/web\/wp-json\/wp\/v2\/types\/page"}],"author":[{"embeddable":true,"href":"https:\/\/www.medskvz.org\/web\/wp-json\/wp\/v2\/users\/11"}],"replies":[{"embeddable":true,"href":"https:\/\/www.medskvz.org\/web\/wp-json\/wp\/v2\/comments?post=10223"}],"version-history":[{"count":9,"href":"https:\/\/www.medskvz.org\/web\/wp-json\/wp\/v2\/pages\/10223\/revisions"}],"predecessor-version":[{"id":14649,"href":"https:\/\/www.medskvz.org\/web\/wp-json\/wp\/v2\/pages\/10223\/revisions\/14649"}],"wp:attachment":[{"href":"https:\/\/www.medskvz.org\/web\/wp-json\/wp\/v2\/media?parent=10223"}],"curies":[{"name":"wp","href":"https:\/\/api.w.org\/{rel}","templated":true}]}}