{"id":10055,"date":"2019-12-05T14:56:44","date_gmt":"2019-12-05T12:56:44","guid":{"rendered":"http:\/\/www.medskvz.org\/web\/?page_id=10055"},"modified":"2026-01-28T15:32:46","modified_gmt":"2026-01-28T13:32:46","slug":"planovi-nabave","status":"publish","type":"page","link":"https:\/\/www.medskvz.org\/web\/planovi-nabave\/","title":{"rendered":"Planovi nabave"},"content":{"rendered":"\n<p><span style=\"color: #ff0000;\"><a style=\"color: #ff0000;\" href=\"http:\/\/www.medskvz.org\/web\/wp-content\/uploads\/2020\/02\/Plan-Nabave_-MEDICINSKA-\u0139-KOLA-VARA\u0139\u02ddDIN-2020.pdf\" target=\"_blank\" rel=\"noopener noreferrer\">Plan Nabave_ MEDICINSKA \u0160KOLA VARA\u017dDIN &#8211; 2020<\/a><\/span><\/p>\n<p><span style=\"color: #ff0000;\"><a style=\"color: #ff0000;\" href=\"https:\/\/www.medskvz.org\/web\/wp-content\/uploads\/2021\/06\/Plan-Nabave-MEDICINSKA-SKOLA-VARAZDIN-2021.xls\">Plan Nabave MEDICINSKA \u0160KOLA VARA\u017dDIN &#8211; 01.06.2021<\/a><\/span><\/p>\n<p><span style=\"color: #ff0000;\"><a style=\"color: #ff0000;\" href=\"https:\/\/www.medskvz.org\/web\/wp-content\/uploads\/2021\/06\/Rpt_PlanNabave_15062021.pdf\" target=\"_blank\" rel=\"noopener\">Plan Nabave MEDICINSKA \u0160KOLA VARA\u017dDIN \u2013 15.06.2021<\/a><\/span><\/p>\n<p><span style=\"color: #ff0000;\"><a style=\"color: #ff0000;\" href=\"https:\/\/www.medskvz.org\/web\/wp-content\/uploads\/2021\/07\/Plan-Nabave-MEDICINSKA-SKOLA-VARAZDIN-20211.xls\">Plan Nabave MEDICINSKA \u0160KOLA VARA\u017dDIN \u2013 07.07.2021<\/a><\/span><\/p>\n<p><span style=\"color: #ff0000;\"><a style=\"color: #ff0000;\" href=\"https:\/\/www.medskvz.org\/web\/wp-content\/uploads\/2021\/07\/Plan-Nabave-MEDICINSKA-SKOLA-VARAZDIN-20213.xls\" target=\"_blank\" rel=\"noopener\">Plan Nabave MEDICINSKA \u0160KOLA VARA\u017dDIN \u2013 12.07.2021<\/a><\/span><\/p>\n<p><span style=\"color: #ff0000;\"><a style=\"color: #ff0000;\" href=\"https:\/\/www.medskvz.org\/web\/wp-content\/uploads\/2021\/10\/11_10_2021_PlanNabave.xlsx\" target=\"_blank\" rel=\"noopener\">Plan Nabave MEDICINSKA \u0160KOLA VARA\u017dDIN \u2013 11.10.2021<\/a><\/span><\/p>\n<p><span style=\"color: #ff0000;\"><a style=\"color: #ff0000;\" href=\"https:\/\/www.medskvz.org\/web\/wp-content\/uploads\/2021\/11\/08112021_Plan-Nabave_-MEDICINSKA-SKOLA-VARAZDIN-2021.xls\">Plan Nabave MEDICINSKA \u0160KOLA VARA\u017dDIN \u2013 08.11.2021<\/a><\/span><\/p>\n<p><span style=\"color: #ff0000;\"><a style=\"color: #ff0000;\" href=\"https:\/\/www.medskvz.org\/web\/wp-content\/uploads\/2022\/03\/PLAN-JAVNE-NABAVE_MEDICINSKA-SKOLA-VARAZDIN-08.03.2022..xls\">PLAN JAVNE NABAVE_MEDICINSKA \u0160KOLA VARA\u017dDIN 08.03.2022.<\/a><\/span><\/p>\n<p><span style=\"color: #ff0000;\"><a style=\"color: #ff0000;\" href=\"https:\/\/www.medskvz.org\/web\/wp-content\/uploads\/2022\/04\/Plan-javne-nabave-6.4.2022.xlsx\" target=\"_blank\" rel=\"noopener\">PLAN NABAVE MEDICINSKA \u0160KOLA VARA\u017dDIN &#8211; 06.04.2022.<\/a><\/span><\/p>\n<p><span style=\"color: #ff0000;\"><a style=\"color: #ff0000;\" href=\"https:\/\/www.medskvz.org\/web\/wp-content\/uploads\/2022\/05\/Plan-javne-nabave-04052022.xlsx\" target=\"_blank\" rel=\"noopener\">PLAN JAVNE NABAVE MEDICINSKA \u0160KOLA VARA\u017dDIN 04.05.2022.<\/a><\/span><\/p>\n<p><a href=\"https:\/\/www.medskvz.org\/web\/wp-content\/uploads\/2022\/06\/Plan-nabave_RCK_Med_140622.xlsx\">Plan javne nabave Medicinska \u0161kola Vara\u017edin 14.6.2022.<\/a><\/p>\n<p><a href=\"https:\/\/www.medskvz.org\/web\/wp-content\/uploads\/2022\/07\/Rpt_PlanNabave_060722.xlsx\">Plan javne nabave Medicinska \u0161kola Vara\u017edin 6.7.2022.<\/a><\/p>\n<p><a href=\"https:\/\/www.medskvz.org\/web\/wp-content\/uploads\/2022\/10\/PlanNabave_181022.xlsx\">Plan javne nabave Medicinska \u0161kola Vara\u017edin 18.10.2022.<\/a><\/p>\n<p><a href=\"https:\/\/www.medskvz.org\/web\/wp-content\/uploads\/2022\/12\/Rpt_PlanNabave-221222.docx\" target=\"_blank\" rel=\"noopener\">Plan javne nabave Medicinska \u0161kola Vara\u017edin 22.12.2022.<\/a><\/p>\n<p><a href=\"https:\/\/www.medskvz.org\/web\/wp-content\/uploads\/2023\/04\/Plan-Nabave-Medicinska-skola-Varazdin-15032023-1.xls\">Plan-Nabave-Medicinska \u0161kola Vara\u017edin-15.03.2023.<\/a><\/p>\n<p><a href=\"https:\/\/www.medskvz.org\/web\/wp-content\/uploads\/2023\/04\/Plan-Nabave-MEDICINSKA-SKOLA-VARAZDIN-04-2023.xls\">Plan Nabave MEDICINSKA \u0160KOLA VARA\u017dDIN &#8211; 04-2023<\/a><\/p>\n<p><a href=\"https:\/\/www.medskvz.org\/web\/wp-content\/uploads\/2023\/04\/Plan-Nabave-MEDICINSKA-SKOLA-VARAZDIN-20-04-2023-1.xls\">Plan-Nabave-MEDICINSKA-SKOLA-VARAZDIN-20-04-2023<\/a><\/p>\n<p><a href=\"https:\/\/www.medskvz.org\/web\/wp-content\/uploads\/2023\/04\/Plan-Nabave-MEDICINSKA-SKOLA-VARAZDIN-20234.xls\">Plan Nabave MEDICINSKA \u0160KOLA VARA\u017dDIN &#8211; 28.04.2023.<\/a><\/p>\n<p><a href=\"https:\/\/www.medskvz.org\/web\/wp-content\/uploads\/2023\/05\/Plan-Nabave-MEDICINSKA-SKOLA-VARAZDIN-2023_05.xls\">Plan Nabave MEDICINSKA \u0160KOLA VARA\u017dDIN &#8211; 22.05.2023_<\/a><\/p>\n<p><a href=\"https:\/\/www.medskvz.org\/web\/wp-content\/uploads\/2023\/06\/Plan-Nabave-MEDICINSKA-SKOLA-VARAZDIN-30062023.xls\">Plan Nabave MEDICINSKA \u0160KOLA VARA\u017dDIN -30.06.2023<\/a><\/p>\n<p><a href=\"https:\/\/www.medskvz.org\/web\/wp-content\/uploads\/2023\/07\/Plan-Nabave-MEDICINSKA-SKOLA-VARAZDIN-7-2023-1.xls\">Plan Nabave MEDICINSKA \u0160KOLA VARA\u017dDIN \u2013 12-7-2023<\/a><\/p>\n<p><a href=\"https:\/\/www.medskvz.org\/web\/wp-content\/uploads\/2023\/09\/Rpt_PlanNabave-2.docx\">Plan Nabave MEDICINSKA \u0160KOLA VARA\u017dDIN \u2013 1-9-2023<\/a><\/p>\n<p><a href=\"https:\/\/www.medskvz.org\/web\/wp-content\/uploads\/2023\/10\/Plan-Nabave-MEDICINSKA-SKOLA-VARAZDIN-listopad_2023.xls\">Plan Nabave MEDICINSKA \u0160KOLA VARA\u017dDIN &#8211; listopad_2023<\/a><\/p>\n<p><a href=\"https:\/\/www.medskvz.org\/web\/wp-content\/uploads\/2023\/10\/Plan-Nabave-MEDICINSKA-SKOLA-VARAZDIN-311023.xls\">Plan Nabave MEDICINSKA \u0160KOLA VARA\u017dDIN -31.10.2023<\/a><\/p>\n<p><a href=\"https:\/\/www.medskvz.org\/web\/wp-content\/uploads\/2023\/11\/Plan-Nabave-MEDICINSKA-SKOLA-VARAZDIN-06-11-2023.xls\">Plan Nabave MEDICINSKA \u0160KOLA VARA\u017dDIN -06- 11-2023<\/a><\/p>\n<p><a href=\"https:\/\/www.medskvz.org\/web\/wp-content\/uploads\/2023\/12\/Plan-Nabave-MEDICINSKA-SKOLA-VARAZDIN-12-2023.xls\">Plan Nabave MEDICINSKA \u0160KOLA VARA\u017dDIN 12- 2023<\/a><\/p>\n<p><a href=\"https:\/\/www.medskvz.org\/web\/wp-content\/uploads\/2023\/12\/Plan-Nabave-MEDICINSKA-SKOLA-VARAZDIN-202314.xls\">Plan Nabave MEDICINSKA \u0160KOLA VARA\u017dDIN &#8211; 2023(14)<\/a><\/p>\n<p><a href=\"https:\/\/www.medskvz.org\/web\/wp-content\/uploads\/2024\/01\/Plan-nabave-Medicinska-skola-Varazdin-2024.pdf\">Plan nabave Medicinska \u0161kola Vara\u017edin &#8211; 2024<\/a><\/p>\n<p><a href=\"https:\/\/www.medskvz.org\/web\/wp-content\/uploads\/2025\/01\/Plan-nabave-Medicinska-skola-Varazdin-2025.pdf\">Plan nabave Medicinska \u0161kola Vara\u017edin &#8211; 2025<\/a><\/p>\n<p><a href=\"https:\/\/www.medskvz.org\/web\/wp-content\/uploads\/2025\/03\/Izmjene-Plana-nabave-za-2025.-godinu-20.03.2025.pdf\">Izmjene Plana nabave za 2025. godinu -20.03.2025<\/a><\/p>\n<p><a href=\"https:\/\/www.medskvz.org\/web\/wp-content\/uploads\/2026\/01\/Izmjene-Plana-nabave-za-2025.-godinu-21.10.2025.pdf\">Izmjene Plana nabave za 2025. godinu &#8211; 21.10.2025<\/a><\/p>\n<p><a href=\"https:\/\/www.medskvz.org\/web\/wp-content\/uploads\/2026\/01\/Plan-nabave-Medicinska-skola-Varazdin-2026..pdf\">Plan nabave Medicinska \u0161kola Vara\u017edin &#8211; 2026.<\/a><\/p>\n","protected":false},"excerpt":{"rendered":"<div class=\"slide-text-bg2\"><span>Plan Nabave_ MEDICINSKA \u0160KOLA VARA\u017dDIN &#8211; 2020 Plan Nabave MEDICINSKA \u0160KOLA VARA\u017dDIN &#8211; 01.06.2021 Plan Nabave MEDICINSKA \u0160KOLA VARA\u017dDIN ?<\/span><\/div>\n<div class=\"slide-btn-area-sm\"><a href=\"https:\/\/www.medskvz.org\/web\/planovi-nabave\/\" class=\"slide-btn-sm\">Pro\u010ditaj vi\u0161e<\/a><\/div>\n","protected":false},"author":11,"featured_media":0,"parent":0,"menu_order":0,"comment_status":"closed","ping_status":"closed","template":"","meta":[],"_links":{"self":[{"href":"https:\/\/www.medskvz.org\/web\/wp-json\/wp\/v2\/pages\/10055"}],"collection":[{"href":"https:\/\/www.medskvz.org\/web\/wp-json\/wp\/v2\/pages"}],"about":[{"href":"https:\/\/www.medskvz.org\/web\/wp-json\/wp\/v2\/types\/page"}],"author":[{"embeddable":true,"href":"https:\/\/www.medskvz.org\/web\/wp-json\/wp\/v2\/users\/11"}],"replies":[{"embeddable":true,"href":"https:\/\/www.medskvz.org\/web\/wp-json\/wp\/v2\/comments?post=10055"}],"version-history":[{"count":48,"href":"https:\/\/www.medskvz.org\/web\/wp-json\/wp\/v2\/pages\/10055\/revisions"}],"predecessor-version":[{"id":18332,"href":"https:\/\/www.medskvz.org\/web\/wp-json\/wp\/v2\/pages\/10055\/revisions\/18332"}],"wp:attachment":[{"href":"https:\/\/www.medskvz.org\/web\/wp-json\/wp\/v2\/media?parent=10055"}],"curies":[{"name":"wp","href":"https:\/\/api.w.org\/{rel}","templated":true}]}}