{"id":10047,"date":"2022-11-18T14:48:00","date_gmt":"2022-11-18T12:48:00","guid":{"rendered":"http:\/\/www.medskvz.org\/web\/?page_id=10047"},"modified":"2025-10-27T13:06:23","modified_gmt":"2025-10-27T11:06:23","slug":"sprjecavanje-sukoba-interesa","status":"publish","type":"page","link":"https:\/\/www.medskvz.org\/web\/sprjecavanje-sukoba-interesa\/","title":{"rendered":"Sprje\u010davanje sukoba interesa"},"content":{"rendered":"\n\n<p style=\"font-weight: 400;\">Sukladno \u010dlanku 80. stavku 2. Zakona o javnoj nabavi (NN 120\/16, 114\/22), naru\u010ditelj Medicinska \u0161kola Vara\u017edin, na temelju izjava svojih predstavnika, objavljuje popis gospodarskih subjekata s kojima su predstavnici naru\u010ditelja u smislu \u010dlanka 76. stavka 2. to\u010dke 1. ovoga Zakona ili s njim povezane osobe u sukobu interesa:<\/p>\n<p style=\"font-weight: 400;\">\u00a0<\/p>\n<ol>\n<li style=\"font-weight: 400;\">SAVJETOVALI\u0160TE ZA DJECU, ADOLESCENTE I OBITELJ j.d.o.o., \u0110ure Arnolda 3, 42000 Vara\u017edin, OIB: 87828983137<\/li>\n<li style=\"font-weight: 400;\">VARA\u017dDINSKA AGENCIJA ZA MARKETING I PROMID\u017dBU d.o.o. za usluge i putni\u010dka agencija, Stanka Vraza 4, 42000 Vara\u017edin, OIB: 22052350039<\/li>\n<li style=\"font-weight: 400;\">NEW HEALTHCARE d.o.o., \u0110ure Arnolda 3, 42000 Vara\u017edin, OIB: 63110405073<\/li>\n<\/ol>\n<p style=\"font-weight: 400;\">\u00a0<\/p>\n<p style=\"font-weight: 400;\">Sukladno zakonskoj obvezi ova obavijest objavljuje se na mre\u017enoj stranici naru\u010ditelja.<\/p>\n<p style=\"font-weight: 400;\">\u00a0<\/p>","protected":false},"excerpt":{"rendered":"<div class=\"slide-text-bg2\"><span>Sukladno \u010dlanku 80. stavku 2. Zakona o javnoj nabavi (NN 120\/16, 114\/22), naru\u010ditelj Medicinska \u0161kola Vara\u017edin, na temelju izjava svojih predstavnika, <\/span><\/div>\n<div class=\"slide-btn-area-sm\"><a href=\"https:\/\/www.medskvz.org\/web\/sprjecavanje-sukoba-interesa\/\" class=\"slide-btn-sm\">Pro\u010ditaj vi\u0161e<\/a><\/div>\n","protected":false},"author":11,"featured_media":0,"parent":0,"menu_order":0,"comment_status":"closed","ping_status":"closed","template":"","meta":[],"_links":{"self":[{"href":"https:\/\/www.medskvz.org\/web\/wp-json\/wp\/v2\/pages\/10047"}],"collection":[{"href":"https:\/\/www.medskvz.org\/web\/wp-json\/wp\/v2\/pages"}],"about":[{"href":"https:\/\/www.medskvz.org\/web\/wp-json\/wp\/v2\/types\/page"}],"author":[{"embeddable":true,"href":"https:\/\/www.medskvz.org\/web\/wp-json\/wp\/v2\/users\/11"}],"replies":[{"embeddable":true,"href":"https:\/\/www.medskvz.org\/web\/wp-json\/wp\/v2\/comments?post=10047"}],"version-history":[{"count":15,"href":"https:\/\/www.medskvz.org\/web\/wp-json\/wp\/v2\/pages\/10047\/revisions"}],"predecessor-version":[{"id":17941,"href":"https:\/\/www.medskvz.org\/web\/wp-json\/wp\/v2\/pages\/10047\/revisions\/17941"}],"wp:attachment":[{"href":"https:\/\/www.medskvz.org\/web\/wp-json\/wp\/v2\/media?parent=10047"}],"curies":[{"name":"wp","href":"https:\/\/api.w.org\/{rel}","templated":true}]}}